{"id":72213,"date":"2024-07-13T11:27:04","date_gmt":"2024-07-13T11:27:04","guid":{"rendered":"https:\/\/prvi-vfc.org\/web\/?page_id=72213"},"modified":"2026-04-14T03:14:45","modified_gmt":"2026-04-14T03:14:45","slug":"preguntas-y-respuesta","status":"publish","type":"page","link":"https:\/\/prvi-vfc.org\/web\/preguntas-y-respuesta\/","title":{"rendered":"Preguntas y respuesta"},"content":{"rendered":"<p>[et_pb_section fb_built=&#8221;1&#8243; _builder_version=&#8221;4.25.2&#8243; _module_preset=&#8221;default&#8221; custom_padding=&#8221;20px||38px|||&#8221; global_colors_info=&#8221;{}&#8221;][et_pb_row _builder_version=&#8221;4.25.2&#8243; _module_preset=&#8221;default&#8221; custom_padding=&#8221;||3px|||&#8221; global_colors_info=&#8221;{}&#8221;][et_pb_column type=&#8221;4_4&#8243; _builder_version=&#8221;4.25.2&#8243; _module_preset=&#8221;default&#8221; global_colors_info=&#8221;{}&#8221;][et_pb_text _builder_version=&#8221;4.25.2&#8243; _module_preset=&#8221;default&#8221; text_font=&#8221;Mandali||||||||&#8221; animation_style=&#8221;zoom&#8221; animation_intensity_zoom=&#8221;17%&#8221; text_text_shadow_style=&#8221;preset3&#8243; text_text_shadow_color=&#8221;#0C71C3&#8243; global_colors_info=&#8221;{}&#8221;]<\/p>\n<h1 style=\"text-align: center;\"><span style=\"color: #ff0000;\"><strong>Preguntas y Respuestas<\/strong><\/span><\/h1>\n<p>[\/et_pb_text][et_pb_image src=&#8221;https:\/\/prvi-vfc.org\/web\/wp-content\/uploads\/2026\/04\/Sesion-informativa-del-PRVIFC.png&#8221; align=&#8221;center&#8221; _builder_version=&#8221;4.25.2&#8243; _module_preset=&#8221;default&#8221; width=&#8221;90%&#8221; max_width=&#8221;89%&#8221; animation_style=&#8221;zoom&#8221; animation_duration=&#8221;1900ms&#8221; animation_delay=&#8221;1050ms&#8221; animation_intensity_zoom=&#8221;36%&#8221; box_shadow_style=&#8221;preset1&#8243; box_shadow_color=&#8221;#0C71C3&#8243; global_colors_info=&#8221;{}&#8221;][\/et_pb_image][\/et_pb_column][\/et_pb_row][et_pb_row _builder_version=&#8221;4.25.2&#8243; _module_preset=&#8221;default&#8221; global_colors_info=&#8221;{}&#8221;][et_pb_column type=&#8221;4_4&#8243; _builder_version=&#8221;4.25.2&#8243; _module_preset=&#8221;default&#8221; global_colors_info=&#8221;{}&#8221;][et_pb_text _builder_version=&#8221;4.25.2&#8243; _module_preset=&#8221;default&#8221; text_font=&#8221;Mandali||||||||&#8221; text_font_size=&#8221;19px&#8221; custom_margin=&#8221;11px|||||&#8221; animation_style=&#8221;zoom&#8221; animation_intensity_zoom=&#8221;4%&#8221; hover_enabled=&#8221;0&#8243; global_colors_info=&#8221;{}&#8221; sticky_enabled=&#8221;0&#8243;]<\/p>\n<p><span style=\"color: #000000;\"><strong>\u00bfQu\u00e9 es la entidad coordinadora? <\/strong><\/span><\/p>\n<p><strong><span style=\"color: #000080;\">R. La entidad coordinadora es la organizaci\u00f3n voluntaria electa por la comunidad de due\u00f1os de repetidores en Puerto Rico e Islas V\u00edrgenes. La principal funci\u00f3n es garantizar que las frecuencias asignadas seg\u00fan el plan de bandas para uso de repetidores no tengan problemas con interferencias entre otras frecuencias coordinadas y no coordinadas. En Puerto Rico la entidad coordinadora que actualmente est\u00e1 realizando esta labor es Puerto Rico Virgin Islands Volunteer Frequency Coordinators Inc. mejor conocida como <span style=\"color: #ff0000;\">PRVIVFC<\/span>. <\/span><\/strong><\/p>\n<p><span style=\"color: #000000;\"><strong>\u00bfQui\u00e9n puede pertenecer a la entidad coordinadora?<\/strong><\/span><\/p>\n<p><strong><span style=\"color: #000080;\">R. Para pertenecer a la entidad coordinadora debe ser una persona que posea una de esta licencia Technician, General o Extra y ser miembro de la comunidad de trustee. Es requisito ser miembro y tener un repetidor debidamente coordinado por la entidad y por asamblea de sus miembros deciden a trav\u00e9s de votos quienes construir\u00e1n la Junta de miembros de la entidad.<\/span><\/strong><\/p>\n<p><span style=\"color: #000000;\"><strong>\u00bfC\u00f3mo est\u00e1 constituida la junta de la entidad coordinadora?<\/strong><\/span><\/p>\n<p><strong><span style=\"color: #000080;\">R. La junta est\u00e1 constituida por un presidente, un secretario custodio y 5 coordinadores de zonas (norte, sur, oeste y este e Islas V\u00edrgenes).<\/span><\/strong><\/p>\n<p><span style=\"color: #000000;\"><strong>\u00bfCu\u00e1nto tiempo se ratifica la junta existente o se establece una nueva junta?<\/strong><\/span><\/p>\n<p><strong><span style=\"color: #000080;\">R. Seg\u00fan la gu\u00eda operacional se establece de cada 4 a\u00f1os para darle seguimiento a los trabajos de la junta. Para el a\u00f1o 2026 ser\u00e1 la pr\u00f3xima asamblea para ratificar la junta existente o nombrar una nueva junta.<\/span><\/strong><\/p>\n<p><span style=\"color: #000000;\"><strong>\u00bfQu\u00e9 es un repetidor coordinado?<\/strong><\/span><\/p>\n<p><strong><span style=\"color: #000080;\">R. Un repetidor coordinado es aquel que la entidad coordinadora reconoce a un radioaficionado que someti\u00f3 una solicitud de coordinaci\u00f3n para las bandas autorizadas para la instalaci\u00f3n de un repetidor seg\u00fan el plan de bandas que lo acredita como trustee principal con todos los derechos seg\u00fan lo establece la parte 97 y le otorga un certificado de coordinaci\u00f3n.<\/span><\/strong><\/p>\n<p><span style=\"color: #000000;\"><strong>\u00bfQu\u00e9 es un repetidor no coordinado?<\/strong><\/span><\/p>\n<p><span style=\"color: #000080;\"><strong>R. Un repetidor no coordinado no goza del privilegio de la entidad porque no somete ninguna solicitud de coordinaci\u00f3n y no tiene derecho a ser trustee. Se exponen a dar interferencias a otros repetidores donde la FCC puede sancionarlo con multas y penalidades con su licencia como radioaficionado. Se recomienda tener el repetidor coordinado. No tiene privilegios como miembro de due\u00f1os de repetidores en el <span style=\"color: #ff0000;\">PRVIVFC<\/span>.<\/strong><\/span><\/p>\n<p><span style=\"color: #000000;\"><strong>\u00bfA qui\u00e9n le pertenece las frecuencias que se asignan para uso de repetidores?<\/strong><\/span><\/p>\n<p><strong><span style=\"color: #000080;\">R. Las frecuencias que se asignan para uso de repetidores le pertenecen al espectro asignado por la FCC y la entidad es qui\u00e9n organiza para evitar posibles interferencias con otras frecuencias. La entidad emite un certificado de coordinaci\u00f3n seg\u00fan las solicitudes de coordinaci\u00f3n que los radioaficionados o clubes presentan a la entidad otorg\u00e1ndole el privilegio de ser trustee de dicha frecuencia con una vigencia seg\u00fan la gu\u00eda operacional o hasta que suceda estas tres condiciones para nuevamente la frecuencia regrese al banco de frecuencias.<\/span><\/strong><\/p>\n<ul>\n<li><strong><span style=\"color: #000080;\">Que el trustee entregue la frecuencia a la entidad por falta de inter\u00e9s o uso.<\/span><\/strong><\/li>\n<li><strong><span style=\"color: #000080;\">En las validaciones de los estudios realizados por la entidad coordinadora encuentre que la frecuencia coordinada esta fuera del aire y siguiendo los protocolos o procedimientos de la gu\u00eda operacional la junta determine la descoordinaci\u00f3n de la frecuencia.<\/span><\/strong><\/li>\n<li><strong><span style=\"color: #000080;\">La muerte del trustee.<\/span><\/strong><\/li>\n<\/ul>\n<p><span style=\"color: #000000;\"><strong>\u00bfQu\u00e9 derechos tiene los trustees seg\u00fan la gu\u00eda operacional?<\/strong><\/span><\/p>\n<p><span style=\"color: #000080;\"><strong>R. Los trustees tienen los siguientes derechos:<\/strong><\/span><\/p>\n<ul>\n<li><strong><span style=\"color: #000080;\">El trustee representar\u00e1 todos los repetidores coordinados a su nombre<\/span><\/strong><\/li>\n<li><strong><span style=\"color: #000080;\">Asistir, participar en todas las discusiones y debates en todas las Asambleas Ordinarias,<\/span><\/strong><br \/><strong><span style=\"color: #000080;\">Extraordinarias presenciales o virtuales de la organizaci\u00f3n y a votar en todos los asuntos tra\u00eddos<\/span><\/strong><br \/><strong><span style=\"color: #000080;\">para votaci\u00f3n mientras tengan su validaci\u00f3n al d\u00eda. <\/span><\/strong><\/li>\n<li><span style=\"color: #000080;\"><strong>Un voto por cada votaci\u00f3n requerida.<\/strong><\/span><\/li>\n<li><span style=\"color: #000080;\"><strong>Expedirle su tarjeta de identificaci\u00f3n, su certificado de coordinaci\u00f3n y validaci\u00f3n del <span style=\"color: #ff0000;\">PRVIVFC<\/span>.<\/strong><\/span><\/li>\n<li><span style=\"color: #000080;\"><strong>Informarle por v\u00eda de correo electr\u00f3nico o a trav\u00e9s de la p\u00e1gina del <span style=\"color: #ff0000;\">PRVIVFC<\/span> convocaciones a asambleas, asuntos relacionados sobre su repetidor (en forma individual y confidencial).<\/strong><\/span><\/li>\n<li><span style=\"color: #000080;\"><strong>Duplicar su(s) frecuencia(s) en otro sitie(s) sin causar interferencias usando las normas y procedimientos de coordinaciones nuevas para localizar la(s) frecuencia(s) en el otro sitie nuevo autorizado por <span style=\"color: #ff0000;\">PRVIVFC<\/span>.<\/strong><\/span><\/li>\n<\/ul>\n<p><span style=\"color: #000000;\"><strong>\u00bfQu\u00e9 deberes tiene los trustees seg\u00fan la gu\u00eda operacional?<\/strong><\/span><\/p>\n<p><strong><span style=\"color: #000080;\">R. Los trustees tienen los siguientes deberes:<\/span><\/strong><\/p>\n<ul>\n<li><strong><span style=\"color: #000080;\">Cumplir con todas las reglas y reglamentos de la FCC, Parte 97 (comunicaciones) y de la Ley de Comunicaciones de 1934, seg\u00fan enmendada y con cualquiera otra parte como lo requiera la Ley (De haber una orden de apagar un repetidor por la FCC, la frecuencia queda vacante).<\/span><\/strong><\/li>\n<li><strong><span style=\"color: #000080;\">Observar el estricto cumplimiento de los Art\u00edculos de la Gu\u00eda de Operaci\u00f3n seg\u00fan enmendados. Ser\u00e1 requisito indispensable ser \u201ctrustee\u201d de uno \u00f3 m\u00e1s repetidores coordinados para ser parte del <span style=\"color: #ff0000;\">PRVIVFC<\/span>.<\/span><\/strong><\/li>\n<li><strong><span style=\"color: #000080;\">Suministrar informaci\u00f3n correcta al <span style=\"color: #ff0000;\">PRVIVFC<\/span>. Si el trustee suministra informaci\u00f3n incorrecta o incompleta dirigida a enga\u00f1ar en las solicitudes de coordinaci\u00f3n o validaci\u00f3n ser\u00e1 suficiente raz\u00f3n para cancelar cualquier coordinaci\u00f3n (Toda informaci\u00f3n ser\u00e1 confidencial).<\/span><\/strong><\/li>\n<li><strong><span style=\"color: #000080;\">Velar por mantener su(s) repetidor(es) en el aire (ON AIR) e informar\u00e1 al <span style=\"color: #ff0000;\">PRVIVFC<\/span>. Si por alguna raz\u00f3n su(s) repetidor(es) est\u00e1 fuera del aire explicar\u00e1 las razones por estar OFF AIR. La Junta activar\u00e1 el protocolo del procedimiento de la vigencia del repetidor.<\/span><\/strong><\/li>\n<li><strong><span style=\"color: #000080;\">Corregir si causar\u00e9 alguna interferencia con otra frecuencia siguiendo el reglamento de la Parte 97 (Estaciones Repetidoras) lo m\u00e1s antes posible antes que el <span style=\"color: #ff0000;\">PRVIVFC<\/span>. intervenga para ser mediador entre las partes para resolver dicha controversia por interferencia.<\/span><\/strong><\/li>\n<li><strong><span style=\"color: #000080;\">Entregar la(s) frecuencia(s) a el <span style=\"color: #ff0000;\">PRVIVFC <\/span>cuando usted se muda a otro pa\u00eds que usted entienda que no va a tener el control de su repetidor(es) o no desea seguir con la frecuencia. Est\u00e1 prohibido vender un repetidor con la frecuencia ya que las frecuencias no le pertenecen a usted cuando la entrega. Las frecuencias no son vitalicias.<\/span><\/strong><\/li>\n<li><strong><span style=\"color: #000080;\">Llenar los formularios pertinentes cuando usted tenga informar sobre su repetidor los siguientes<br \/>puntos: solicitar nueva coordinaci\u00f3n, en reparaci\u00f3n del repetidor, cambio en la coordinaci\u00f3n<br \/>(localizaci\u00f3n, cambio de acceso, modo de operar (FM \u2013 Digital), si desea duplicar, dar consentimiento<br \/>para el uso de su repetidor para las emergencias y para solicitar la zona de coordinaci\u00f3n del PRZC.<\/span><\/strong><\/li>\n<\/ul>\n<p><span style=\"color: #000000;\"><strong>\u00bfLos trustee pueden vender sus repetidores?<\/strong><\/span><\/p>\n<p><span style=\"color: #000080;\"><strong>R. (SI) Los trustee antes de vender su repetidor deben entregar la frecuencia a la entidad porque no va a ser m\u00e1s trustee de esa frecuencia coordinada y \u00e9l no puede transferir a ning\u00fan otro radioaficionado la frecuencia coordinada sin seguir la gu\u00eda operacional. El trustee debe orientar al compa\u00f1ero radioaficionado que compra el repetidor que debe solicitar una nueva coordinaci\u00f3n para reprogramar el repetidor con la frecuencia asignada por la entidad coordinadora.<\/strong><\/span><\/p>\n<p><span style=\"color: #000080;\"><strong>Nota: Las frecuencias no son transferibles (los trustees tienen que entregarlas porque no les pertenece a ellos solamente se le otorga un certificado de coordinaci\u00f3n para que sean responsable y custodio de dicha frecuencia seg\u00fan el reglamento de la Parte 97).<\/strong><\/span><\/p>\n<p><span style=\"color: #000000;\"><strong>\u00bfQui\u00e9nes pueden usar los repetidores coordinados?<\/strong><\/span><\/p>\n<p><span style=\"color: #000080;\"><strong>R. Pueden usar los repetidores coordinados todos radioaficionados que tengan privilegios seg\u00fan su categor\u00eda de licencia con el permiso de uso del trustee.<\/strong><\/span><\/p>\n<p><span style=\"color: #000000;\"><strong>\u00bfCu\u00e1ndo se enlaza los repetidores?<\/strong><\/span><\/p>\n<p><span style=\"color: #000080;\"><strong>R. Los repetidores se enlaza con el permiso del trustee. Pueden enlazarse de diferentes maneras:<\/strong><\/span><\/p>\n<ul>\n<li><span style=\"color: #000080;\"><strong>Trustee individuales se entrelazan sus repetidores en mutuo acuerdo amistoso.<\/strong><\/span><\/li>\n<li><span style=\"color: #000080;\"><strong>Los clubes entrelazan sus repetidores para sus actividades de grupos y sus nets.\u00a0<\/strong><\/span><\/li>\n<\/ul>\n<p><span style=\"color: #000080;\"><strong>Nota: Siempre se requiere la autorizaci\u00f3n del trustee y est\u00e1 prohibido enlazarse sin autorizaci\u00f3n.<\/strong><\/span><\/p>\n<p><span style=\"color: #000000;\"><strong>\u00bfQu\u00e9 es la gu\u00eda operacional de la entidad coordinadora?<\/strong><\/span><\/p>\n<p><span style=\"color: #000080;\"><strong>R. La gu\u00eda operacional es el documento que la entidad coordinadora usa para dirigir todos sus esfuerzos y trabajos para las frecuencias coordinadas no tengan interferencias y es exclusivamente dirigida a los trustee para garantizar sus derechos siguiendo los protocolos y procedimientos establecidos en dicha gu\u00eda. Se aprueba en asamblea por los miembros que constituyen la comunidad de due\u00f1os de repetidores del <span style=\"color: #ff0000;\">PRVIVFC<\/span>.<\/strong><\/span><\/p>\n<p><span style=\"color: #000000;\"><strong>\u00bfCu\u00e1nto tiempo debe estar un repetidor fuera del aire (OFF AIR)?<\/strong><\/span><\/p>\n<p><span style=\"color: #000080;\"><strong>R. Los repetidores son equipos electr\u00f3nicos que pueden sufrir alguna aver\u00eda. Seg\u00fan la gu\u00eda operacional los trustees tienen que enviar una solitud de reparaci\u00f3n y seg\u00fan el protocolo tendr\u00e1n 90 d\u00edas para tenerlos nuevamente en el aire. Si necesitan m\u00e1s tiempo deben comunicarse con el <span style=\"color: #ff0000;\">PRVIVFC<\/span>.<\/strong><\/span><\/p>\n<p><span style=\"color: #000000;\"><strong>\u00bfLas frecuencias simplex se coordinan?<\/strong><\/span><\/p>\n<p><span style=\"color: #000080;\"><strong>R. Las frecuencias simplex no se coordinan, pero la entidad coordinadora vela por el buen uso de dichas frecuencias que no interfieran con las frecuencias repetidoras.<\/strong><\/span><\/p>\n<p><span style=\"color: #000080;\"><strong><span style=\"color: #000000;\">Nota:<\/span> Se recomienda no instalar alg\u00fan equipo permanente en frecuencias simplex. Si lo instalan deben recordar que las frecuencias simplex todos los radioaficionados tienen el privilegio de usarlas y no pueden prohib\u00edrselo porque entrar\u00edan en violaci\u00f3n a la parte 97.<\/strong><\/span><\/p>\n<p><span style=\"color: #000000;\"><strong>\u00bfD\u00f3nde puedo conseguir el listado oficial de los repetidores coordinados en Puerto Rico e Islas V\u00edrgenes:<\/strong><\/span><\/p>\n<p><span style=\"color: #000080;\"><strong>R. El listado oficial de los repetidores actualizados los consiguen en nuestra p\u00e1gina en el siguiente enlace: <a href=\"https:\/\/prvi-vfc.org\/web\/directorio-de-repetidores-coordinados\/\" target=\"_blank\" rel=\"noopener\">DIRECTORIO DE REPETIDORES PRVIVFC<\/a><\/strong><\/span><\/p>\n<p><span style=\"color: #000080;\"><strong>Nota: En aclaraci\u00f3n el Repeater Book, ARRL RFinder y otros directorios no son directorios oficiales del <span style=\"color: #ff0000;\">PRVIVFC<\/span> (pueden tener informaci\u00f3n obsoleta y no actualizada).<\/strong><\/span><\/p>\n<p><span style=\"color: #000000;\"><strong>\u00bfC\u00f3mo puedo solicitar una frecuencia para montar un repetidor?<\/strong><\/span><\/p>\n<p><span style=\"color: #000080;\"><strong>R. Para solicitar una frecuencia para montar un repetidor debe ir al siguiente enlace: <a href=\"https:\/\/docs.google.com\/forms\/d\/e\/1FAIpQLSe3VAwIOcFQezhc6gFsb8JaHgtlKkEeSRs9H3H9g_DHVBdd8Q\/viewform?usp=pp_url\" target=\"_blank\" rel=\"noopener\">FORMULARIO PARA COORDINACIONES NUEVAS<\/a><\/strong><\/span><\/p>\n<p><span style=\"color: #000000;\"><strong>\u00bfPuedo instalar un repetidor sin coordinar?<\/strong><\/span><\/p>\n<p><span style=\"color: #000080;\"><strong>R. No puede instalar un repetidor sin coordinar. Antes debe solicitar una coordinaci\u00f3n y esperar que te asignen la frecuencia.<\/strong><\/span><\/p>\n<p><span style=\"color: #000000;\"><strong>\u00bfPuedo solicitar una frecuencia de repetidor para un club?<\/strong><\/span><\/p>\n<p><span style=\"color: #000080;\"><strong>R. Si puede solicitar una frecuencia de repetidor para un club con los siguientes requisitos:<\/strong><\/span><\/p>\n<ul>\n<li><span style=\"color: #000080;\"><strong>El club debe estar reconocido en una de las siguientes maneras: &#8211; Estar inscrito en Departamento de Estado. &#8211; Solicitar indicativos de club a trav\u00e9s de FCC (es la recomendada).<\/strong><\/span><\/li>\n<li><span style=\"color: #000080;\"><strong>Tener una directiva<\/strong><\/span><\/li>\n<li><span style=\"color: #000080;\"><strong>Asignar el trustee de la frecuencia.<\/strong><\/span><\/li>\n<\/ul>\n<p><span style=\"color: #000000;\"><strong>\u00bfUn trustee puede entregar su frecuencia?<\/strong><\/span><\/p>\n<p><span style=\"color: #000080;\"><strong>R. (SI) el trustee voluntariamente llenar\u00e1 el formulario certificando la entrega de su frecuencia para que regrese al banco del <span style=\"color: #ff0000;\">PRVIVFC<\/span>\u00a0por las siguientes razones:<\/strong><\/span><\/p>\n<ul>\n<li><span style=\"color: #000080;\"><strong>Falta de inter\u00e9s o uso.<\/strong><\/span><\/li>\n<li><span style=\"color: #000080;\"><strong>Frecuencia no activa (Fuera del aire reportada en uno de los estudios realizados por la entidad coordinadora)<\/strong><\/span><\/li>\n<li><span style=\"color: #000080;\"><strong>Carta enviada por el <span style=\"color: #ff0000;\">PRVIVFC<\/span> descoordinando la frecuencia.<\/strong><\/span><\/li>\n<li><span style=\"color: #000080;\"><strong>Otras razones expresadas por el trustee.<\/strong><\/span><\/li>\n<\/ul>\n<p><span style=\"color: #000000;\"><strong>\u00bfCu\u00e1les son los offset y los canales de separacion de los repetidores utilizado en las diferentes bandas en Puerto Rico?<\/strong><\/span><\/p>\n<p><span style=\"color: #000080;\"><strong>R. Los offset y el canal de separaci\u00f3n utilizados en las bandas en Puerto Rico son:<\/strong><\/span><\/p>\n<p>[\/et_pb_text][et_pb_image src=&#8221;https:\/\/prvi-vfc.org\/web\/wp-content\/uploads\/2026\/04\/ChatGPT-Image-13-abr-2026-23_00_27.png&#8221; _builder_version=&#8221;4.25.2&#8243; _module_preset=&#8221;default&#8221; animation_style=&#8221;zoom&#8221; animation_duration=&#8221;1450ms&#8221; animation_starting_opacity=&#8221;16%&#8221; hover_enabled=&#8221;0&#8243; sticky_enabled=&#8221;0&#8243;][\/et_pb_image][\/et_pb_column][\/et_pb_row][et_pb_row column_structure=&#8221;1_3,1_3,1_3&#8243; _builder_version=&#8221;4.25.2&#8243; _module_preset=&#8221;default&#8221; custom_padding=&#8221;||52px|||&#8221; global_colors_info=&#8221;{}&#8221;][et_pb_column type=&#8221;1_3&#8243; _builder_version=&#8221;4.25.2&#8243; _module_preset=&#8221;default&#8221; global_colors_info=&#8221;{}&#8221;][et_pb_image src=&#8221;https:\/\/prvi-vfc.org\/web\/wp-content\/uploads\/2024\/07\/illustration-graphic-cartoon-character-of-questions-and-answers-business-vector.jpg&#8221; _builder_version=&#8221;4.25.2&#8243; _module_preset=&#8221;default&#8221; animation_style=&#8221;zoom&#8221; global_colors_info=&#8221;{}&#8221;][\/et_pb_image][\/et_pb_column][et_pb_column type=&#8221;1_3&#8243; _builder_version=&#8221;4.25.2&#8243; _module_preset=&#8221;default&#8221; global_colors_info=&#8221;{}&#8221;][et_pb_image src=&#8221;https:\/\/prvi-vfc.org\/web\/wp-content\/uploads\/2024\/07\/pngtree-questionmark-cartoon-character-illustration-question-picture-image_8433091.png&#8221; align=&#8221;center&#8221; _builder_version=&#8221;4.25.2&#8243; _module_preset=&#8221;default&#8221; width=&#8221;76%&#8221; animation_style=&#8221;zoom&#8221; global_colors_info=&#8221;{}&#8221;][\/et_pb_image][\/et_pb_column][et_pb_column type=&#8221;1_3&#8243; _builder_version=&#8221;4.25.2&#8243; _module_preset=&#8221;default&#8221; global_colors_info=&#8221;{}&#8221;][et_pb_image src=&#8221;https:\/\/prvi-vfc.org\/web\/wp-content\/uploads\/2024\/07\/question-and-answer-icon-in-comic-style-dialog-speech-bubble-cartoon-illustration-on-white-isolated-background-forum-chat-splash-effect-business-concept-vector.jpg&#8221; align=&#8221;center&#8221; _builder_version=&#8221;4.25.2&#8243; _module_preset=&#8221;default&#8221; width=&#8221;81%&#8221; animation_style=&#8221;zoom&#8221; global_colors_info=&#8221;{}&#8221;][\/et_pb_image][\/et_pb_column][\/et_pb_row][et_pb_row _builder_version=&#8221;4.25.2&#8243; _module_preset=&#8221;default&#8221; global_colors_info=&#8221;{}&#8221;][et_pb_column type=&#8221;4_4&#8243; _builder_version=&#8221;4.25.2&#8243; _module_preset=&#8221;default&#8221; global_colors_info=&#8221;{}&#8221;][et_pb_text _builder_version=&#8221;4.25.2&#8243; _module_preset=&#8221;default&#8221; text_text_shadow_style=&#8221;preset3&#8243; text_text_shadow_color=&#8221;#0C71C3&#8243; global_colors_info=&#8221;{}&#8221;]<\/p>\n<h2 style=\"text-align: center;\"><strong><span style=\"color: #000080;\">Derechos Reservados 2026<\/span><span>\u00a0<\/span><span style=\"color: #ff0000;\">PRVIVFC<\/span><\/strong><\/h2>\n<p>[\/et_pb_text][\/et_pb_column][\/et_pb_row][\/et_pb_section]<\/p>\n","protected":false},"excerpt":{"rendered":"<p>Preguntas y Respuestas\u00bfQu\u00e9 es la entidad coordinadora? R. La entidad coordinadora es la organizaci\u00f3n voluntaria electa por la comunidad de due\u00f1os de repetidores en Puerto Rico e Islas V\u00edrgenes. La principal funci\u00f3n es garantizar que las frecuencias asignadas seg\u00fan el plan de bandas para uso de repetidores no tengan problemas con interferencias entre otras frecuencias [&hellip;]<\/p>\n","protected":false},"author":2,"featured_media":0,"parent":0,"menu_order":0,"comment_status":"closed","ping_status":"closed","template":"","meta":{"_et_pb_use_builder":"on","_et_pb_old_content":"","_et_gb_content_width":"","footnotes":""},"class_list":["post-72213","page","type-page","status-publish","hentry"],"_links":{"self":[{"href":"https:\/\/prvi-vfc.org\/web\/wp-json\/wp\/v2\/pages\/72213","targetHints":{"allow":["GET"]}}],"collection":[{"href":"https:\/\/prvi-vfc.org\/web\/wp-json\/wp\/v2\/pages"}],"about":[{"href":"https:\/\/prvi-vfc.org\/web\/wp-json\/wp\/v2\/types\/page"}],"author":[{"embeddable":true,"href":"https:\/\/prvi-vfc.org\/web\/wp-json\/wp\/v2\/users\/2"}],"replies":[{"embeddable":true,"href":"https:\/\/prvi-vfc.org\/web\/wp-json\/wp\/v2\/comments?post=72213"}],"version-history":[{"count":21,"href":"https:\/\/prvi-vfc.org\/web\/wp-json\/wp\/v2\/pages\/72213\/revisions"}],"predecessor-version":[{"id":231396,"href":"https:\/\/prvi-vfc.org\/web\/wp-json\/wp\/v2\/pages\/72213\/revisions\/231396"}],"wp:attachment":[{"href":"https:\/\/prvi-vfc.org\/web\/wp-json\/wp\/v2\/media?parent=72213"}],"curies":[{"name":"wp","href":"https:\/\/api.w.org\/{rel}","templated":true}]}}