{"id":72057,"date":"2024-07-11T22:13:33","date_gmt":"2024-07-11T22:13:33","guid":{"rendered":"https:\/\/prvi-vfc.org\/web\/?page_id=72057"},"modified":"2026-04-16T11:16:44","modified_gmt":"2026-04-16T11:16:44","slug":"arrl-no-es-un-coordinador-de-frecuencias","status":"publish","type":"page","link":"https:\/\/prvi-vfc.org\/web\/arrl-no-es-un-coordinador-de-frecuencias\/","title":{"rendered":"ARRL NO ES UN COORDINADOR DE FRECUENCIAS"},"content":{"rendered":"<p>[et_pb_section fb_built=&#8221;1&#8243; _builder_version=&#8221;4.25.2&#8243; _module_preset=&#8221;default&#8221; custom_padding=&#8221;11px||27px|||&#8221; global_colors_info=&#8221;{}&#8221;][et_pb_row _builder_version=&#8221;4.25.2&#8243; _module_preset=&#8221;default&#8221; global_colors_info=&#8221;{}&#8221;][et_pb_column type=&#8221;4_4&#8243; _builder_version=&#8221;4.25.2&#8243; _module_preset=&#8221;default&#8221; global_colors_info=&#8221;{}&#8221;][et_pb_text _builder_version=&#8221;4.25.2&#8243; _module_preset=&#8221;default&#8221; text_font=&#8221;Mandali||||||||&#8221; animation_style=&#8221;zoom&#8221; animation_intensity_zoom=&#8221;19%&#8221; text_text_shadow_style=&#8221;preset3&#8243; text_text_shadow_color=&#8221;#0C71C3&#8243; global_colors_info=&#8221;{}&#8221;]<\/p>\n<h1 style=\"text-align: center;\"><span style=\"color: #000080;\"><strong>Directorios no oficiales<\/strong><\/span><\/h1>\n<p>[\/et_pb_text][et_pb_image src=&#8221;https:\/\/prvi-vfc.org\/web\/wp-content\/uploads\/2026\/04\/Listados-no-oficiales-de-repetidores.png&#8221; align=&#8221;center&#8221; _builder_version=&#8221;4.25.2&#8243; _module_preset=&#8221;default&#8221; width=&#8221;76%&#8221; max_width=&#8221;75%&#8221; module_alignment=&#8221;center&#8221; animation_style=&#8221;zoom&#8221; animation_duration=&#8221;1850ms&#8221; hover_enabled=&#8221;0&#8243; box_shadow_style=&#8221;preset1&#8243; box_shadow_color=&#8221;#0C71C3&#8243; global_colors_info=&#8221;{}&#8221; sticky_enabled=&#8221;0&#8243;][\/et_pb_image][et_pb_text _builder_version=&#8221;4.25.2&#8243; _module_preset=&#8221;default&#8221; text_font=&#8221;Mandali||||||||&#8221; text_text_color=&#8221;#000000&#8243; text_font_size=&#8221;20px&#8221; animation_style=&#8221;zoom&#8221; animation_intensity_zoom=&#8221;17%&#8221; global_colors_info=&#8221;{}&#8221;]<\/p>\n<p><strong><span>\u00a0 \u00a0 <span style=\"color: #000080;\">El ARRL, el RFinder, el Repeater Book y otros listados de repetidores en la web<\/span><\/span><\/strong><span> no tienen que ver nada con las entidades coordinadoras de frecuencias su proposito principal es recolectar i<\/span><span>nformaci\u00f3n <\/span><span>de los diferentes directorios de las entidades coordinadoras en los estados y sus territorios con el fin de publicarlo pero los radioaficionados deben tener cuidado con la informaci\u00f3n presentada porque puede contener errores o que no este actualizada con los directorios oficiales. . <span style=\"color: #ff0000;\"><strong>El Directorio oficial en Puerto Rico\/Islas V\u00edrgenes es el del<\/strong> <\/span><strong><span style=\"color: #ff0000;\">PRVIVFC<\/span>\u00a0<\/strong>es que est\u00e1 actualizado de acuerdo a solicitudes de sus trustees y todo radioaficionado que residen en Puerto Rico e Islas <\/span>V\u00edrgenes <span>debe consultar con este directorio para programar sus equipos correctamente.<\/span><\/p>\n<p><span style=\"color: #003300;\"><strong>Sec. 97.3 Definiciones.<\/strong><\/span><\/p>\n<p><strong><span>(a)<\/span><\/strong><span> Las definiciones y t\u00e9rminos en la Parte 97 son:<br \/>(22) Coordinador de frecuencias- Una entidad, reconocida en un \u00e1rea local \u00f3 regional por radioaficionados cuyas estaciones son elegibles para ser estaciones auxiliares \u00f3 repetidoras, que recomienda los canales para transmitir y recibir y los par\u00e1metros t\u00e9cnicos asociados para estaciones con el prop\u00f3sito de evitar \u00f3 minimizar interferencias potenciales.<\/span><\/p>\n<p><span>Aqui <span style=\"color: #3366ff;\"><strong><em>claramente donde se expresa el ARRL:<\/em><\/strong><\/span><\/span><\/p>\n<p><span>\u00a0 La ARRL no es un Coordinador de Frecuencia, ni la ARRL \u201ccertifica\u201d a los coordinadores. Los coordinadores de frecuencia son voluntarios normalmente designados por un organismo coordinador. La ARRL reporta \u00fanicamente el hecho de coordinaci\u00f3n o no coordinaci\u00f3n seg\u00fan lo instruya el organismo coordinador. La publicaci\u00f3n de la informaci\u00f3n de los coordinadores por parte de la ARRL no constituye ni implica respaldo o reconocimiento de la autoridad de dichos coordinadores, ya que los coordinadores derivan su autoridad de la participaci\u00f3n voluntaria de toda la comunidad de aficionados en las \u00e1reas a las que sirven. Los coordinadores de frecuencia mantienen registros extensos de las frecuencias de entrada, salida y control del repetidor, incluidas las que no est\u00e1n publicadas en directorios (a solicitud del propietario). El coordinador recomendar\u00e1 frecuencias para un repetidor propuesto con el fin de minimizar la interferencia con otros repetidores y operaciones simplex. Por lo tanto, cualquier persona que est\u00e9 considerando la instalaci\u00f3n de un repetidor debe consultar con el coordinador de frecuencia local antes de dicha instalaci\u00f3n.<\/span><\/p>\n<p><span>\u00a0 Vea la lista de grupos o individuos de los Estados Unidos que est\u00e1n activos en la Coordinaci\u00f3n de Frecuencia y son reconocidos, en virtud del reconocimiento que les otorga toda la comunidad de aficionados a la que sirven, como el \u00fanico Coordinador de Frecuencia en sus respectivas jurisdicciones y territorios.\u00a0<\/span><\/p>\n<p><span>\u00a0 Consejo Nacional de Coordinadores de Frecuencias NFCC (Disuelto en 2012) Ya esa entidad no existe.<\/span><\/p>\n<p><span>\u00a0 En la p\u00e1gina del ARRL lo expresa claramente: <a href=\"https:\/\/www.arrl.org\/frequency-coordinators\">https:\/\/www.arrl.org\/frequency-coordinators<\/a><\/span><\/p>\n<p>[\/et_pb_text][\/et_pb_column][\/et_pb_row][et_pb_row _builder_version=&#8221;4.25.2&#8243; _module_preset=&#8221;default&#8221; global_colors_info=&#8221;{}&#8221;][et_pb_column type=&#8221;4_4&#8243; _builder_version=&#8221;4.25.2&#8243; _module_preset=&#8221;default&#8221; global_colors_info=&#8221;{}&#8221;][et_pb_image src=&#8221;https:\/\/prvi-vfc.org\/web\/wp-content\/uploads\/2026\/04\/Listado-de-repetidores-PRVIFC.png&#8221; url=&#8221;https:\/\/prvi-vfc.org\/web\/directorio-de-repetidores-coordinados\/&#8221; url_new_window=&#8221;on&#8221; align=&#8221;center&#8221; _builder_version=&#8221;4.25.2&#8243; _module_preset=&#8221;default&#8221; width=&#8221;88%&#8221; max_width=&#8221;87%&#8221; animation_style=&#8221;zoom&#8221; animation_duration=&#8221;1850ms&#8221; hover_enabled=&#8221;0&#8243; box_shadow_style=&#8221;preset1&#8243; box_shadow_color=&#8221;#0C71C3&#8243; global_colors_info=&#8221;{}&#8221; sticky_enabled=&#8221;0&#8243;][\/et_pb_image][\/et_pb_column][\/et_pb_row][et_pb_row _builder_version=&#8221;4.25.2&#8243; _module_preset=&#8221;default&#8221; global_colors_info=&#8221;{}&#8221;][et_pb_column type=&#8221;4_4&#8243; _builder_version=&#8221;4.25.2&#8243; _module_preset=&#8221;default&#8221; global_colors_info=&#8221;{}&#8221;][et_pb_text _builder_version=&#8221;4.25.2&#8243; _module_preset=&#8221;default&#8221; text_text_shadow_style=&#8221;preset3&#8243; text_text_shadow_color=&#8221;#0C71C3&#8243; global_colors_info=&#8221;{}&#8221;]<\/p>\n<h2 style=\"text-align: center;\"><strong><span style=\"color: #000080;\">Derechos Reservados 2026<\/span><span>\u00a0<\/span><span style=\"color: #ff0000;\">PRVIVFC<\/span><\/strong><\/h2>\n<p>[\/et_pb_text][\/et_pb_column][\/et_pb_row][\/et_pb_section]<\/p>\n","protected":false},"excerpt":{"rendered":"<p>Directorios no oficiales\u00a0 \u00a0 El ARRL, el RFinder, el Repeater Book y otros listados de repetidores en la web no tienen que ver nada con las entidades coordinadoras de frecuencias su proposito principal es recolectar informaci\u00f3n de los diferentes directorios de las entidades coordinadoras en los estados y sus territorios con el fin de publicarlo [&hellip;]<\/p>\n","protected":false},"author":2,"featured_media":0,"parent":0,"menu_order":0,"comment_status":"closed","ping_status":"closed","template":"","meta":{"_et_pb_use_builder":"on","_et_pb_old_content":"","_et_gb_content_width":"","footnotes":""},"class_list":["post-72057","page","type-page","status-publish","hentry"],"_links":{"self":[{"href":"https:\/\/prvi-vfc.org\/web\/wp-json\/wp\/v2\/pages\/72057","targetHints":{"allow":["GET"]}}],"collection":[{"href":"https:\/\/prvi-vfc.org\/web\/wp-json\/wp\/v2\/pages"}],"about":[{"href":"https:\/\/prvi-vfc.org\/web\/wp-json\/wp\/v2\/types\/page"}],"author":[{"embeddable":true,"href":"https:\/\/prvi-vfc.org\/web\/wp-json\/wp\/v2\/users\/2"}],"replies":[{"embeddable":true,"href":"https:\/\/prvi-vfc.org\/web\/wp-json\/wp\/v2\/comments?post=72057"}],"version-history":[{"count":15,"href":"https:\/\/prvi-vfc.org\/web\/wp-json\/wp\/v2\/pages\/72057\/revisions"}],"predecessor-version":[{"id":231453,"href":"https:\/\/prvi-vfc.org\/web\/wp-json\/wp\/v2\/pages\/72057\/revisions\/231453"}],"wp:attachment":[{"href":"https:\/\/prvi-vfc.org\/web\/wp-json\/wp\/v2\/media?parent=72057"}],"curies":[{"name":"wp","href":"https:\/\/api.w.org\/{rel}","templated":true}]}}