{"id":71782,"date":"2024-07-10T15:32:49","date_gmt":"2024-07-10T15:32:49","guid":{"rendered":"https:\/\/prvi-vfc.org\/web\/?page_id=71782"},"modified":"2026-01-22T13:09:29","modified_gmt":"2026-01-22T13:09:29","slug":"guia-operacional","status":"publish","type":"page","link":"https:\/\/prvi-vfc.org\/web\/guia-operacional\/","title":{"rendered":"Gu\u00eda Operacional"},"content":{"rendered":"<p>[et_pb_section fb_built=&#8221;1&#8243; _builder_version=&#8221;4.25.2&#8243; _module_preset=&#8221;default&#8221; custom_margin=&#8221;||-24px|||&#8221; custom_padding=&#8221;24px||28px|||&#8221; global_colors_info=&#8221;{}&#8221;][et_pb_row _builder_version=&#8221;4.25.2&#8243; _module_preset=&#8221;default&#8221; global_colors_info=&#8221;{}&#8221;][et_pb_column type=&#8221;4_4&#8243; _builder_version=&#8221;4.25.2&#8243; _module_preset=&#8221;default&#8221; global_colors_info=&#8221;{}&#8221;][et_pb_text _builder_version=&#8221;4.25.2&#8243; _module_preset=&#8221;default&#8221; custom_padding=&#8221;7px|||||&#8221; animation_style=&#8221;zoom&#8221; animation_intensity_zoom=&#8221;11%&#8221; text_text_shadow_style=&#8221;preset3&#8243; text_text_shadow_color=&#8221;#0C71C3&#8243; box_shadow_style=&#8221;preset1&#8243; box_shadow_color=&#8221;RGBA(255,255,255,0)&#8221; global_colors_info=&#8221;{}&#8221;]<\/p>\n<h1 style=\"text-align: center;\"><span style=\"color: #000080;\"><strong>Gu\u00eda Operacional del PRVIVFC<\/strong><\/span><\/h1>\n<p>[\/et_pb_text][et_pb_text _builder_version=&#8221;4.25.2&#8243; _module_preset=&#8221;default&#8221; text_font=&#8221;Mandali||||||||&#8221; text_text_color=&#8221;#000000&#8243; text_font_size=&#8221;17px&#8221; text_letter_spacing=&#8221;2px&#8221; text_line_height=&#8221;1.8em&#8221; width=&#8221;100%&#8221; custom_margin=&#8221;||0px|||&#8221; custom_padding=&#8221;1px||35px|||&#8221; animation_style=&#8221;zoom&#8221; animation_intensity_zoom=&#8221;10%&#8221; global_colors_info=&#8221;{}&#8221;]<\/p>\n<p><strong>\u00a0 La <span style=\"color: #0000ff;\">Gu\u00eda Operacional<\/span> tiene el principal prop\u00f3sito de tener una Junta que organice la Comunidad de Due\u00f1os de Repetidores de Puerto Rico e Islas V\u00edrgenes trabajando las normas y procedimientos avalados por los due\u00f1os de repetidores coordinados para garantizar la no interferencia entre las frecuencias coordinadas. Aqu\u00ed encontrar\u00e1s lo que usted como due\u00f1o de repetidor debe saber cu\u00e1ndo se le coordina una frecuencia. Es importante estudiarse con mucha responsabilidad estagu\u00eda porque encontrar\u00e1s tus derechos y deberes cuando asumes la responsabilidad como trustee.<\/strong><\/p>\n<p><strong><span>\u00a0 Esta gu\u00eda fue e<span style=\"color: #0000ff;\">nmendada en Asamblea Virtual 2025 con los votos de 64 trustees<\/span> que participaron de esta asamblea. Desde hoy se actualiz\u00f3 las enmiendas seg\u00fan lo expresado por los trustees. La <span style=\"color: #0000ff;\">pr\u00f3xima revisi\u00f3n ser\u00e1 en el a\u00f1o 2030 o si alg\u00fan trustee pide alguna enmienda como lo establece la gu\u00eda operacional<\/span>.<\/span><\/strong><\/p>\n<p><strong><span><span style=\"text-decoration: underline;\"><span style=\"color: #ff0000; text-decoration: underline;\">Nota:<\/span><\/span> Todo trustee debe tener conocimiento completo de lo que establece la gu\u00eda operacional (El desconocimiento de la gu\u00eda no te exime de aplicarla).<\/span><\/strong><\/p>\n<p>[\/et_pb_text][et_pb_text _builder_version=&#8221;4.25.2&#8243; _module_preset=&#8221;default&#8221; custom_margin=&#8221;-11px|||||&#8221; custom_padding=&#8221;7px|||||&#8221; text_text_shadow_style=&#8221;preset3&#8243; text_text_shadow_color=&#8221;#0C71C3&#8243; box_shadow_style=&#8221;preset1&#8243; box_shadow_color=&#8221;RGBA(255,255,255,0)&#8221; global_colors_info=&#8221;{}&#8221;]<\/p>\n<h1 style=\"text-align: center;\"><span style=\"color: #000080;\"><strong>Gu\u00eda Operacional del PRVIVFC<\/strong><\/span><\/h1>\n<p>[\/et_pb_text][\/et_pb_column][\/et_pb_row][et_pb_row column_structure=&#8221;1_2,1_2&#8243; _builder_version=&#8221;4.25.2&#8243; _module_preset=&#8221;default&#8221; custom_margin=&#8221;-39px|auto||auto||&#8221; custom_padding=&#8221;44px|||||&#8221; animation_style=&#8221;zoom&#8221; animation_intensity_zoom=&#8221;10%&#8221; global_colors_info=&#8221;{}&#8221;][et_pb_column type=&#8221;1_2&#8243; _builder_version=&#8221;4.25.2&#8243; _module_preset=&#8221;default&#8221; global_colors_info=&#8221;{}&#8221;][et_pb_image src=&#8221;https:\/\/prvi-vfc.org\/web\/wp-content\/uploads\/2025\/05\/GUIA-OPERACIONAL-REVISADA-ENMENDADA-2025-2030-1-pdf.jpg&#8221; title_text=&#8221;GU\u00cdA OPERACIONAL REVISADA ENMENDADA 2025-2030&#8243; url=&#8221;https:\/\/prvi-vfc.org\/web\/wp-content\/uploads\/2025\/05\/GUIA-OPERACIONAL-REVISADA-ENMENDADA-2025-2030-1.pdf&#8221; url_new_window=&#8221;on&#8221; align=&#8221;center&#8221; _builder_version=&#8221;4.25.2&#8243; _module_preset=&#8221;default&#8221; width=&#8221;55%&#8221; animation_style=&#8221;zoom&#8221; border_width_all=&#8221;3px&#8221; box_shadow_style=&#8221;preset1&#8243; box_shadow_horizontal=&#8221;-2px&#8221; box_shadow_vertical=&#8221;3px&#8221; box_shadow_blur=&#8221;20px&#8221; box_shadow_spread=&#8221;3px&#8221; box_shadow_color=&#8221;#0C71C3&#8243; global_colors_info=&#8221;{}&#8221;][\/et_pb_image][\/et_pb_column][et_pb_column type=&#8221;1_2&#8243; _builder_version=&#8221;4.25.2&#8243; _module_preset=&#8221;default&#8221; global_colors_info=&#8221;{}&#8221;][et_pb_image src=&#8221;https:\/\/prvi-vfc.org\/web\/wp-content\/uploads\/2025\/05\/GUIA-OPERACIONAL-REVISADA-ENMENDADA-2025-2030-INGLES-pdf.jpg&#8221; title_text=&#8221;GU\u00cdA OPERACIONAL REVISADA ENMENDADA 2025-2030 INGLES&#8221; url=&#8221;https:\/\/prvi-vfc.org\/web\/wp-content\/uploads\/2025\/05\/GUIA-OPERACIONAL-REVISADA-ENMENDADA-2025-2030-INGLES-1.pdf&#8221; url_new_window=&#8221;on&#8221; align=&#8221;center&#8221; _builder_version=&#8221;4.25.2&#8243; _module_preset=&#8221;default&#8221; width=&#8221;55%&#8221; animation_style=&#8221;zoom&#8221; border_width_all=&#8221;3px&#8221; box_shadow_style=&#8221;preset1&#8243; box_shadow_color=&#8221;#0C71C3&#8243; global_colors_info=&#8221;{}&#8221;][\/et_pb_image][\/et_pb_column][\/et_pb_row][et_pb_row column_structure=&#8221;1_2,1_2&#8243; _builder_version=&#8221;4.25.2&#8243; _module_preset=&#8221;default&#8221; global_colors_info=&#8221;{}&#8221;][et_pb_column type=&#8221;1_2&#8243; _builder_version=&#8221;4.25.2&#8243; _module_preset=&#8221;default&#8221; global_colors_info=&#8221;{}&#8221;][et_pb_text _builder_version=&#8221;4.25.2&#8243; _module_preset=&#8221;default&#8221; text_text_shadow_style=&#8221;preset3&#8243; text_text_shadow_color=&#8221;#0C71C3&#8243; global_colors_info=&#8221;{}&#8221;]<\/p>\n<h1 style=\"text-align: center;\"><strong>Espa\u00f1ol<\/strong><\/h1>\n<p>[\/et_pb_text][\/et_pb_column][et_pb_column type=&#8221;1_2&#8243; _builder_version=&#8221;4.25.2&#8243; _module_preset=&#8221;default&#8221; global_colors_info=&#8221;{}&#8221;][et_pb_text _builder_version=&#8221;4.25.2&#8243; _module_preset=&#8221;default&#8221; text_text_shadow_style=&#8221;preset3&#8243; text_text_shadow_color=&#8221;#0C71C3&#8243; global_colors_info=&#8221;{}&#8221;]<\/p>\n<h1 style=\"text-align: center;\"><strong>Ingl\u00e9s\u00a0<\/strong><\/h1>\n<p>[\/et_pb_text][\/et_pb_column][\/et_pb_row][et_pb_row _builder_version=&#8221;4.25.2&#8243; _module_preset=&#8221;default&#8221; global_colors_info=&#8221;{}&#8221;][et_pb_column type=&#8221;4_4&#8243; _builder_version=&#8221;4.25.2&#8243; _module_preset=&#8221;default&#8221; global_colors_info=&#8221;{}&#8221;][et_pb_text _builder_version=&#8221;4.25.2&#8243; _module_preset=&#8221;default&#8221; hover_enabled=&#8221;0&#8243; text_text_shadow_style=&#8221;preset3&#8243; text_text_shadow_color=&#8221;#0C71C3&#8243; global_colors_info=&#8221;{}&#8221; sticky_enabled=&#8221;0&#8243;]<\/p>\n<h2 style=\"text-align: center;\"><strong><span style=\"color: #000080;\">Derechos Reservados 2026<\/span><span>\u00a0<\/span><span style=\"color: #ff0000;\">PRVIVFC<\/span><\/strong><\/h2>\n<p>[\/et_pb_text][\/et_pb_column][\/et_pb_row][\/et_pb_section]<\/p>\n","protected":false},"excerpt":{"rendered":"<p>Gu\u00eda Operacional del PRVIVFC\u00a0 La Gu\u00eda Operacional tiene el principal prop\u00f3sito de tener una Junta que organice la Comunidad de Due\u00f1os de Repetidores de Puerto Rico e Islas V\u00edrgenes trabajando las normas y procedimientos avalados por los due\u00f1os de repetidores coordinados para garantizar la no interferencia entre las frecuencias coordinadas. Aqu\u00ed encontrar\u00e1s lo que usted [&hellip;]<\/p>\n","protected":false},"author":2,"featured_media":0,"parent":0,"menu_order":0,"comment_status":"closed","ping_status":"closed","template":"","meta":{"_et_pb_use_builder":"on","_et_pb_old_content":"","_et_gb_content_width":"","footnotes":""},"class_list":["post-71782","page","type-page","status-publish","hentry"],"_links":{"self":[{"href":"https:\/\/prvi-vfc.org\/web\/wp-json\/wp\/v2\/pages\/71782","targetHints":{"allow":["GET"]}}],"collection":[{"href":"https:\/\/prvi-vfc.org\/web\/wp-json\/wp\/v2\/pages"}],"about":[{"href":"https:\/\/prvi-vfc.org\/web\/wp-json\/wp\/v2\/types\/page"}],"author":[{"embeddable":true,"href":"https:\/\/prvi-vfc.org\/web\/wp-json\/wp\/v2\/users\/2"}],"replies":[{"embeddable":true,"href":"https:\/\/prvi-vfc.org\/web\/wp-json\/wp\/v2\/comments?post=71782"}],"version-history":[{"count":23,"href":"https:\/\/prvi-vfc.org\/web\/wp-json\/wp\/v2\/pages\/71782\/revisions"}],"predecessor-version":[{"id":231063,"href":"https:\/\/prvi-vfc.org\/web\/wp-json\/wp\/v2\/pages\/71782\/revisions\/231063"}],"wp:attachment":[{"href":"https:\/\/prvi-vfc.org\/web\/wp-json\/wp\/v2\/media?parent=71782"}],"curies":[{"name":"wp","href":"https:\/\/api.w.org\/{rel}","templated":true}]}}