{"id":71620,"date":"2024-07-10T04:32:18","date_gmt":"2024-07-10T04:32:18","guid":{"rendered":"https:\/\/prvi-vfc.org\/web\/?page_id=71620"},"modified":"2026-04-16T20:53:37","modified_gmt":"2026-04-16T20:53:37","slug":"estudios-de-validaciones","status":"publish","type":"page","link":"https:\/\/prvi-vfc.org\/web\/estudios-de-validaciones\/","title":{"rendered":"Estudios de Validaciones"},"content":{"rendered":"<p>[et_pb_section fb_built=&#8221;1&#8243; _builder_version=&#8221;4.25.2&#8243; _module_preset=&#8221;default&#8221; min_height=&#8221;2244.9px&#8221; custom_padding=&#8221;25px||0px|||&#8221; global_colors_info=&#8221;{}&#8221;][et_pb_row _builder_version=&#8221;4.25.2&#8243; _module_preset=&#8221;default&#8221; global_colors_info=&#8221;{}&#8221;][et_pb_column type=&#8221;4_4&#8243; _builder_version=&#8221;4.25.2&#8243; _module_preset=&#8221;default&#8221; global_colors_info=&#8221;{}&#8221;][et_pb_text _builder_version=&#8221;4.25.2&#8243; _module_preset=&#8221;default&#8221; text_font=&#8221;Mandali||||||||&#8221; animation_style=&#8221;zoom&#8221; animation_intensity_zoom=&#8221;8%&#8221; text_text_shadow_style=&#8221;preset3&#8243; text_text_shadow_color=&#8221;#0C71C3&#8243; global_colors_info=&#8221;{}&#8221;]<\/p>\n<h1 style=\"text-align: center;\"><span style=\"color: #000080;\"><strong>Estudios realizados para las validaciones de los repetidores<\/strong><\/span><\/h1>\n<p>[\/et_pb_text][et_pb_image src=&#8221;https:\/\/prvi-vfc.org\/web\/wp-content\/uploads\/2026\/04\/ChatGPT-Image-12-abr-2026-20_56_37.png&#8221; _builder_version=&#8221;4.25.2&#8243; _module_preset=&#8221;default&#8221; animation_style=&#8221;zoom&#8221; animation_delay=&#8221;200ms&#8221; animation_intensity_zoom=&#8221;5%&#8221; animation_starting_opacity=&#8221;8%&#8221; box_shadow_style=&#8221;preset1&#8243; box_shadow_color=&#8221;#0C71C3&#8243; global_colors_info=&#8221;{}&#8221;][\/et_pb_image][et_pb_text _builder_version=&#8221;4.25.2&#8243; _module_preset=&#8221;default&#8221; text_font_size=&#8221;15px&#8221; animation_style=&#8221;zoom&#8221; animation_intensity_zoom=&#8221;10%&#8221; global_colors_info=&#8221;{}&#8221;]<\/p>\n<p>En esta secci\u00f3n encontrar\u00e1s todo lo <strong><em><span style=\"color: #0000ff;\">referente a los estudios realizados para validar los repetidores con el prop\u00f3sito de actualizar el directorio y enviar los certificados de validaciones a los trustees<\/span>.<\/em><\/strong><\/p>\n<p>Como parte de nuestra responsabilidad como Entidad Coordinadora se comenzar\u00e1 el proceso de validaci\u00f3n de las frecuencias coordinadas. Los trustees ya<strong><span style=\"color: #0000ff;\"> NO tienen que validar sus repetidores desde 2021 la entidad tendr\u00e1 esa responsabilidad<\/span>.<\/strong> Durante los meses de <strong><span style=\"color: #0000ff;\">mayo, junio y julio<\/span> <\/strong>de cada a\u00f1o se realizar\u00e1n los estudios de validaciones. A continuaci\u00f3n, el proceso que la Junta realizar\u00e1 para otorgar el certificado de validaci\u00f3n y aplicar en algunos casos el protocolo seg\u00fan lo que establece la gu\u00eda operacional.<\/p>\n<p><strong>\u2713<\/strong> Los miembros de la Junta <span style=\"color: #ff0000;\"><strong>localizar\u00e1n diferentes lugares altos en los cuatros puntos cardinales<\/strong><\/span> de nuestra Isla para cotejar y verificar las frecuencias coordinadas. Este a\u00f1o aquellas frecuencias verificadas que no est\u00e9n en el aire se realizar\u00e1 una segunda verificaci\u00f3n para estar seguro de no cometer alguna injusticia vamos a ir directamente al pueblo donde se localiza el repetidor seg\u00fan el directorio.<\/p>\n<p><strong>\u2713<\/strong> Se seleccionar\u00e1 diferentes fechas desde los meses de <span style=\"color: #ff0000;\"><strong>mayo, junio y julio<\/strong><\/span> de cada a\u00f1o.<\/p>\n<p><strong>\u2713<\/strong> Se proceder\u00e1 verificar las diferentes frecuencias seg\u00fan punto cardinal (norte, sur, oeste y este e Islas V\u00edrgenes) en los diferentes modos: an\u00e1logos y digitales <span style=\"color: #ff0000;\"><strong>(DMR, C4FM, NXDN, DSTAR<\/strong>)<\/span> usando el tono indicado o todos los tonos, color, slot y talkgroups seg\u00fan como est\u00e1 en el directorio.<\/p>\n<p><strong>\u2713<\/strong> La informaci\u00f3n recopilada se guardar\u00e1 para enviar los certificados para aquellas frecuencias que este <strong>ON AIR <\/strong>y las frecuencias <strong>OFF AIR<\/strong> se enviar\u00e1 a su correo electr\u00f3nico los detalles de la verificaci\u00f3n y se le pedir\u00e1 que completen el siguiente <a href=\"https:\/\/docs.google.com\/forms\/d\/e\/1FAIpQLSdp4Qc3zaBRqYEDhzApRHEWna1KbgmoKZT5Wlb8LteVCxfb9A\/viewform?usp=pp_url\" target=\"_blank\" rel=\"noopener\"><strong>FORMULARIO EXPLICATIVO A REPETIDORES OFF AIR<\/strong><\/a> para que puedan explicar porque la frecuencia esta fuera del aire como lo exige la gu\u00eda operacional (es<br \/>equivalente a la carta informativa y es requisito que completen el formulario para asistirlo).<\/p>\n<p><strong>\u2713<\/strong> Durante los meses de <strong><span style=\"color: #0000ff;\">mayo, junio y julio se enviar\u00e1n los certificados a trav\u00e9s de sus correos electr\u00f3nicos<\/span>.<\/strong><\/p>\n<p>[\/et_pb_text][et_pb_image src=&#8221;https:\/\/prvi-vfc.org\/web\/wp-content\/uploads\/2025\/04\/Modelo-Certificado-2025-26.png&#8221; _builder_version=&#8221;4.25.2&#8243; _module_preset=&#8221;default&#8221; animation_style=&#8221;zoom&#8221; animation_duration=&#8221;1900ms&#8221; animation_intensity_zoom=&#8221;14%&#8221; global_colors_info=&#8221;{}&#8221;][\/et_pb_image][et_pb_text _builder_version=&#8221;4.25.2&#8243; _module_preset=&#8221;default&#8221; text_font_size=&#8221;15px&#8221; animation_style=&#8221;zoom&#8221; animation_intensity_zoom=&#8221;5%&#8221; global_colors_info=&#8221;{}&#8221;]<\/p>\n<p><span>\u00a0 \u00a0 Este a\u00f1o durante el proceso de validaci\u00f3n de repetidores vamos a trabajar en una forma m\u00e1s espec\u00edfica con aquellos repetidores que se encuentren fuera del aire <strong>(OFF AIR)<\/strong>. En a\u00f1o anteriores <strong><em>hemos notado que algunos trustees tiene sus frecuencias en el aire despu\u00e9s de la validaci\u00f3n muy poco tiempo en el aire dando paso a tenerlos fuera del aire m\u00e1s tiempo. Se har\u00e1 una comparativa de esas frecuencias para poder ver si hay un patr\u00f3n repetitivo que evidencie que el trustee no sigue los procesos de la gu\u00eda operacional<\/em><\/strong>. En los meses de mayo, junio y julio se cotejar\u00e1 en lugares altos pero lo que encontremos fuera del aire vamos a llegar hasta el pueblo que est\u00e1 coordinado para no cometer ninguna injusticia. <strong><em>Es bueno recordarle que si un trustee ha dado informaci\u00f3n incorrecta en nuestro database o directorio se exponen a un proceso de descoordinaci\u00f3n siguiendo el protocolo de 60 d\u00edas para tener su frecuencia en el aire como lo exige la gu\u00eda operacional sino nos veremos a proceder a la descoordinaci\u00f3n<\/em><\/strong>. Es bueno que usted revise en el directorio si su(s) frecuencia(s) la informaci\u00f3n es la correcta. En el siguiente enlace puede verificar su informaci\u00f3n: <a href=\"https:\/\/prvi-vfc.org\/web\/directorio-de-repetidores-coordinados\/\" target=\"_blank\" rel=\"noopener\"><strong>DIRECTORIO DE REPETIDORES 2025-26.<\/strong><\/a> A cadatrustee que tenga la frecuencia fuera del aire se le enviar\u00e1 por correo electr\u00f3nico una carta explic\u00e1ndole todos los detalles de la verificaci\u00f3n donde habr\u00e1 un enlace para que usted lo llene explicando las razones porque su frecuencia esta fuera del aire.<\/span><\/p>\n<p><span>Ver el formulario: <a href=\"https:\/\/docs.google.com\/forms\/d\/e\/1FAIpQLSdp4Qc3zaBRqYEDhzApRHEWna1KbgmoKZT5Wlb8LteVCxfb9A\/viewform?usp=pp_url\" target=\"_blank\" rel=\"noopener\"><strong>FORMULARIO EXPLICATIVO DE REPETIDORES<\/strong><\/a> OFF AIR (equivalente a la carta explicativa seg\u00fan la gu\u00eda operacional). Aqu\u00ed le presentamos el modelo de la carta que usted recibir\u00e1 si encontramos su frecuencia fuera del aire (se enviar\u00e1 evidencia mostrando la verificaci\u00f3n).<\/span><\/p>\n<p>[\/et_pb_text][et_pb_image src=&#8221;https:\/\/prvi-vfc.org\/web\/wp-content\/uploads\/2025\/04\/Carta-2025-26.png&#8221; _builder_version=&#8221;4.25.2&#8243; _module_preset=&#8221;default&#8221; animation_style=&#8221;zoom&#8221; animation_intensity_zoom=&#8221;9%&#8221; border_width_all=&#8221;3px&#8221; box_shadow_style=&#8221;preset1&#8243; box_shadow_color=&#8221;#0C71C3&#8243; global_colors_info=&#8221;{}&#8221;][\/et_pb_image][et_pb_text _builder_version=&#8221;4.25.2&#8243; _module_preset=&#8221;default&#8221; text_font_size=&#8221;15px&#8221; custom_margin=&#8221;||62px|||&#8221; animation_style=&#8221;zoom&#8221; animation_intensity_zoom=&#8221;4%&#8221; global_colors_info=&#8221;{}&#8221;]<\/p>\n<p><span>\u00a0 \u00a0Este a\u00f1o los repetidores digitales se cotejar\u00e1n usando la informaci\u00f3n provista de los trustees especialmente los <strong><em>repetidores DMR que hemos visto que algunos ya no est\u00e1n en las redes principales y queremos comprobar si la frecuencia est\u00e1 para el uso local en forma digital. Si encontramos algunos que aparentan estar fuera del aire se le enviar\u00e1 un correo electr\u00f3nico<br \/>para que nos explique como podemos acceder al repetidor<\/em><\/strong>. Es bien importante a los trustee que tienen repetidores digitales que esta prohibido usar su frecuencia coordinada en un hotspot ya que la frecuencia es para mantenerla en un repetidor porque los hotspot son de<br \/>baja potencia y los repetidores son para usarlos para extender cobertura.<\/span><\/p>\n<p><span>\u00a0 Esta entidad est\u00e1 comprometida a servirle en una forma voluntaria, de respeto y principalmente muy profesional usando siempre el lado humano que nos distinguen como radioaficionados de nuestra bella Isla del Encanto. Cualquier duda pueden comunicarse con nosotros o enviarnos un correo electr\u00f3nico.<\/span><\/p>\n<p><span>\u00a0 A continuaci\u00f3n les presentamos los <strong><em>diferentes estudios realizados con el compromiso de la transparencia<\/em><\/strong> en nuestros trabajos realizados.<\/span><\/p>\n<p>[\/et_pb_text][et_pb_text _builder_version=&#8221;4.25.2&#8243; _module_preset=&#8221;default&#8221; text_font=&#8221;Mandali||||||||&#8221; animation_style=&#8221;zoom&#8221; animation_intensity_zoom=&#8221;8%&#8221; text_text_shadow_style=&#8221;preset3&#8243; text_text_shadow_color=&#8221;#0C71C3&#8243; global_colors_info=&#8221;{}&#8221;]<\/p>\n<h1 style=\"text-align: center;\"><span style=\"color: #000080;\"><strong>Estudios realizados para las validaciones de los repetidores<\/strong><\/span><\/h1>\n<p>[\/et_pb_text][\/et_pb_column][\/et_pb_row][et_pb_row column_structure=&#8221;1_3,1_3,1_3&#8243; _builder_version=&#8221;4.25.2&#8243; _module_preset=&#8221;default&#8221; global_colors_info=&#8221;{}&#8221;][et_pb_column type=&#8221;1_3&#8243; _builder_version=&#8221;4.25.2&#8243; _module_preset=&#8221;default&#8221; global_colors_info=&#8221;{}&#8221;][et_pb_image src=&#8221;https:\/\/prvi-vfc.org\/web\/wp-content\/uploads\/2026\/04\/Logo-de-validacion-de-frecuencias.png&#8221; url=&#8221;https:\/\/prvi-vfc.org\/web\/wp-content\/uploads\/2024\/07\/CARTA-DEL-ESTUDIO-COMPLETADO-A-LOS-TRUSTEE.pdf&#8221; url_new_window=&#8221;on&#8221; _builder_version=&#8221;4.25.2&#8243; _module_preset=&#8221;default&#8221; animation_style=&#8221;zoom&#8221; global_colors_info=&#8221;{}&#8221;][\/et_pb_image][\/et_pb_column][et_pb_column type=&#8221;1_3&#8243; _builder_version=&#8221;4.25.2&#8243; _module_preset=&#8221;default&#8221; global_colors_info=&#8221;{}&#8221;][et_pb_image src=&#8221;https:\/\/prvi-vfc.org\/web\/wp-content\/uploads\/2026\/04\/Logo-de-validacion-de-frecuencias.png&#8221; url=&#8221;https:\/\/prvi-vfc.org\/web\/wp-content\/uploads\/2024\/07\/CARTA-DEL-SEGUNDO-ESTUDIO-COMPLETADO-A-LOS-TRUSTEE.pdf&#8221; url_new_window=&#8221;on&#8221; _builder_version=&#8221;4.25.2&#8243; _module_preset=&#8221;default&#8221; animation_style=&#8221;zoom&#8221; global_colors_info=&#8221;{}&#8221;][\/et_pb_image][\/et_pb_column][et_pb_column type=&#8221;1_3&#8243; _builder_version=&#8221;4.25.2&#8243; _module_preset=&#8221;default&#8221; global_colors_info=&#8221;{}&#8221;][et_pb_image src=&#8221;https:\/\/prvi-vfc.org\/web\/wp-content\/uploads\/2026\/04\/Logo-de-validacion-de-frecuencias.png&#8221; url=&#8221;https:\/\/prvi-vfc.org\/web\/wp-content\/uploads\/2024\/07\/CARTA-DEL-TERCER-ESTUDIO-COMPLETADO-A-LOS-TRUSTEE.pdf%20&#8243; url_new_window=&#8221;on&#8221; _builder_version=&#8221;4.25.2&#8243; _module_preset=&#8221;default&#8221; animation_style=&#8221;zoom&#8221; global_colors_info=&#8221;{}&#8221;][\/et_pb_image][\/et_pb_column][\/et_pb_row][et_pb_row column_structure=&#8221;1_3,1_3,1_3&#8243; _builder_version=&#8221;4.25.2&#8243; _module_preset=&#8221;default&#8221; custom_padding=&#8221;0px|||||&#8221; global_colors_info=&#8221;{}&#8221;][et_pb_column type=&#8221;1_3&#8243; _builder_version=&#8221;4.25.2&#8243; _module_preset=&#8221;default&#8221; global_colors_info=&#8221;{}&#8221;][et_pb_text _builder_version=&#8221;4.25.2&#8243; _module_preset=&#8221;default&#8221; text_font_size=&#8221;15px&#8221; text_line_height=&#8221;1.9em&#8221; text_text_shadow_style=&#8221;preset1&#8243; text_text_shadow_horizontal_length=&#8221;0.13em&#8221; text_text_shadow_vertical_length=&#8221;0.08em&#8221; text_text_shadow_color=&#8221;#0C71C3&#8243; global_colors_info=&#8221;{}&#8221;]<\/p>\n<h1 style=\"text-align: center;\"><span style=\"color: #ff0000;\"><strong>Primer Estudio de Validaciones 2020<\/strong><\/span><\/h1>\n<h3><strong>\u00a0 \u00a0 \u00a0 \u00a0 \u00a0\u00a0<\/strong><\/h3>\n<p>[\/et_pb_text][\/et_pb_column][et_pb_column type=&#8221;1_3&#8243; _builder_version=&#8221;4.25.2&#8243; _module_preset=&#8221;default&#8221; global_colors_info=&#8221;{}&#8221;][et_pb_text _builder_version=&#8221;4.25.2&#8243; _module_preset=&#8221;default&#8221; text_text_shadow_style=&#8221;preset1&#8243; text_text_shadow_horizontal_length=&#8221;0.08em&#8221; text_text_shadow_color=&#8221;#0C71C3&#8243; global_colors_info=&#8221;{}&#8221;]<\/p>\n<h1 style=\"text-align: center;\"><span style=\"color: #ff0000;\"><strong>Segundo Estudio de Validaciones 2021<\/strong><\/span><\/h1>\n<p>[\/et_pb_text][\/et_pb_column][et_pb_column type=&#8221;1_3&#8243; _builder_version=&#8221;4.25.2&#8243; _module_preset=&#8221;default&#8221; global_colors_info=&#8221;{}&#8221;][et_pb_text _builder_version=&#8221;4.25.2&#8243; _module_preset=&#8221;default&#8221; text_text_shadow_style=&#8221;preset1&#8243; text_text_shadow_horizontal_length=&#8221;0.08em&#8221; text_text_shadow_color=&#8221;#0C71C3&#8243; global_colors_info=&#8221;{}&#8221;]<\/p>\n<h1 style=\"text-align: center;\"><span style=\"color: #ff0000;\"><strong>Tercer Estudio de Validaciones 2022<\/strong><\/span><\/h1>\n<p>[\/et_pb_text][\/et_pb_column][\/et_pb_row][et_pb_row column_structure=&#8221;1_3,1_3,1_3&#8243; _builder_version=&#8221;4.25.2&#8243; _module_preset=&#8221;default&#8221; global_colors_info=&#8221;{}&#8221;][et_pb_column type=&#8221;1_3&#8243; _builder_version=&#8221;4.25.2&#8243; _module_preset=&#8221;default&#8221; global_colors_info=&#8221;{}&#8221;][et_pb_image src=&#8221;https:\/\/prvi-vfc.org\/web\/wp-content\/uploads\/2026\/04\/Logo-de-validacion-de-frecuencias.png&#8221; url=&#8221;https:\/\/prvi-vfc.org\/web\/wp-content\/uploads\/2024\/07\/CARTA-DEL-CUARTO-ESTUDIO-COMPLETADO-A-LOS-TRUSTEE.pdf%20&#8243; url_new_window=&#8221;on&#8221; _builder_version=&#8221;4.25.2&#8243; _module_preset=&#8221;default&#8221; animation_style=&#8221;zoom&#8221; global_colors_info=&#8221;{}&#8221;][\/et_pb_image][\/et_pb_column][et_pb_column type=&#8221;1_3&#8243; _builder_version=&#8221;4.25.2&#8243; _module_preset=&#8221;default&#8221; global_colors_info=&#8221;{}&#8221;][et_pb_image src=&#8221;https:\/\/prvi-vfc.org\/web\/wp-content\/uploads\/2026\/04\/Logo-de-validacion-de-frecuencias.png&#8221; url=&#8221;https:\/\/prvi-vfc.org\/web\/wp-content\/uploads\/2024\/08\/CARTA-DEL-QUINTO-ESTUDIO-COMPLETADO-A-LOS-TRUSTEE.pdf&#8221; url_new_window=&#8221;on&#8221; _builder_version=&#8221;4.25.2&#8243; _module_preset=&#8221;default&#8221; animation_style=&#8221;zoom&#8221; global_colors_info=&#8221;{}&#8221;][\/et_pb_image][\/et_pb_column][et_pb_column type=&#8221;1_3&#8243; _builder_version=&#8221;4.25.2&#8243; _module_preset=&#8221;default&#8221; global_colors_info=&#8221;{}&#8221;][et_pb_image src=&#8221;https:\/\/prvi-vfc.org\/web\/wp-content\/uploads\/2026\/04\/Logo-de-validacion-de-frecuencias.png&#8221; url=&#8221;https:\/\/prvi-vfc.org\/web\/wp-content\/uploads\/2025\/08\/CARTA-DEL-SEXTO-ESTUDIO-COMPLETADO-A-LOS-TRUSTEE.pdf&#8221; url_new_window=&#8221;on&#8221; _builder_version=&#8221;4.25.2&#8243; _module_preset=&#8221;default&#8221; animation_style=&#8221;zoom&#8221; global_colors_info=&#8221;{}&#8221;][\/et_pb_image][\/et_pb_column][\/et_pb_row][et_pb_row column_structure=&#8221;1_3,1_3,1_3&#8243; _builder_version=&#8221;4.25.2&#8243; _module_preset=&#8221;default&#8221; custom_margin=&#8221;-29px|auto||auto||&#8221; custom_padding=&#8221;||0px|||&#8221; global_colors_info=&#8221;{}&#8221;][et_pb_column type=&#8221;1_3&#8243; _builder_version=&#8221;4.25.2&#8243; _module_preset=&#8221;default&#8221; global_colors_info=&#8221;{}&#8221;][et_pb_text _builder_version=&#8221;4.25.2&#8243; _module_preset=&#8221;default&#8221; text_font_size=&#8221;15px&#8221; text_line_height=&#8221;1.9em&#8221; custom_padding=&#8221;11px|||||&#8221; text_text_shadow_style=&#8221;preset1&#8243; text_text_shadow_horizontal_length=&#8221;0.13em&#8221; text_text_shadow_vertical_length=&#8221;0.08em&#8221; text_text_shadow_color=&#8221;#0C71C3&#8243; global_colors_info=&#8221;{}&#8221;]<\/p>\n<h1 style=\"text-align: center;\"><span style=\"color: #ff0000;\"><strong>Cuarto Estudio de Validaciones 2023<\/strong><\/span><\/h1>\n<p>[\/et_pb_text][et_pb_text _builder_version=&#8221;4.25.2&#8243; _module_preset=&#8221;default&#8221; global_colors_info=&#8221;{}&#8221;][\/et_pb_text][\/et_pb_column][et_pb_column type=&#8221;1_3&#8243; _builder_version=&#8221;4.25.2&#8243; _module_preset=&#8221;default&#8221; global_colors_info=&#8221;{}&#8221;][et_pb_text _builder_version=&#8221;4.25.2&#8243; _module_preset=&#8221;default&#8221; text_font_size=&#8221;15px&#8221; text_line_height=&#8221;1.9em&#8221; custom_padding=&#8221;11px|||||&#8221; text_text_shadow_style=&#8221;preset1&#8243; text_text_shadow_horizontal_length=&#8221;0.13em&#8221; text_text_shadow_vertical_length=&#8221;0.08em&#8221; text_text_shadow_color=&#8221;#0C71C3&#8243; global_colors_info=&#8221;{}&#8221;]<\/p>\n<h1 style=\"text-align: center;\"><span style=\"color: #ff0000;\"><strong>Quinto Estudio de Validaciones 2024<\/strong><\/span><\/h1>\n<p>[\/et_pb_text][\/et_pb_column][et_pb_column type=&#8221;1_3&#8243; _builder_version=&#8221;4.25.2&#8243; _module_preset=&#8221;default&#8221; global_colors_info=&#8221;{}&#8221;][et_pb_text _builder_version=&#8221;4.25.2&#8243; _module_preset=&#8221;default&#8221; text_font_size=&#8221;15px&#8221; text_line_height=&#8221;1.9em&#8221; custom_padding=&#8221;11px|||||&#8221; text_text_shadow_style=&#8221;preset1&#8243; text_text_shadow_horizontal_length=&#8221;0.13em&#8221; text_text_shadow_vertical_length=&#8221;0.08em&#8221; text_text_shadow_color=&#8221;#0C71C3&#8243; global_colors_info=&#8221;{}&#8221;]<\/p>\n<h1 style=\"text-align: center;\"><span style=\"color: #ff0000;\"><strong>Sexto Estudio de Validaciones 2025<\/strong><\/span><\/h1>\n<p>[\/et_pb_text][\/et_pb_column][\/et_pb_row][et_pb_row column_structure=&#8221;1_3,1_3,1_3&#8243; _builder_version=&#8221;4.25.2&#8243; _module_preset=&#8221;default&#8221; custom_padding=&#8221;5px|||||&#8221; global_colors_info=&#8221;{}&#8221;][et_pb_column type=&#8221;1_3&#8243; _builder_version=&#8221;4.25.2&#8243; _module_preset=&#8221;default&#8221; global_colors_info=&#8221;{}&#8221;][et_pb_image src=&#8221;https:\/\/prvi-vfc.org\/web\/wp-content\/uploads\/2026\/04\/Logo-de-validacion-de-frecuencias.png&#8221; url_new_window=&#8221;on&#8221; _builder_version=&#8221;4.25.2&#8243; _module_preset=&#8221;default&#8221; animation_style=&#8221;zoom&#8221; global_colors_info=&#8221;{}&#8221;][\/et_pb_image][\/et_pb_column][et_pb_column type=&#8221;1_3&#8243; _builder_version=&#8221;4.25.2&#8243; _module_preset=&#8221;default&#8221; global_colors_info=&#8221;{}&#8221;][et_pb_image src=&#8221;https:\/\/prvi-vfc.org\/web\/wp-content\/uploads\/2026\/04\/Logo-de-validacion-de-frecuencias.png&#8221; url_new_window=&#8221;on&#8221; _builder_version=&#8221;4.25.2&#8243; _module_preset=&#8221;default&#8221; animation_style=&#8221;zoom&#8221; global_colors_info=&#8221;{}&#8221;][\/et_pb_image][\/et_pb_column][et_pb_column type=&#8221;1_3&#8243; _builder_version=&#8221;4.25.2&#8243; _module_preset=&#8221;default&#8221; global_colors_info=&#8221;{}&#8221;][et_pb_image src=&#8221;https:\/\/prvi-vfc.org\/web\/wp-content\/uploads\/2026\/04\/Logo-de-validacion-de-frecuencias.png&#8221; url_new_window=&#8221;on&#8221; _builder_version=&#8221;4.25.2&#8243; _module_preset=&#8221;default&#8221; animation_style=&#8221;zoom&#8221; global_colors_info=&#8221;{}&#8221;][\/et_pb_image][\/et_pb_column][\/et_pb_row][et_pb_row column_structure=&#8221;1_3,1_3,1_3&#8243; _builder_version=&#8221;4.25.2&#8243; _module_preset=&#8221;default&#8221; custom_margin=&#8221;-29px|auto||auto||&#8221; custom_padding=&#8221;||0px|||&#8221; global_colors_info=&#8221;{}&#8221;][et_pb_column type=&#8221;1_3&#8243; _builder_version=&#8221;4.25.2&#8243; _module_preset=&#8221;default&#8221; global_colors_info=&#8221;{}&#8221;][et_pb_text _builder_version=&#8221;4.25.2&#8243; _module_preset=&#8221;default&#8221; text_font_size=&#8221;15px&#8221; text_line_height=&#8221;1.9em&#8221; custom_padding=&#8221;11px|||||&#8221; text_text_shadow_style=&#8221;preset1&#8243; text_text_shadow_horizontal_length=&#8221;0.13em&#8221; text_text_shadow_vertical_length=&#8221;0.08em&#8221; text_text_shadow_color=&#8221;#0C71C3&#8243; global_colors_info=&#8221;{}&#8221;]<\/p>\n<h1 style=\"text-align: center;\"><span style=\"color: #ff0000;\"><strong>S\u00e9ptimo Estudio de Validaciones\u00a0\u00a0<\/strong><\/span><\/h1>\n<h3 style=\"text-align: center;\"><strong>Pr\u00f3ximamente 2026\u00a0<\/strong><\/h3>\n<p>[\/et_pb_text][et_pb_text _builder_version=&#8221;4.25.2&#8243; _module_preset=&#8221;default&#8221; global_colors_info=&#8221;{}&#8221;][\/et_pb_text][\/et_pb_column][et_pb_column type=&#8221;1_3&#8243; _builder_version=&#8221;4.25.2&#8243; _module_preset=&#8221;default&#8221; global_colors_info=&#8221;{}&#8221;][et_pb_text _builder_version=&#8221;4.25.2&#8243; _module_preset=&#8221;default&#8221; text_font_size=&#8221;15px&#8221; text_line_height=&#8221;1.9em&#8221; custom_padding=&#8221;11px|||||&#8221; text_text_shadow_style=&#8221;preset1&#8243; text_text_shadow_horizontal_length=&#8221;0.13em&#8221; text_text_shadow_vertical_length=&#8221;0.08em&#8221; text_text_shadow_color=&#8221;#0C71C3&#8243; global_colors_info=&#8221;{}&#8221;]<\/p>\n<h1 style=\"text-align: center;\"><span style=\"color: #ff0000;\"><strong>Octavo Estudio de Validaciones\u00a0\u00a0<\/strong><\/span><\/h1>\n<h3 style=\"text-align: center;\"><strong>Pr\u00f3ximamente 2027<\/strong><\/h3>\n<p>[\/et_pb_text][\/et_pb_column][et_pb_column type=&#8221;1_3&#8243; _builder_version=&#8221;4.25.2&#8243; _module_preset=&#8221;default&#8221; global_colors_info=&#8221;{}&#8221;][et_pb_text _builder_version=&#8221;4.25.2&#8243; _module_preset=&#8221;default&#8221; text_font_size=&#8221;15px&#8221; text_line_height=&#8221;1.9em&#8221; custom_padding=&#8221;11px|||||&#8221; text_text_shadow_style=&#8221;preset1&#8243; text_text_shadow_horizontal_length=&#8221;0.13em&#8221; text_text_shadow_vertical_length=&#8221;0.08em&#8221; text_text_shadow_color=&#8221;#0C71C3&#8243; global_colors_info=&#8221;{}&#8221;]<\/p>\n<h1 style=\"text-align: center;\"><span style=\"color: #ff0000;\"><strong>Noveno Estudio de Validaciones\u00a0\u00a0<\/strong><\/span><\/h1>\n<h3 style=\"text-align: center;\"><strong>Pr\u00f3ximamente 2028<\/strong><\/h3>\n<p>[\/et_pb_text][\/et_pb_column][\/et_pb_row][et_pb_row _builder_version=&#8221;4.25.2&#8243; _module_preset=&#8221;default&#8221; custom_margin=&#8221;-37px|auto||auto||&#8221; global_colors_info=&#8221;{}&#8221;][et_pb_column type=&#8221;4_4&#8243; _builder_version=&#8221;4.25.2&#8243; _module_preset=&#8221;default&#8221; global_colors_info=&#8221;{}&#8221;][et_pb_image src=&#8221;https:\/\/prvi-vfc.org\/web\/wp-content\/uploads\/2026\/04\/ChatGPT-Image-16-abr-2026-10_52_23.png&#8221; _builder_version=&#8221;4.25.2&#8243; _module_preset=&#8221;default&#8221; width=&#8221;32%&#8221; max_width=&#8221;33%&#8221; module_alignment=&#8221;center&#8221; custom_margin=&#8221;-26px||-27px|||&#8221; custom_padding=&#8221;0px|||0px||&#8221; animation_style=&#8221;zoom&#8221; global_colors_info=&#8221;{}&#8221;][\/et_pb_image][\/et_pb_column][\/et_pb_row][et_pb_row _builder_version=&#8221;4.25.2&#8243; _module_preset=&#8221;default&#8221; custom_margin=&#8221;-53px|auto||auto||&#8221; global_colors_info=&#8221;{}&#8221;][et_pb_column type=&#8221;4_4&#8243; _builder_version=&#8221;4.25.2&#8243; _module_preset=&#8221;default&#8221; global_colors_info=&#8221;{}&#8221;][et_pb_text _builder_version=&#8221;4.25.2&#8243; _module_preset=&#8221;default&#8221; custom_margin=&#8221;48px|||||&#8221; text_text_shadow_style=&#8221;preset3&#8243; text_text_shadow_color=&#8221;#0C71C3&#8243; global_colors_info=&#8221;{}&#8221;]<\/p>\n<h2 style=\"text-align: center;\"><strong><span style=\"color: #000080;\">Derechos Reservados 2026<\/span><span>\u00a0<\/span><span style=\"color: #ff0000;\">PRVIVFC<\/span><\/strong><\/h2>\n<p>[\/et_pb_text][\/et_pb_column][\/et_pb_row][\/et_pb_section]<\/p>\n","protected":false},"excerpt":{"rendered":"<p>Estudios realizados para las validaciones de los repetidoresEn esta secci\u00f3n encontrar\u00e1s todo lo referente a los estudios realizados para validar los repetidores con el prop\u00f3sito de actualizar el directorio y enviar los certificados de validaciones a los trustees. Como parte de nuestra responsabilidad como Entidad Coordinadora se comenzar\u00e1 el proceso de validaci\u00f3n de las frecuencias [&hellip;]<\/p>\n","protected":false},"author":2,"featured_media":0,"parent":0,"menu_order":0,"comment_status":"closed","ping_status":"closed","template":"","meta":{"_et_pb_use_builder":"on","_et_pb_old_content":"","_et_gb_content_width":"","footnotes":""},"class_list":["post-71620","page","type-page","status-publish","hentry"],"_links":{"self":[{"href":"https:\/\/prvi-vfc.org\/web\/wp-json\/wp\/v2\/pages\/71620","targetHints":{"allow":["GET"]}}],"collection":[{"href":"https:\/\/prvi-vfc.org\/web\/wp-json\/wp\/v2\/pages"}],"about":[{"href":"https:\/\/prvi-vfc.org\/web\/wp-json\/wp\/v2\/types\/page"}],"author":[{"embeddable":true,"href":"https:\/\/prvi-vfc.org\/web\/wp-json\/wp\/v2\/users\/2"}],"replies":[{"embeddable":true,"href":"https:\/\/prvi-vfc.org\/web\/wp-json\/wp\/v2\/comments?post=71620"}],"version-history":[{"count":39,"href":"https:\/\/prvi-vfc.org\/web\/wp-json\/wp\/v2\/pages\/71620\/revisions"}],"predecessor-version":[{"id":231475,"href":"https:\/\/prvi-vfc.org\/web\/wp-json\/wp\/v2\/pages\/71620\/revisions\/231475"}],"wp:attachment":[{"href":"https:\/\/prvi-vfc.org\/web\/wp-json\/wp\/v2\/media?parent=71620"}],"curies":[{"name":"wp","href":"https:\/\/api.w.org\/{rel}","templated":true}]}}