{"id":71559,"date":"2024-07-10T02:00:26","date_gmt":"2024-07-10T02:00:26","guid":{"rendered":"https:\/\/prvi-vfc.org\/web\/?page_id=71559"},"modified":"2026-01-22T12:59:26","modified_gmt":"2026-01-22T12:59:26","slug":"historia","status":"publish","type":"page","link":"https:\/\/prvi-vfc.org\/web\/historia\/","title":{"rendered":"Historia"},"content":{"rendered":"<p>[et_pb_section fb_built=&#8221;1&#8243; _builder_version=&#8221;4.25.2&#8243; _module_preset=&#8221;default&#8221; custom_padding=&#8221;14px||0px|||&#8221; global_colors_info=&#8221;{}&#8221;][et_pb_row _builder_version=&#8221;4.25.2&#8243; _module_preset=&#8221;default&#8221; min_height=&#8221;1784.2px&#8221; custom_padding=&#8221;35px||0px|||&#8221; global_colors_info=&#8221;{}&#8221;][et_pb_column type=&#8221;4_4&#8243; _builder_version=&#8221;4.25.2&#8243; _module_preset=&#8221;default&#8221; global_colors_info=&#8221;{}&#8221;][et_pb_text _builder_version=&#8221;4.25.2&#8243; _module_preset=&#8221;default&#8221; text_font=&#8221;Mandali||||||||&#8221; text_font_size=&#8221;25px&#8221; text_line_height=&#8221;2.1em&#8221; animation_style=&#8221;zoom&#8221; animation_intensity_zoom=&#8221;8%&#8221; text_text_shadow_style=&#8221;preset3&#8243; text_text_shadow_color=&#8221;#0C71C3&#8243; global_colors_info=&#8221;{}&#8221;]<\/p>\n<h1 style=\"text-align: center;\"><span style=\"color: #000080;\"><strong>Historia del PRVIVFC<\/strong><\/span><\/h1>\n<p>[\/et_pb_text][et_pb_text _builder_version=&#8221;4.25.2&#8243; _module_preset=&#8221;default&#8221; text_font=&#8221;Mandali||||||||&#8221; text_font_size=&#8221;17px&#8221; text_letter_spacing=&#8221;2px&#8221; text_line_height=&#8221;1.8em&#8221; custom_margin=&#8221;-16px|||||&#8221; custom_padding=&#8221;15px|||||&#8221; animation_style=&#8221;zoom&#8221; animation_intensity_zoom=&#8221;7%&#8221; global_colors_info=&#8221;{}&#8221;]<\/p>\n<p><strong>\u00a0 \u00a0<span style=\"color: #000000;\">Para el <span style=\"color: #0000ff;\">a\u00f1o 1990<\/span> cuando comenz\u00f3 el auge del VHF exist\u00edan en Puerto Rico 21 repetidores. De las p\u00e1ginas de la historia se desprende que el primer repetidor en funcionar en la isla fue localizado en el Cerro Punta de Adjuntas, Puerto Rico. En aquella \u00e9poca la FCC asignaba indicativos especiales a los repetidores y se acostumbraba bautizarlos con nombres que nunca pudimos dar con la raz\u00f3n de los mismos. El primer repetidor en Puerto Rico (y en el Caribe) se le conoc\u00eda como \u201cEl Monito\u201d pero su nombre de pila era WR4AEC. El Monito operaba en 146.760 MHz y Don Pedro Piza, KP4ES y su hijo Pedro Piza, Jr. NP4A, entonces KP4RF, eran los encargados. El segundo repetidor en salir al aire, conocido como \u201cFrankie\u201d, WR4AIE estaba localizado en el barrio Los Filtros de Guaynabo, PR y operaba en 146.850 MHz. Su encargado era F\u00e9lix Rodr\u00edguez, KP4CK. Creci\u00f3 tanto el sistema de repetidores en las bandas de VHF y UHF que la comunidad de radioaficionados se vio obligada a establecer un sistema de coordinaciones como lo recomienda le Comisi\u00f3n Federal de Comunicaciones. Por muchos a\u00f1os esa tarea hab\u00eda reca\u00eddo sobre varios clubes y radioaficionados que independientemente dedicaban parte de su tiempo en mantener el control de las frecuencias. En aquel entonces la FCC, como mencionamos antes, asignabasiglas especiales a los repetidores, todas con el prefijo \u201cWR4\u201d. Se llegaron a coordinar unas 49 frecuencias en VHF. Las coordinaciones se hac\u00edan en ocasiones de forma arbitraria y lleg\u00f3 el momento en que algunos radioaficionados acaparaban 3-4 y hasta 5 frecuencias sin darle uso. En aquel entonces se comentaba que las coordinaciones se hac\u00edan a cambio de regal\u00edas que se dice llegaron a lograrse mediante el regalo de neveras y otros enseres y servicios. Exist\u00eda entre los radioaficionados una incertidumbre en cuanto a la coordinaci\u00f3n de repetidores. Muchos se quejaban de que noten\u00edan acceso a una coordinaci\u00f3n mientras otros manten\u00edan bajo su control varias de ellas sin darle uso alguno. Pormuchos a\u00f1os el control estuvo bajo el control de una sola persona y bajo la sombrilla de un solo club. Los radioaficionados interesados en el funcionamiento de repetidores deseaban tener unaorganizaci\u00f3n coordinadora eficiente en funciones. En una reuni\u00f3n hist\u00f3rica que se celebr\u00f3 el 26 de mayo de 1991, en Salinas, PR se constituy\u00f3 el \u201cPuerto Rico Volunteer Frequency Coordinators\u201d. Por mandato un\u00e1nime de los due\u00f1os de repetidores reunidos en asamblea se acord\u00f3 constituirse esta organizaci\u00f3n con el prop\u00f3sito, entre otros, de representar oficialmente a los due\u00f1os de repetidores de radioaficionados ante el ARRL y la FCC. La asamblea de due\u00f1os reunida ese d\u00eda acord\u00f3 que hab\u00eda la necesidad de un cambio en el sistema de coordinaciones y decidi\u00f3 nombrar a un comit\u00e9 directivo dentro de la organizaci\u00f3n en vez de a un individuo para que implantara un procedimiento que permitiera la asignaci\u00f3n de frecuencias de una forma imparcial y justa. All\u00ed se acord\u00f3 tambi\u00e9n notificar a todas las organizaciones de radioaficionados que el \u201c<span style=\"color: #e00b00;\">PR\/VI VFC INC<\/span>\u201d comenzar\u00eda sus funciones efectivo el d\u00eda 1ro de junio de 1991, tal como lo aprob\u00f3 el ARRL con el visto bueno de la <span style=\"color: #0c71c3;\">FCC<\/span>. Su encomienda principal fue la de poner el record de coordinaciones al d\u00eda y reestablecer un procedimiento de coordinaciones siguiendo las normas del ARRL y cumpliendo con la Parte 97 del C\u00f3digo Federal.<\/span><\/strong><\/p>\n<p><span style=\"color: #000000;\"><strong>\u00a0 \u00a0En una reuni\u00f3n celebrada en Guayama el <span style=\"color: #004209;\">12 de junio de 2016<\/span> un grupo de trustees deseaban un cambio en la organizaci\u00f3n del <span style=\"color: #e00b00;\">PRVIVFC INC<\/span>. en una asamblea extraordinaria se eligi\u00f3 una nueva junta de directores para dirigir la entidad coordinadora d\u00e1ndole las gracias al Sr. Pedro Piza (NP4A) y al Sr. V\u00edctor Madera (KP4PQ) por los a\u00f1os que le dedicaron a la organizaci\u00f3n. En la actualidad la nueva junta ha tenido grandes retos por la nueva generaci\u00f3n de radioaficionados y los cambios tecnol\u00f3gicos que han sufridos muchos de los equipos de la radioafici\u00f3n. Esto conlleva hacer cambios a las gu\u00edas existentes para el beneficio de la Comunidad de Radioaficionados para el Siglo 21 y hacia el futuro de la radioafici\u00f3n. Los trustees de este siglo experimentan con nuevos protocolos y modos en sus repetidores y esta organizaci\u00f3n como siempre lo ha hecho se adaptaran a dicho cambios para ser m\u00e1s justos e imparciales a la hora de organizar las coordinaciones<\/strong><\/span><\/p>\n<p>[\/et_pb_text][et_pb_image src=&#8221;https:\/\/prvi-vfc.org\/web\/wp-content\/uploads\/2024\/07\/FOTO-PRVIVFC-1.png&#8221; align=&#8221;center&#8221; _builder_version=&#8221;4.25.2&#8243; _module_preset=&#8221;default&#8221; custom_margin=&#8221;||47px|||&#8221; animation_style=&#8221;zoom&#8221; animation_intensity_zoom=&#8221;9%&#8221; global_colors_info=&#8221;{}&#8221;][\/et_pb_image][et_pb_text _builder_version=&#8221;4.25.2&#8243; _module_preset=&#8221;default&#8221; text_font=&#8221;Mandali||||||||&#8221; text_text_color=&#8221;#000000&#8243; text_font_size=&#8221;17px&#8221; text_letter_spacing=&#8221;1px&#8221; text_line_height=&#8221;1.8em&#8221; custom_margin=&#8221;||51px|||&#8221; custom_padding=&#8221;1px|||||&#8221; animation_style=&#8221;zoom&#8221; animation_intensity_zoom=&#8221;5%&#8221; global_colors_info=&#8221;{}&#8221;]<\/p>\n<p><span>\u00a0 \u00a0<span style=\"color: #000000;\"><strong>Este es el primer grupo organizador que inici\u00f3 todo lo referente a las coordinaciones estableciendo el documento de la Gu\u00eda Operacional para conformar la primera Junta del <span style=\"color: #e00d02;\">PRVIVFC<\/span> y establecer los procesos y procedimientos en las coordinaciones para las frecuencias de Puerto Rico e Islas V\u00edrgenes.<\/strong><\/span><\/span><\/p>\n<p>[\/et_pb_text][et_pb_image src=&#8221;https:\/\/prvi-vfc.org\/web\/wp-content\/uploads\/2024\/07\/0053613f-72af-49ac-9606-8c7cf59781f7.jpeg&#8221; title_text=&#8221;_0053613f-72af-49ac-9606-8c7cf59781f7&#8243; align=&#8221;center&#8221; _builder_version=&#8221;4.25.2&#8243; _module_preset=&#8221;default&#8221; width=&#8221;39%&#8221; max_width=&#8221;50%&#8221; custom_margin=&#8221;-55px|||||&#8221; custom_padding=&#8221;||0px|||&#8221; animation_style=&#8221;zoom&#8221; animation_intensity_zoom=&#8221;14%&#8221; global_colors_info=&#8221;{}&#8221;][\/et_pb_image][\/et_pb_column][\/et_pb_row][et_pb_row _builder_version=&#8221;4.25.2&#8243; _module_preset=&#8221;default&#8221; global_colors_info=&#8221;{}&#8221;][et_pb_column type=&#8221;4_4&#8243; _builder_version=&#8221;4.25.2&#8243; _module_preset=&#8221;default&#8221; global_colors_info=&#8221;{}&#8221;][et_pb_text _builder_version=&#8221;4.25.2&#8243; _module_preset=&#8221;default&#8221; hover_enabled=&#8221;0&#8243; text_text_shadow_style=&#8221;preset3&#8243; text_text_shadow_color=&#8221;#0C71C3&#8243; global_colors_info=&#8221;{}&#8221; sticky_enabled=&#8221;0&#8243;]<\/p>\n<h2 style=\"text-align: center;\"><strong><span style=\"color: #000080;\">Derechos Reservados 2026<\/span><span>\u00a0<\/span><span style=\"color: #ff0000;\">PRVIVFC<\/span><\/strong><\/h2>\n<p>[\/et_pb_text][\/et_pb_column][\/et_pb_row][\/et_pb_section]<\/p>\n","protected":false},"excerpt":{"rendered":"<p>Historia del PRVIVFC\u00a0 \u00a0Para el a\u00f1o 1990 cuando comenz\u00f3 el auge del VHF exist\u00edan en Puerto Rico 21 repetidores. De las p\u00e1ginas de la historia se desprende que el primer repetidor en funcionar en la isla fue localizado en el Cerro Punta de Adjuntas, Puerto Rico. En aquella \u00e9poca la FCC asignaba indicativos especiales a [&hellip;]<\/p>\n","protected":false},"author":2,"featured_media":0,"parent":0,"menu_order":0,"comment_status":"closed","ping_status":"closed","template":"","meta":{"_et_pb_use_builder":"on","_et_pb_old_content":"","_et_gb_content_width":"","footnotes":""},"class_list":["post-71559","page","type-page","status-publish","hentry"],"_links":{"self":[{"href":"https:\/\/prvi-vfc.org\/web\/wp-json\/wp\/v2\/pages\/71559","targetHints":{"allow":["GET"]}}],"collection":[{"href":"https:\/\/prvi-vfc.org\/web\/wp-json\/wp\/v2\/pages"}],"about":[{"href":"https:\/\/prvi-vfc.org\/web\/wp-json\/wp\/v2\/types\/page"}],"author":[{"embeddable":true,"href":"https:\/\/prvi-vfc.org\/web\/wp-json\/wp\/v2\/users\/2"}],"replies":[{"embeddable":true,"href":"https:\/\/prvi-vfc.org\/web\/wp-json\/wp\/v2\/comments?post=71559"}],"version-history":[{"count":34,"href":"https:\/\/prvi-vfc.org\/web\/wp-json\/wp\/v2\/pages\/71559\/revisions"}],"predecessor-version":[{"id":231056,"href":"https:\/\/prvi-vfc.org\/web\/wp-json\/wp\/v2\/pages\/71559\/revisions\/231056"}],"wp:attachment":[{"href":"https:\/\/prvi-vfc.org\/web\/wp-json\/wp\/v2\/media?parent=71559"}],"curies":[{"name":"wp","href":"https:\/\/api.w.org\/{rel}","templated":true}]}}