{"id":71484,"date":"2024-07-02T20:29:38","date_gmt":"2024-07-02T20:29:38","guid":{"rendered":"https:\/\/prvi-vfc.org\/web\/?page_id=71484"},"modified":"2026-01-22T13:35:02","modified_gmt":"2026-01-22T13:35:02","slug":"2-metros","status":"publish","type":"page","link":"https:\/\/prvi-vfc.org\/web\/2-metros\/","title":{"rendered":"2 METROS"},"content":{"rendered":"<p>[et_pb_section fb_built=&#8221;1&#8243; _builder_version=&#8221;4.25.2&#8243; _module_preset=&#8221;default&#8221; custom_padding=&#8221;48px||6px|||&#8221; global_colors_info=&#8221;{}&#8221;][et_pb_row _builder_version=&#8221;4.25.2&#8243; _module_preset=&#8221;default&#8221; custom_margin=&#8221;-23px|auto||auto||&#8221; global_colors_info=&#8221;{}&#8221;][et_pb_column type=&#8221;4_4&#8243; _builder_version=&#8221;4.25.2&#8243; _module_preset=&#8221;default&#8221; global_colors_info=&#8221;{}&#8221;][et_pb_text _builder_version=&#8221;4.25.2&#8243; _module_preset=&#8221;default&#8221; text_font=&#8221;Mandali||||||||&#8221; custom_margin=&#8221;||17px|||&#8221; custom_padding=&#8221;||39px|||&#8221; animation_style=&#8221;zoom&#8221; text_text_shadow_style=&#8221;preset3&#8243; text_text_shadow_blur_strength=&#8221;0.53em&#8221; text_text_shadow_color=&#8221;#0C71C3&#8243; global_colors_info=&#8221;{}&#8221;]<\/p>\n<h2 style=\"text-align: center;\"><strong><span style=\"color: #000080;\">\u00a0Solicitudes para la banda de 2 Metros (144 MHz) VHF enviadas al <span style=\"color: #ff0000;\">PRVIVFC<\/span>\u00a0<\/span><\/strong><\/h2>\n<p>[\/et_pb_text][et_pb_text _builder_version=&#8221;4.25.2&#8243; _module_preset=&#8221;default&#8221; custom_margin=&#8221;-41px||17px|||&#8221; custom_padding=&#8221;||5px|||&#8221; animation_style=&#8221;zoom&#8221; global_colors_info=&#8221;{}&#8221;]<\/p>\n<h3><span>\u00a0 En esta secci\u00f3n <strong><span style=\"color: #000080;\">l<strong>os<\/strong> radioaficionados que solicitan coordinaci\u00f3n para la banda de dos metros 144 MHz (VHF)<\/span> <span style=\"color: #003300;\">podr\u00e1n ver su turno y el\u00a0 estatus de su solicitud. Estas solicitudes muestran la persona por su indicativo, la fecha de solicitud, estatus d<\/span><\/strong>e <strong><span style=\"color: #003300;\">su coordinaci\u00f3n y de su solicitud.<\/span><\/strong><\/span><\/h3>\n<p><span><strong><span style=\"color: #003300;\"><\/span><\/strong><\/span><\/p>\n<p><span><strong><span style=\"color: #003300;\"><\/span><\/strong><\/span><\/p>\n<h3><strong><span style=\"color: #ff0000;\">Nota:<\/span><\/strong> Las solicitudes para la banda de dos metros <strong><span style=\"color: #993300;\">no caducan o no tiene fecha expiraci\u00f3n para mantener su turno garantizado.<\/span>\u00a0<\/strong><\/h3>\n<p>[\/et_pb_text][et_pb_text _builder_version=&#8221;4.25.2&#8243; _module_preset=&#8221;default&#8221; custom_margin=&#8221;||23px|||&#8221; custom_padding=&#8221;37px|||||&#8221; animation_style=&#8221;zoom&#8221; border_width_all=&#8221;3px&#8221; box_shadow_style=&#8221;preset1&#8243; box_shadow_color=&#8221;#0C71C3&#8243; global_colors_info=&#8221;{}&#8221;]<\/p>\n<h1 style=\"text-align: center;\"><span style=\"color: #993366;\"><strong>Solicitudes enviadas para la banda de los 2 Metros (144 MHz)<\/strong><\/span><\/h1>\n\n<table id=\"tablepress-6\" class=\"tablepress tablepress-id-6\" aria-describedby=\"tablepress-6-description\">\n<thead>\n<tr class=\"row-1\">\n\t<th class=\"column-1\">BANDA SOLICITADA<\/th><th class=\"column-2\">TRUSTEES QUE SOLICITA<\/th><th class=\"column-3\">FRECUENCIA ASIGNADA<\/th><th class=\"column-4\">FECHA DE SOLICITUD<\/th><th class=\"column-5\">ESTATUS DE LA COORDINACION <\/th><th class=\"column-6\">ESTATUS DE LA SOLICITUD<\/th>\n<\/tr>\n<\/thead>\n<tbody class=\"row-striping row-hover\">\n<tr class=\"row-2\">\n\t<td class=\"column-1\">2 METROS - VHF<\/td><td class=\"column-2\">KP4EC<\/td><td class=\"column-3\">147.070<\/td><td class=\"column-4\">13-Mar-21<\/td><td class=\"column-5\">SE COORDINO LA FRECUENCIA 147.070 POR EL TURNO SOLICITADO.<\/td><td class=\"column-6\">COORDINADA<\/td>\n<\/tr>\n<tr class=\"row-3\">\n\t<td class=\"column-1\">2 METROS - VHF<\/td><td class=\"column-2\">KP4ZZ<\/td><td class=\"column-3\">147.110<\/td><td class=\"column-4\">18-Mar-21<\/td><td class=\"column-5\">SE COORDINO LA FRECUENCIA 147.110 POR EL TURNO SOLICITADO.<\/td><td class=\"column-6\">COORDINADA<\/td>\n<\/tr>\n<tr class=\"row-4\">\n\t<td class=\"column-1\">2 METROS - VHF<\/td><td class=\"column-2\">WP4FD<\/td><td class=\"column-3\">145.310<\/td><td class=\"column-4\">30-Apr-21<\/td><td class=\"column-5\">SE COORDINO LA FRECUENCIA 145.310 POR EL TURNO SOLICITADO.<\/td><td class=\"column-6\">COORDINADA<\/td>\n<\/tr>\n<tr class=\"row-5\">\n\t<td class=\"column-1\">2 METROS - VHF<\/td><td class=\"column-2\">NP2X<\/td><td class=\"column-3\">NINGUNA<\/td><td class=\"column-4\">24-Jan-22<\/td><td class=\"column-5\">NINGUNA<\/td><td class=\"column-6\">CANCELADA<\/td>\n<\/tr>\n<tr class=\"row-6\">\n\t<td class=\"column-1\">2 METROS - VHF<\/td><td class=\"column-2\">KP4NTV<\/td><td class=\"column-3\">145.310 \/ COMPARTIDA<\/td><td class=\"column-4\">15-Mar-22<\/td><td class=\"column-5\">CANCELADA EL 11\/NOV\/2022 POR EL TRUSTEE<\/td><td class=\"column-6\">CANCELADA SOLICITUD POR EXPLICACION DEL TRUSTEE.<\/td>\n<\/tr>\n<tr class=\"row-7\">\n\t<td class=\"column-1\">2 METROS - VHF<\/td><td class=\"column-2\">NP3O<\/td><td class=\"column-3\">147.130<\/td><td class=\"column-4\">21-Mar-22<\/td><td class=\"column-5\">28-Jan-23<\/td><td class=\"column-6\">CANCELADA<\/td>\n<\/tr>\n<tr class=\"row-8\">\n\t<td class=\"column-1\">2 METROS - VHF<\/td><td class=\"column-2\">KP4F<\/td><td class=\"column-3\">147.130<\/td><td class=\"column-4\">24-Mar-22<\/td><td class=\"column-5\">SE COORDINO LA FRECUENCIA  147.130 POR EL TURNO SOLICITADO.<\/td><td class=\"column-6\">COORDINADA<\/td>\n<\/tr>\n<tr class=\"row-9\">\n\t<td class=\"column-1\">2 METROS - VHF<\/td><td class=\"column-2\">NP3EC<\/td><td class=\"column-3\">146.850<\/td><td class=\"column-4\">20-Jul-22<\/td><td class=\"column-5\">SE COORDINO LA FRECUENCIA 146.850 POR EL TURNO SOLICITADO.<\/td><td class=\"column-6\">COORDINADA<\/td>\n<\/tr>\n<tr class=\"row-10\">\n\t<td class=\"column-1\">2 METROS - VHF<\/td><td class=\"column-2\">KP4LCS<\/td><td class=\"column-3\">147.030<\/td><td class=\"column-4\">30-Jul-22<\/td><td class=\"column-5\">SE COORDINO LA FRECUENCIA 147.030 POR EL TURNO SOLICITADO.<\/td><td class=\"column-6\">COORDINADA<\/td>\n<\/tr>\n<tr class=\"row-11\">\n\t<td class=\"column-1\">2 METROS - VHF<\/td><td class=\"column-2\">WP4SIT<\/td><td class=\"column-3\">145.130 <\/td><td class=\"column-4\">7-Aug-22<\/td><td class=\"column-5\">SE COORDINO LA FRECUENCIA 145.130 POR EL TURNO SOLICITADO.<\/td><td class=\"column-6\">COORDINADA<\/td>\n<\/tr>\n<tr class=\"row-12\">\n\t<td class=\"column-1\">2 METROS - VHF<\/td><td class=\"column-2\">KP4QI<\/td><td class=\"column-3\">145.110<\/td><td class=\"column-4\">20-Oct-22<\/td><td class=\"column-5\">SE COORDINO LA FRECUENCIA 145.110 POR EL TURNO SOLICITADO.<\/td><td class=\"column-6\">COORDINADA<\/td>\n<\/tr>\n<tr class=\"row-13\">\n\t<td class=\"column-1\">2 METROS - VHF<\/td><td class=\"column-2\">NP3KQ<\/td><td class=\"column-3\">147.130<\/td><td class=\"column-4\">26-Oct-22<\/td><td class=\"column-5\">CANCELADA POR EL MISMO SOLIITANTE NP3KQ.<\/td><td class=\"column-6\">VOLUNTARIAMENTE CANCEL\u00d3 LA SOLICITUD.<\/td>\n<\/tr>\n<tr class=\"row-14\">\n\t<td class=\"column-1\">2 METROS - VHF<\/td><td class=\"column-2\">NP3MR<\/td><td class=\"column-3\">147.270<\/td><td class=\"column-4\">13-Feb-23<\/td><td class=\"column-5\">SE COORDINO LA FRECUENCIA 147.270 POR EL TURNO SOLICITADO.<\/td><td class=\"column-6\">COORDINADA<\/td>\n<\/tr>\n<tr class=\"row-15\">\n\t<td class=\"column-1\">2 METROS - VHF<\/td><td class=\"column-2\">WP3B<\/td><td class=\"column-3\">147.130<\/td><td class=\"column-4\">13-Feb-23<\/td><td class=\"column-5\">SE COORDINO LA FRECUENCIA 147.130 POR EL TURNO SOLICITADO.<\/td><td class=\"column-6\">COORDINADA<\/td>\n<\/tr>\n<tr class=\"row-16\">\n\t<td class=\"column-1\">2 METROS - VHF<\/td><td class=\"column-2\">NP4AF<\/td><td class=\"column-3\">147.390<\/td><td class=\"column-4\">13-Mar-23<\/td><td class=\"column-5\">SE COORDINO LA FRECUENCIA 147.390 POR EL TURNO SOLICITADO.<\/td><td class=\"column-6\">COORDINADA<\/td>\n<\/tr>\n<tr class=\"row-17\">\n\t<td class=\"column-1\">2 METROS - VHF<\/td><td class=\"column-2\">WP4NRS<\/td><td class=\"column-3\">PENDIENTE<\/td><td class=\"column-4\">23-Mar-23<\/td><td class=\"column-5\">ENTRO EN TURNO PARA LA BANDA DE 2 M<\/td><td class=\"column-6\">EN ESPERA CUANDO HAYA UNA DESCOORDINACION<\/td>\n<\/tr>\n<tr class=\"row-18\">\n\t<td class=\"column-1\">2 METROS - VHF<\/td><td class=\"column-2\">KP4U <\/td><td class=\"column-3\">PENDIENTE<\/td><td class=\"column-4\">8-Apr-23<\/td><td class=\"column-5\">ENTRO EN TURNO PARA LA BANDA DE 2 M<\/td><td class=\"column-6\">EN ESPERA CUANDO HAYA UNA DESCOORDINACION<\/td>\n<\/tr>\n<tr class=\"row-19\">\n\t<td class=\"column-1\">2 METROS - VHF<\/td><td class=\"column-2\">NW4A<\/td><td class=\"column-3\">PENDIENTE<\/td><td class=\"column-4\">8-may-23<\/td><td class=\"column-5\">ENTRO EN TURNO PARA LA BANDA DE 2 M<\/td><td class=\"column-6\">EN ESPERA CUANDO HAYA UNA DESCOORDINACION<\/td>\n<\/tr>\n<tr class=\"row-20\">\n\t<td class=\"column-1\">2 METROS - VHF<\/td><td class=\"column-2\">NP4GT<\/td><td class=\"column-3\">PENDIENTE<\/td><td class=\"column-4\">27 -may -23<\/td><td class=\"column-5\">ENTRO EN TURNO PARA LA BANDA DE 2 M<\/td><td class=\"column-6\">EN ESPERA CUANDO HAYA UNA DESCOORDINACION<\/td>\n<\/tr>\n<tr class=\"row-21\">\n\t<td class=\"column-1\">2 METROS - VHF<\/td><td class=\"column-2\">NP4NC<\/td><td class=\"column-3\">PENDIENTE<\/td><td class=\"column-4\">31-MAY-23<\/td><td class=\"column-5\">ENTRO EN TURNO PARA LA BANDA DE 2 M<\/td><td class=\"column-6\">EN ESPERA CUANDO HAYA UNA DESCOORDINACION<\/td>\n<\/tr>\n<tr class=\"row-22\">\n\t<td class=\"column-1\">2 METROS - VHF<\/td><td class=\"column-2\">KP4PUA<\/td><td class=\"column-3\">PENDIENTE<\/td><td class=\"column-4\">23-JUN-23<\/td><td class=\"column-5\">ENTRO EN TURNO PARA LA BANDA DE 2 M<\/td><td class=\"column-6\">EN ESPERA CUANDO HAYA UNA DESCOORDINACION<\/td>\n<\/tr>\n<tr class=\"row-23\">\n\t<td class=\"column-1\">2 METROS - VHF<\/td><td class=\"column-2\">WP4JOT<\/td><td class=\"column-3\">PENDIENTE<\/td><td class=\"column-4\">30-JUN-23<\/td><td class=\"column-5\">ENTRO EN TURNO PARA LA BANDA DE 2 M<\/td><td class=\"column-6\">EN ESPERA CUANDO HAYA UNA DESCOORDINACION<\/td>\n<\/tr>\n<tr class=\"row-24\">\n\t<td class=\"column-1\">2 METROS - VHF<\/td><td class=\"column-2\">KP3AV<\/td><td class=\"column-3\">PENDIENTE<\/td><td class=\"column-4\">2-JUNIO-25<\/td><td class=\"column-5\">ENTRO EN TURNO PARA LA BANDA DE 2 M<\/td><td class=\"column-6\">EN ESPERA CUANDO HAYA UNA DESCOORDINACION<\/td>\n<\/tr>\n<tr class=\"row-25\">\n\t<td class=\"column-1\">2 METROS - VHF<\/td><td class=\"column-2\">KP4LAC<\/td><td class=\"column-3\">PENDIENTE<\/td><td class=\"column-4\">8 - AGOSTO - 25<\/td><td class=\"column-5\">ENTRO EN TURNO PARA LA BANDA DE 2 M<\/td><td class=\"column-6\">EN ESPERA CUANDO HAYA UNA DESCOORDINACION<\/td>\n<\/tr>\n<tr class=\"row-26\">\n\t<td class=\"column-1\">2 METROS - VHF<\/td><td class=\"column-2\">WP4RNQ<\/td><td class=\"column-3\">PENDIENTE<\/td><td class=\"column-4\">12 - MARZO - 26<\/td><td class=\"column-5\">ENTRO EN TURNO PARA LA BANDA DE 2 M<\/td><td class=\"column-6\">EN ESPERA CUANDO HAYA UNA DESCOORDINACION<\/td>\n<\/tr>\n<\/tbody>\n<\/table>\n<span id=\"tablepress-6-description\" class=\"tablepress-table-description tablepress-table-description-id-6\"><\/span>\n<!-- #tablepress-6 from cache -->\n<p>[\/et_pb_text][\/et_pb_column][\/et_pb_row][et_pb_row column_structure=&#8221;1_3,1_3,1_3&#8243; _builder_version=&#8221;4.25.2&#8243; _module_preset=&#8221;default&#8221; custom_margin=&#8221;-9px|auto||auto||&#8221; global_colors_info=&#8221;{}&#8221;][et_pb_column type=&#8221;1_3&#8243; _builder_version=&#8221;4.25.2&#8243; _module_preset=&#8221;default&#8221; global_colors_info=&#8221;{}&#8221;][et_pb_image src=&#8221;https:\/\/prvi-vfc.org\/web\/wp-content\/uploads\/2025\/05\/radio-de-comunicacion-con-letras-PRVIVFC-en-su-display.jpg&#8221; title_text=&#8221;radio de comunicaci\u00f3n con letras PRVIVFC en su display&#8221; _builder_version=&#8221;4.25.2&#8243; _module_preset=&#8221;default&#8221; animation_style=&#8221;zoom&#8221; border_width_all=&#8221;3px&#8221; box_shadow_style=&#8221;preset1&#8243; box_shadow_color=&#8221;#0C71C3&#8243; global_colors_info=&#8221;{}&#8221;][\/et_pb_image][\/et_pb_column][et_pb_column type=&#8221;1_3&#8243; _builder_version=&#8221;4.25.2&#8243; _module_preset=&#8221;default&#8221; global_colors_info=&#8221;{}&#8221;][et_pb_image src=&#8221;https:\/\/prvi-vfc.org\/web\/wp-content\/uploads\/2025\/05\/radio-de-comunicacion-con-letras-PRVIVFC-en-su-display-1.jpg&#8221; title_text=&#8221;radio de comunicaci\u00f3n con letras PRVIVFC en su display 1&#8243; _builder_version=&#8221;4.25.2&#8243; _module_preset=&#8221;default&#8221; animation_style=&#8221;zoom&#8221; border_width_all=&#8221;3px&#8221; box_shadow_style=&#8221;preset1&#8243; box_shadow_color=&#8221;#0C71C3&#8243; global_colors_info=&#8221;{}&#8221;][\/et_pb_image][\/et_pb_column][et_pb_column type=&#8221;1_3&#8243; _builder_version=&#8221;4.25.2&#8243; _module_preset=&#8221;default&#8221; global_colors_info=&#8221;{}&#8221;][et_pb_image src=&#8221;https:\/\/prvi-vfc.org\/web\/wp-content\/uploads\/2025\/05\/radio-de-comunicacion-con-letras-PRVIVFC-en-su-display-2.jpg&#8221; title_text=&#8221;radio de comunicaci\u00f3n con letras PRVIVFC en su display 2&#8243; _builder_version=&#8221;4.25.2&#8243; _module_preset=&#8221;default&#8221; animation_style=&#8221;zoom&#8221; border_width_all=&#8221;3px&#8221; box_shadow_style=&#8221;preset1&#8243; box_shadow_color=&#8221;#0C71C3&#8243; global_colors_info=&#8221;{}&#8221;][\/et_pb_image][\/et_pb_column][\/et_pb_row][et_pb_row _builder_version=&#8221;4.25.2&#8243; _module_preset=&#8221;default&#8221; global_colors_info=&#8221;{}&#8221;][et_pb_column type=&#8221;4_4&#8243; _builder_version=&#8221;4.25.2&#8243; _module_preset=&#8221;default&#8221; global_colors_info=&#8221;{}&#8221;][et_pb_text _builder_version=&#8221;4.25.2&#8243; _module_preset=&#8221;default&#8221; hover_enabled=&#8221;0&#8243; text_text_shadow_style=&#8221;preset3&#8243; text_text_shadow_color=&#8221;#0C71C3&#8243; global_colors_info=&#8221;{}&#8221; sticky_enabled=&#8221;0&#8243;]<\/p>\n<h2 style=\"text-align: center;\"><strong><span style=\"color: #000080;\">Derechos Reservados 2026<\/span><span>\u00a0<\/span><span style=\"color: #ff0000;\">PRVIVFC<\/span><\/strong><\/h2>\n<p>[\/et_pb_text][\/et_pb_column][\/et_pb_row][\/et_pb_section]<\/p>\n","protected":false},"excerpt":{"rendered":"<p>\u00a0Solicitudes para la banda de 2 Metros (144 MHz) VHF enviadas al PRVIVFC\u00a0\u00a0 En esta secci\u00f3n los radioaficionados que solicitan coordinaci\u00f3n para la banda de dos metros 144 MHz (VHF) podr\u00e1n ver su turno y el\u00a0 estatus de su solicitud. Estas solicitudes muestran la persona por su indicativo, la fecha de solicitud, estatus de su [&hellip;]<\/p>\n","protected":false},"author":1,"featured_media":0,"parent":0,"menu_order":0,"comment_status":"closed","ping_status":"closed","template":"","meta":{"_et_pb_use_builder":"on","_et_pb_old_content":"","_et_gb_content_width":"","footnotes":""},"class_list":["post-71484","page","type-page","status-publish","hentry"],"_links":{"self":[{"href":"https:\/\/prvi-vfc.org\/web\/wp-json\/wp\/v2\/pages\/71484","targetHints":{"allow":["GET"]}}],"collection":[{"href":"https:\/\/prvi-vfc.org\/web\/wp-json\/wp\/v2\/pages"}],"about":[{"href":"https:\/\/prvi-vfc.org\/web\/wp-json\/wp\/v2\/types\/page"}],"author":[{"embeddable":true,"href":"https:\/\/prvi-vfc.org\/web\/wp-json\/wp\/v2\/users\/1"}],"replies":[{"embeddable":true,"href":"https:\/\/prvi-vfc.org\/web\/wp-json\/wp\/v2\/comments?post=71484"}],"version-history":[{"count":20,"href":"https:\/\/prvi-vfc.org\/web\/wp-json\/wp\/v2\/pages\/71484\/revisions"}],"predecessor-version":[{"id":231077,"href":"https:\/\/prvi-vfc.org\/web\/wp-json\/wp\/v2\/pages\/71484\/revisions\/231077"}],"wp:attachment":[{"href":"https:\/\/prvi-vfc.org\/web\/wp-json\/wp\/v2\/media?parent=71484"}],"curies":[{"name":"wp","href":"https:\/\/api.w.org\/{rel}","templated":true}]}}