{"id":231612,"date":"2026-04-27T17:01:54","date_gmt":"2026-04-27T17:01:54","guid":{"rendered":"https:\/\/prvi-vfc.org\/web\/?page_id=231612"},"modified":"2026-04-27T21:44:45","modified_gmt":"2026-04-27T21:44:45","slug":"solicitudes-de-repetidores-a-usarse-en-una-emergencia","status":"publish","type":"page","link":"https:\/\/prvi-vfc.org\/web\/solicitudes-de-repetidores-a-usarse-en-una-emergencia\/","title":{"rendered":"SOLICITUDES DE REPETIDORES A USARSE EN UNA EMERGENCIA"},"content":{"rendered":"<p>[et_pb_section fb_built=&#8221;1&#8243; _builder_version=&#8221;4.25.2&#8243; _module_preset=&#8221;default&#8221; global_colors_info=&#8221;{}&#8221;][et_pb_row _builder_version=&#8221;4.25.2&#8243; _module_preset=&#8221;default&#8221; custom_padding=&#8221;0px|||||&#8221; global_colors_info=&#8221;{}&#8221;][et_pb_column type=&#8221;4_4&#8243; _builder_version=&#8221;4.25.2&#8243; _module_preset=&#8221;default&#8221; global_colors_info=&#8221;{}&#8221;][et_pb_text _builder_version=&#8221;4.25.2&#8243; _module_preset=&#8221;default&#8221; text_text_shadow_style=&#8221;preset1&#8243; text_text_shadow_blur_strength=&#8221;0.26em&#8221; text_text_shadow_color=&#8221;#0C71C3&#8243; global_colors_info=&#8221;{}&#8221;]<\/p>\n<h1 style=\"text-align: center;\"><span style=\"color: #ff0000;\"><strong>Solicitudes de Repetidores a usarse en una Emergencia<\/strong><\/span><\/h1>\n<p>[\/et_pb_text][\/et_pb_column][\/et_pb_row][et_pb_row _builder_version=&#8221;4.25.2&#8243; _module_preset=&#8221;default&#8221; custom_padding=&#8221;4px|||||&#8221; global_colors_info=&#8221;{}&#8221;][et_pb_column type=&#8221;4_4&#8243; _builder_version=&#8221;4.25.2&#8243; _module_preset=&#8221;default&#8221; global_colors_info=&#8221;{}&#8221;][et_pb_image src=&#8221;https:\/\/prvi-vfc.org\/web\/wp-content\/uploads\/2026\/04\/ChatGPT-Image-27-abr-2026-13_08_59.png&#8221; align=&#8221;center&#8221; _builder_version=&#8221;4.25.2&#8243; _module_preset=&#8221;default&#8221; width=&#8221;80%&#8221; max_width=&#8221;80%&#8221; animation_style=&#8221;zoom&#8221; animation_duration=&#8221;1800ms&#8221; box_shadow_style=&#8221;preset1&#8243; box_shadow_color=&#8221;#0C71C3&#8243; global_colors_info=&#8221;{}&#8221;][\/et_pb_image][\/et_pb_column][\/et_pb_row][et_pb_row _builder_version=&#8221;4.25.2&#8243; _module_preset=&#8221;default&#8221; global_colors_info=&#8221;{}&#8221;][et_pb_column type=&#8221;4_4&#8243; _builder_version=&#8221;4.25.2&#8243; _module_preset=&#8221;default&#8221; global_colors_info=&#8221;{}&#8221;][et_pb_text _builder_version=&#8221;4.25.2&#8243; _module_preset=&#8221;default&#8221; text_font=&#8221;|800|||||||&#8221; text_text_color=&#8221;#000000&#8243; global_colors_info=&#8221;{}&#8221;]<\/p>\n<p><span>\u00a0 \u00a0Este <\/span><b><i>formulario tiene el prop\u00f3sito de recopilar la informaci\u00f3n necesaria en forma voluntaria aquellos repetidores que con la autorizaci\u00f3n del trustee puedan usarse en caso de alguna emergencia emitida por las agencias correspondientes del gobierno de nuestra Isla de Puerto Rico<\/i><\/b><span>. Es importante que los repetidores tengan respaldo de emergencia como generador port\u00e1til, bater\u00edas y sistemas de energ\u00eda renovable. La Comunidad de radioaficionados va estar agradecida por permitir el uso de su sistema para trabajar cualquier tipo de emergencia. <\/span><i><b>El prop\u00f3sito de esta iniciativa es para que los diferentes grupos de radioaficionados que trabajan las diferentes emergencias puedan tener un banco de repetidores disponibles y para cuando el gobierno active a los radioaficionados tengan una idea de que repetidores puedan usar.<\/b><\/i><span> Se preparan un listado especial que indique la informaci\u00f3n suministrada voluntariamente por los trustee.<\/span><\/p>\n<p><span>\u00a0 Esta iniciativa el <\/span><span style=\"color: #e02b20;\"><b>PRVIVFC <\/b><\/span><span>\u00a0la acoge por acercamientos de organizaciones de emergencias y de compa\u00f1eros trustees dispuestos a poner su(s) repetidor(es) para trabajar las diferentes emergencias que puedan surgir en nuestro pa\u00eds.<\/span><\/p>\n<p>[\/et_pb_text][\/et_pb_column][\/et_pb_row][et_pb_row _builder_version=&#8221;4.25.2&#8243; _module_preset=&#8221;default&#8221; custom_margin=&#8221;|auto|-65px|auto||&#8221; global_colors_info=&#8221;{}&#8221;][et_pb_column type=&#8221;4_4&#8243; _builder_version=&#8221;4.25.2&#8243; _module_preset=&#8221;default&#8221; global_colors_info=&#8221;{}&#8221;][et_pb_text _builder_version=&#8221;4.25.2&#8243; _module_preset=&#8221;default&#8221; text_font=&#8221;|800|||||||&#8221; custom_margin=&#8221;-54px|-107px||-89px||&#8221; custom_padding=&#8221;|1px||0px||&#8221; global_colors_info=&#8221;{}&#8221;]<\/p>\n\n<table id=\"tablepress-26\" class=\"tablepress tablepress-id-26\">\n<thead>\n<tr class=\"row-1\">\n\t<th class=\"column-1\">FECHA \/ HORA<\/th><th class=\"column-2\">CALLSIGN (INDICATIVOS)<\/th><th class=\"column-3\">INDIQUE LA(S) FRECUENCIA(S) REPETIDORA(S) A USARSE EN CASO DE EMERGENCIA<\/th><th class=\"column-4\">INDIQUE EL TIPO DE RESPALDO QUE USTED TIENE EN SU(S) REPETIDOR(ES)<\/th><th class=\"column-5\">USTED AUTORIZA EN FORMA VOLUNTARIA EL USO DE SU(S) REPETIDOR(ES) A LOS RADIOAFICIONADOS LICENCIADOS EN CASO DE ALGUNA EMERGENCIA EMITIDA POR EL GOBIERNO.<\/th><th class=\"column-6\">USTED AUTORIZA AL PR\/VI VFC INC. PUBLIQUE EN SU P\u00c1GINA LA INFORMACI\u00d3N DE SU(S) REPETIDOR(ES) EN UNA TABLA DISPONIBLE EN CASO DE DECLARACION DE EMERGENCIA EMITIDA POR LAS AGENCIAS CORRESPONDIENTES DEL GOBIERNO.<\/th>\n<\/tr>\n<\/thead>\n<tbody class=\"row-striping row-hover\">\n<tr class=\"row-2\">\n\t<td class=\"column-1\">6\/7\/2021 12:25:10<\/td><td class=\"column-2\">WP4JSJ<\/td><td class=\"column-3\">447.300<\/td><td class=\"column-4\">GENERADOR ELECTRICO PORTATIL<\/td><td class=\"column-5\">SI<\/td><td class=\"column-6\">SI<\/td>\n<\/tr>\n<tr class=\"row-3\">\n\t<td class=\"column-1\">6\/7\/2021 17:09:53<\/td><td class=\"column-2\">KP4IN<\/td><td class=\"column-3\">446.500<\/td><td class=\"column-4\">BANCO DE BATERIAS, GENERADOR ELECTRICO PORTATIL<\/td><td class=\"column-5\">SI<\/td><td class=\"column-6\">SI<\/td>\n<\/tr>\n<tr class=\"row-4\">\n\t<td class=\"column-1\">6\/7\/2021 11:13:23<\/td><td class=\"column-2\">NP4JN<\/td><td class=\"column-3\">224.820<\/td><td class=\"column-4\">BANCO DE BATERIAS, GENERADOR ELECTRICO PORTATIL, ENERGIA RENOVABLE SOLAR<\/td><td class=\"column-5\">SI<\/td><td class=\"column-6\">SI<\/td>\n<\/tr>\n<tr class=\"row-5\">\n\t<td class=\"column-1\">6\/7\/2021 11:16:40<\/td><td class=\"column-2\">KP4MSR<\/td><td class=\"column-3\">447.550<\/td><td class=\"column-4\">BANCO DE BATERIAS, GENERADOR ELECTRICO PORTATIL, ENERGIA RENOVABLE SOLAR<\/td><td class=\"column-5\">SI<\/td><td class=\"column-6\">SI<\/td>\n<\/tr>\n<tr class=\"row-6\">\n\t<td class=\"column-1\">6\/7\/2021 13:28:09<\/td><td class=\"column-2\">WP4J<\/td><td class=\"column-3\">145.210 7 LA CADENA DEL BACALAO EN TOTAL Y SUS AFILIACIONES<\/td><td class=\"column-4\">GENERADOR ELECTRICO PORTATIL<\/td><td class=\"column-5\">SI<\/td><td class=\"column-6\">SI<\/td>\n<\/tr>\n<tr class=\"row-7\">\n\t<td class=\"column-1\">6\/7\/2021 18:14:27<\/td><td class=\"column-2\">KP4IA<\/td><td class=\"column-3\">145.370 MHz (-600) sin tono<\/td><td class=\"column-4\">GENERADOR ELECTRICO PORTATIL<\/td><td class=\"column-5\">SI<\/td><td class=\"column-6\">SI<\/td>\n<\/tr>\n<tr class=\"row-8\">\n\t<td class=\"column-1\">6\/7\/2021 11:58:14<\/td><td class=\"column-2\">KP4FHT<\/td><td class=\"column-3\">449.175<\/td><td class=\"column-4\">BANCO DE BATERIAS, ENERGIA RENOVABLE SOLAR, ENERGIA RENOVABLE DE VIENTO (MOLINO DE VIENTO)<\/td><td class=\"column-5\">SI<\/td><td class=\"column-6\">SI<\/td>\n<\/tr>\n<tr class=\"row-9\">\n\t<td class=\"column-1\">6\/7\/2021 12:16:32<\/td><td class=\"column-2\">KP4CAR<\/td><td class=\"column-3\">147.210    449.800<\/td><td class=\"column-4\">BANCO DE BATERIAS, GENERADOR ELECTRICO PORTATIL<\/td><td class=\"column-5\">SI<\/td><td class=\"column-6\">SI<\/td>\n<\/tr>\n<tr class=\"row-10\">\n\t<td class=\"column-1\">6\/8\/2021 0:49:24<\/td><td class=\"column-2\">KP4ZZ<\/td><td class=\"column-3\">440.125 \/  440.175<\/td><td class=\"column-4\">BANCO DE BATERIAS, GENERADOR ELECTRICO PORTATIL, ENERGIA RENOVABLE SOLAR<\/td><td class=\"column-5\">SI<\/td><td class=\"column-6\">SI<\/td>\n<\/tr>\n<tr class=\"row-11\">\n\t<td class=\"column-1\">6\/8\/2021 9:02:17<\/td><td class=\"column-2\">WP3JJ -KP4ECO<\/td><td class=\"column-3\">446.525 \/ 440.750<\/td><td class=\"column-4\">BANCO DE BATERIAS, GENERADOR ELECTRICO PORTATIL, ENERGIA RENOVABLE SOLAR<\/td><td class=\"column-5\">SI<\/td><td class=\"column-6\">SI<\/td>\n<\/tr>\n<tr class=\"row-12\">\n\t<td class=\"column-1\">6\/10\/2021 14:39:32<\/td><td class=\"column-2\">WP4LCS<\/td><td class=\"column-3\">446.575  TONO 67<\/td><td class=\"column-4\">ENERGIA RENOVABLE SOLAR<\/td><td class=\"column-5\">SI<\/td><td class=\"column-6\">SI<\/td>\n<\/tr>\n<tr class=\"row-13\">\n\t<td class=\"column-1\">6\/7\/2021 18:12:28<\/td><td class=\"column-2\">wp3of<\/td><td class=\"column-3\">447.575MHz, 449.025MHz(2), 440.225MHz, 146.870MHz<\/td><td class=\"column-4\">BANCO DE BATERIAS, GENERADOR ELECTRICO PORTATIL, ENERGIA RENOVABLE SOLAR<\/td><td class=\"column-5\">SI<\/td><td class=\"column-6\">SI<\/td>\n<\/tr>\n<tr class=\"row-14\">\n\t<td class=\"column-1\">6\/7\/2021 16:07:35<\/td><td class=\"column-2\">NP3H<\/td><td class=\"column-3\">448.250 MHZ,146.690 MHZ,146.990<\/td><td class=\"column-4\">BANCO DE BATERIAS, ENERGIA RENOVABLE SOLAR<\/td><td class=\"column-5\">SI<\/td><td class=\"column-6\">SI<\/td>\n<\/tr>\n<tr class=\"row-15\">\n\t<td class=\"column-1\">6\/7\/2021 17:13:40<\/td><td class=\"column-2\">KP4FRA<\/td><td class=\"column-3\">448.400, 145110, 146.830 y 146.930<\/td><td class=\"column-4\">GENERADOR ELECTRICO PORTATIL<\/td><td class=\"column-5\">SI<\/td><td class=\"column-6\">SI<\/td>\n<\/tr>\n<tr class=\"row-16\">\n\t<td class=\"column-1\">6\/7\/2021 16:32:15<\/td><td class=\"column-2\">Kp4hl<\/td><td class=\"column-3\">448.4625-449.9125<\/td><td class=\"column-4\">GENERADOR ELECTRICO PORTATIL<\/td><td class=\"column-5\">SI<\/td><td class=\"column-6\">SI<\/td>\n<\/tr>\n<tr class=\"row-17\">\n\t<td class=\"column-1\">6\/7\/2021 11:17:13<\/td><td class=\"column-2\">KP3CR<\/td><td class=\"column-3\">448.625 tono 94.8<\/td><td class=\"column-4\">BANCO DE BATERIAS, GENERADOR ELECTRICO PORTATIL<\/td><td class=\"column-5\">SI<\/td><td class=\"column-6\">SI<\/td>\n<\/tr>\n<tr class=\"row-18\">\n\t<td class=\"column-1\">6\/9\/2021 15:50:37<\/td><td class=\"column-2\">NP4PS<\/td><td class=\"column-3\">449.400<\/td><td class=\"column-4\">BANCO DE BATERIAS, ENERGIA RENOVABLE SOLAR<\/td><td class=\"column-5\">SI<\/td><td class=\"column-6\">SI<\/td>\n<\/tr>\n<tr class=\"row-19\">\n\t<td class=\"column-1\">6\/10\/2021 17:08:58<\/td><td class=\"column-2\">KP3BR<\/td><td class=\"column-3\">N\/A<\/td><td class=\"column-4\">GENERADOR ELECTRICO PORTATIL<\/td><td class=\"column-5\">NO<\/td><td class=\"column-6\">NO<\/td>\n<\/tr>\n<tr class=\"row-20\">\n\t<td class=\"column-1\">6\/17\/2021 20:52:51<\/td><td class=\"column-2\">KP4CRN<\/td><td class=\"column-3\">440.975 - 446.175 MHz<\/td><td class=\"column-4\">BANCO DE BATERIAS, GENERADOR ELECTRICO PORTATIL, ENERGIA RENOVABLE SOLAR<\/td><td class=\"column-5\">SI<\/td><td class=\"column-6\">SI<\/td>\n<\/tr>\n<tr class=\"row-21\">\n\t<td class=\"column-1\">6\/7\/2021 12:51:13<\/td><td class=\"column-2\">WP4RNQ<\/td><td class=\"column-3\">446.200<\/td><td class=\"column-4\">BANCO DE BATERIAS, GENERADOR ELECTRICO PORTATIL<\/td><td class=\"column-5\">SI<\/td><td class=\"column-6\">SI<\/td>\n<\/tr>\n<tr class=\"row-22\">\n\t<td class=\"column-1\">7\/2\/2021 13:18:37<\/td><td class=\"column-2\">Kp4mrc<\/td><td class=\"column-3\">446.300<\/td><td class=\"column-4\">BANCO DE BATERIAS, GENERADOR ELECTRICO PORTATIL, ENERGIA RENOVABLE SOLAR<\/td><td class=\"column-5\">SI<\/td><td class=\"column-6\">SI<\/td>\n<\/tr>\n<tr class=\"row-23\">\n\t<td class=\"column-1\">8\/24\/2021 12:57:51<\/td><td class=\"column-2\">KP4AMV<\/td><td class=\"column-3\">145.150 Mhz<\/td><td class=\"column-4\">BANCO DE BATERIAS, GENERADOR ELECTRICO PORTATIL<\/td><td class=\"column-5\">SI<\/td><td class=\"column-6\">SI<\/td>\n<\/tr>\n<tr class=\"row-24\">\n\t<td class=\"column-1\">6\/29\/2022 8:35:26<\/td><td class=\"column-2\">Np3kq<\/td><td class=\"column-3\">449.125<\/td><td class=\"column-4\">GENERADOR ELECTRICO PORTATIL<\/td><td class=\"column-5\">SI<\/td><td class=\"column-6\">SI<\/td>\n<\/tr>\n<tr class=\"row-25\">\n\t<td class=\"column-1\">5\/4\/2023 11:39:54<\/td><td class=\"column-2\">KP4CAR<\/td><td class=\"column-3\">147.210 y 449.800<\/td><td class=\"column-4\">BANCO DE BATERIAS, GENERADOR ELECTRICO PORTATIL<\/td><td class=\"column-5\">SI<\/td><td class=\"column-6\">SI<\/td>\n<\/tr>\n<tr class=\"row-26\">\n\t<td class=\"column-1\">5\/4\/2023 11:40:38<\/td><td class=\"column-2\">KP4F<\/td><td class=\"column-3\">147.130<\/td><td class=\"column-4\">GENERADOR ELECTRICO PORTATIL, ENERGIA RENOVABLE SOLAR<\/td><td class=\"column-5\">SI<\/td><td class=\"column-6\">SI<\/td>\n<\/tr>\n<tr class=\"row-27\">\n\t<td class=\"column-1\">5\/4\/2023 11:41:03<\/td><td class=\"column-2\">KP4IA<\/td><td class=\"column-3\">145.370 (-600) sin tono<\/td><td class=\"column-4\">GENERADOR ELECTRICO PORTATIL<\/td><td class=\"column-5\">SI<\/td><td class=\"column-6\">SI<\/td>\n<\/tr>\n<tr class=\"row-28\">\n\t<td class=\"column-1\">5\/4\/2023 11:48:44<\/td><td class=\"column-2\">WP3L<\/td><td class=\"column-3\">447.175<\/td><td class=\"column-4\">GENERADOR ELECTRICO PORTATIL, ENERGIA RENOVABLE SOLAR<\/td><td class=\"column-5\">SI<\/td><td class=\"column-6\">SI<\/td>\n<\/tr>\n<tr class=\"row-29\">\n\t<td class=\"column-1\">5\/4\/2023 12:35:04<\/td><td class=\"column-2\">NP4PC<\/td><td class=\"column-3\">448.650<\/td><td class=\"column-4\">BANCO DE BATERIAS, ENERGIA RENOVABLE SOLAR<\/td><td class=\"column-5\">SI<\/td><td class=\"column-6\">SI<\/td>\n<\/tr>\n<tr class=\"row-30\">\n\t<td class=\"column-1\">5\/4\/2023 12:53:48<\/td><td class=\"column-2\">KP4ASD<\/td><td class=\"column-3\">449.150<\/td><td class=\"column-4\">BANCO DE BATERIAS, GENERADOR ELECTRICO PORTATIL<\/td><td class=\"column-5\">SI<\/td><td class=\"column-6\">SI<\/td>\n<\/tr>\n<tr class=\"row-31\">\n\t<td class=\"column-1\">5\/4\/2023 13:41:47<\/td><td class=\"column-2\">WP4KEY<\/td><td class=\"column-3\">440.600<\/td><td class=\"column-4\">BANCO DE BATERIAS, GENERADOR ELECTRICO PORTATIL, ENERGIA RENOVABLE SOLAR<\/td><td class=\"column-5\">SI<\/td><td class=\"column-6\">SI<\/td>\n<\/tr>\n<tr class=\"row-32\">\n\t<td class=\"column-1\">5\/4\/2023 19:47:01<\/td><td class=\"column-2\">NP3MR<\/td><td class=\"column-3\">449.675<\/td><td class=\"column-4\">BANCO DE BATERIAS, GENERADOR ELECTRICO PORTATIL, ENERGIA RENOVABLE SOLAR<\/td><td class=\"column-5\">SI<\/td><td class=\"column-6\">SI<\/td>\n<\/tr>\n<tr class=\"row-33\">\n\t<td class=\"column-1\">5\/4\/2023 20:45:38<\/td><td class=\"column-2\">Kp4kji<\/td><td class=\"column-3\">448.200  MHz<\/td><td class=\"column-4\">BANCO DE BATERIAS, ENERGIA RENOVABLE SOLAR<\/td><td class=\"column-5\">SI<\/td><td class=\"column-6\">SI<\/td>\n<\/tr>\n<tr class=\"row-34\">\n\t<td class=\"column-1\">5\/4\/2023 20:49:39<\/td><td class=\"column-2\">Kp4kji<\/td><td class=\"column-3\">145.170<\/td><td class=\"column-4\">BANCO DE BATERIAS, ENERGIA RENOVABLE SOLAR<\/td><td class=\"column-5\">SI<\/td><td class=\"column-6\">SI<\/td>\n<\/tr>\n<tr class=\"row-35\">\n\t<td class=\"column-1\">5\/5\/2023 7:48:38<\/td><td class=\"column-2\">KP3AB<\/td><td class=\"column-3\">145.19  145.35  146.73  146.77<\/td><td class=\"column-4\">GENERADOR ELECTRICO PORTATIL<\/td><td class=\"column-5\">SI<\/td><td class=\"column-6\">SI<\/td>\n<\/tr>\n<tr class=\"row-36\">\n\t<td class=\"column-1\">5\/5\/2023 9:32:10<\/td><td class=\"column-2\">NP4JN<\/td><td class=\"column-3\">224.820<\/td><td class=\"column-4\">BANCO DE BATERIAS, GENERADOR ELECTRICO PORTATIL, ENERGIA RENOVABLE SOLAR<\/td><td class=\"column-5\">SI<\/td><td class=\"column-6\">SI<\/td>\n<\/tr>\n<tr class=\"row-37\">\n\t<td class=\"column-1\">5\/8\/2023 7:45:10<\/td><td class=\"column-2\">WP4KY<\/td><td class=\"column-3\">447.025<\/td><td class=\"column-4\">BANCO DE BATERIAS<\/td><td class=\"column-5\">SI<\/td><td class=\"column-6\">SI<\/td>\n<\/tr>\n<tr class=\"row-38\">\n\t<td class=\"column-1\">5\/13\/2023 11:14:29<\/td><td class=\"column-2\">Kp4lcs<\/td><td class=\"column-3\">446.575<\/td><td class=\"column-4\">ENERGIA RENOVABLE SOLAR<\/td><td class=\"column-5\">SI<\/td><td class=\"column-6\">SI<\/td>\n<\/tr>\n<tr class=\"row-39\">\n\t<td class=\"column-1\">6\/19\/2023 8:46:08<\/td><td class=\"column-2\">KP4ZZ<\/td><td class=\"column-3\">147.110 \/ 224.560 \/ 224.940 \/ 440.125 \/ 440.175 \/ 927.100 \/ 927.625<\/td><td class=\"column-4\">BANCO DE BATERIAS, GENERADOR ELECTRICO PORTATIL, ENERGIA RENOVABLE SOLAR<\/td><td class=\"column-5\">SI<\/td><td class=\"column-6\">SI<\/td>\n<\/tr>\n<tr class=\"row-40\">\n\t<td class=\"column-1\">6\/20\/2023 12:22:16<\/td><td class=\"column-2\">KP4PUA<\/td><td class=\"column-3\">446.875<\/td><td class=\"column-4\">BANCO DE BATERIAS, GENERADOR ELECTRICO PORTATIL, ENERGIA RENOVABLE SOLAR<\/td><td class=\"column-5\">SI<\/td><td class=\"column-6\">SI<\/td>\n<\/tr>\n<tr class=\"row-41\">\n\t<td class=\"column-1\">7\/3\/2023 22:32:43<\/td><td class=\"column-2\">WP4JOT<\/td><td class=\"column-3\">446.700 MHz OFFSET -5<\/td><td class=\"column-4\">GENERADOR ELECTRICO PORTATIL<\/td><td class=\"column-5\">SI<\/td><td class=\"column-6\">SI<\/td>\n<\/tr>\n<tr class=\"row-42\">\n\t<td class=\"column-1\">9\/14\/2023 1:55:39<\/td><td class=\"column-2\">kp4lcs<\/td><td class=\"column-3\">147.030      446.575<\/td><td class=\"column-4\">ENERGIA RENOVABLE SOLAR<\/td><td class=\"column-5\">SI<\/td><td class=\"column-6\">SI<\/td>\n<\/tr>\n<tr class=\"row-43\">\n\t<td class=\"column-1\">9\/15\/2023 19:59:48<\/td><td class=\"column-2\">NP4NC<\/td><td class=\"column-3\">446.150<\/td><td class=\"column-4\">ENERGIA RENOVABLE SOLAR<\/td><td class=\"column-5\">SI<\/td><td class=\"column-6\">SI<\/td>\n<\/tr>\n<tr class=\"row-44\">\n\t<td class=\"column-1\">9\/15\/2023 20:01:30<\/td><td class=\"column-2\">NP4NN<\/td><td class=\"column-3\">440.500<\/td><td class=\"column-4\">ENERGIA RENOVABLE SOLAR<\/td><td class=\"column-5\">SI<\/td><td class=\"column-6\">SI<\/td>\n<\/tr>\n<tr class=\"row-45\">\n\t<td class=\"column-1\">9\/15\/2023 20:02:43<\/td><td class=\"column-2\">KP4BQN<\/td><td class=\"column-3\">224.420<\/td><td class=\"column-4\">BANCO DE BATERIAS<\/td><td class=\"column-5\">SI<\/td><td class=\"column-6\">SI<\/td>\n<\/tr>\n<tr class=\"row-46\">\n\t<td class=\"column-1\">6\/1\/2024 16:49:22<\/td><td class=\"column-2\">WP3YQ<\/td><td class=\"column-3\">446.950 Tono 225.7  224.380 Tono 123.0 meter<\/td><td class=\"column-4\">GENERADOR ELECTRICO PORTATIL, ENERGIA RENOVABLE SOLAR<\/td><td class=\"column-5\">SI<\/td><td class=\"column-6\">SI<\/td>\n<\/tr>\n<tr class=\"row-47\">\n\t<td class=\"column-1\">6\/2\/2024 12:18:30<\/td><td class=\"column-2\">kq4hac<\/td><td class=\"column-3\">446.675<\/td><td class=\"column-4\">ENERGIA RENOVABLE SOLAR<\/td><td class=\"column-5\">SI<\/td><td class=\"column-6\">SI<\/td>\n<\/tr>\n<tr class=\"row-48\">\n\t<td class=\"column-1\">6\/2\/2024 13:07:43<\/td><td class=\"column-2\">KP4AMV<\/td><td class=\"column-3\">145.150 - 448.800<\/td><td class=\"column-4\">BANCO DE BATERIAS, GENERADOR ELECTRICO PORTATIL<\/td><td class=\"column-5\">SI<\/td><td class=\"column-6\">SI<\/td>\n<\/tr>\n<tr class=\"row-49\">\n\t<td class=\"column-1\">6\/5\/2024 8:04:40<\/td><td class=\"column-2\">KP4PDU<\/td><td class=\"column-3\">445.150 MHz<\/td><td class=\"column-4\">GENERADOR ELECTRICO PORTATIL, ENERGIA RENOVABLE SOLAR<\/td><td class=\"column-5\">SI<\/td><td class=\"column-6\">SI<\/td>\n<\/tr>\n<tr class=\"row-50\">\n\t<td class=\"column-1\">1\/26\/2025 9:27:21<\/td><td class=\"column-2\">NW4A<\/td><td class=\"column-3\">440.325 &amp; 446.125<\/td><td class=\"column-4\">BANCO DE BATERIAS, GENERADOR ELECTRICO PORTATIL<\/td><td class=\"column-5\">SI<\/td><td class=\"column-6\">SI<\/td>\n<\/tr>\n<tr class=\"row-51\">\n\t<td class=\"column-1\">10\/27\/2025 18:53:23<\/td><td class=\"column-2\">WP4-SIT<\/td><td class=\"column-3\">145.130<\/td><td class=\"column-4\">BANCO DE BATERIAS, GENERADOR ELECTRICO PORTATIL, ENERGIA RENOVABLE SOLAR<\/td><td class=\"column-5\">SI<\/td><td class=\"column-6\">SI<\/td>\n<\/tr>\n<\/tbody>\n<\/table>\n<!-- #tablepress-26 from cache -->\n<p>[\/et_pb_text][\/et_pb_column][\/et_pb_row][et_pb_row _builder_version=&#8221;4.25.2&#8243; _module_preset=&#8221;default&#8221; global_colors_info=&#8221;{}&#8221;][et_pb_column type=&#8221;4_4&#8243; _builder_version=&#8221;4.25.2&#8243; _module_preset=&#8221;default&#8221; global_colors_info=&#8221;{}&#8221;][et_pb_image src=&#8221;https:\/\/prvi-vfc.org\/web\/wp-content\/uploads\/2026\/04\/ChatGPT-Image-15-abr-2026-18_41_48-1.png&#8221; align=&#8221;center&#8221; _builder_version=&#8221;4.25.2&#8243; _module_preset=&#8221;default&#8221; width=&#8221;80%&#8221; max_width=&#8221;81%&#8221; custom_margin=&#8221;-13px|||||&#8221; animation_style=&#8221;zoom&#8221; animation_duration=&#8221;1750ms&#8221; global_colors_info=&#8221;{}&#8221;][\/et_pb_image][\/et_pb_column][\/et_pb_row][et_pb_row _builder_version=&#8221;4.25.2&#8243; _module_preset=&#8221;default&#8221; custom_padding=&#8221;0px|||||&#8221; global_colors_info=&#8221;{}&#8221;][et_pb_column type=&#8221;4_4&#8243; _builder_version=&#8221;4.25.2&#8243; _module_preset=&#8221;default&#8221; global_colors_info=&#8221;{}&#8221;][et_pb_text _builder_version=&#8221;4.25.2&#8243; _module_preset=&#8221;default&#8221; custom_margin=&#8221;-76px|||||&#8221; custom_padding=&#8221;0px|||||&#8221; text_text_shadow_style=&#8221;preset1&#8243; text_text_shadow_blur_strength=&#8221;0.28em&#8221; text_text_shadow_color=&#8221;#0C71C3&#8243; global_colors_info=&#8221;{}&#8221;]<\/p>\n<h2 style=\"text-align: center;\"><strong><span style=\"color: #000080;\">Derechos Reservados 2026<\/span>\u00a0<span style=\"color: #ff0000;\">PRVIVFC<\/span><\/strong><\/h2>\n<p>[\/et_pb_text][\/et_pb_column][\/et_pb_row][\/et_pb_section]<\/p>\n","protected":false},"excerpt":{"rendered":"<p>Solicitudes de Repetidores a usarse en una Emergencia\u00a0 \u00a0Este formulario tiene el prop\u00f3sito de recopilar la informaci\u00f3n necesaria en forma voluntaria aquellos repetidores que con la autorizaci\u00f3n del trustee puedan usarse en caso de alguna emergencia emitida por las agencias correspondientes del gobierno de nuestra Isla de Puerto Rico. Es importante que los repetidores tengan [&hellip;]<\/p>\n","protected":false},"author":2,"featured_media":0,"parent":0,"menu_order":0,"comment_status":"closed","ping_status":"closed","template":"","meta":{"_et_pb_use_builder":"on","_et_pb_old_content":"","_et_gb_content_width":"","footnotes":""},"class_list":["post-231612","page","type-page","status-publish","hentry"],"_links":{"self":[{"href":"https:\/\/prvi-vfc.org\/web\/wp-json\/wp\/v2\/pages\/231612","targetHints":{"allow":["GET"]}}],"collection":[{"href":"https:\/\/prvi-vfc.org\/web\/wp-json\/wp\/v2\/pages"}],"about":[{"href":"https:\/\/prvi-vfc.org\/web\/wp-json\/wp\/v2\/types\/page"}],"author":[{"embeddable":true,"href":"https:\/\/prvi-vfc.org\/web\/wp-json\/wp\/v2\/users\/2"}],"replies":[{"embeddable":true,"href":"https:\/\/prvi-vfc.org\/web\/wp-json\/wp\/v2\/comments?post=231612"}],"version-history":[{"count":7,"href":"https:\/\/prvi-vfc.org\/web\/wp-json\/wp\/v2\/pages\/231612\/revisions"}],"predecessor-version":[{"id":231683,"href":"https:\/\/prvi-vfc.org\/web\/wp-json\/wp\/v2\/pages\/231612\/revisions\/231683"}],"wp:attachment":[{"href":"https:\/\/prvi-vfc.org\/web\/wp-json\/wp\/v2\/media?parent=231612"}],"curies":[{"name":"wp","href":"https:\/\/api.w.org\/{rel}","templated":true}]}}