{"id":231600,"date":"2026-04-27T15:45:48","date_gmt":"2026-04-27T15:45:48","guid":{"rendered":"https:\/\/prvi-vfc.org\/web\/?page_id=231600"},"modified":"2026-04-27T21:40:43","modified_gmt":"2026-04-27T21:40:43","slug":"solicitudes-repetidores-fuera-del-aire","status":"publish","type":"page","link":"https:\/\/prvi-vfc.org\/web\/solicitudes-repetidores-fuera-del-aire\/","title":{"rendered":"SOLICITUDES REPETIDORES FUERA DEL AIRE"},"content":{"rendered":"<p>[et_pb_section fb_built=&#8221;1&#8243; _builder_version=&#8221;4.25.2&#8243; _module_preset=&#8221;default&#8221; global_colors_info=&#8221;{}&#8221;][et_pb_row _builder_version=&#8221;4.25.2&#8243; _module_preset=&#8221;default&#8221; custom_padding=&#8221;0px|||||&#8221; global_colors_info=&#8221;{}&#8221;][et_pb_column type=&#8221;4_4&#8243; _builder_version=&#8221;4.25.2&#8243; _module_preset=&#8221;default&#8221; global_colors_info=&#8221;{}&#8221;][et_pb_text _builder_version=&#8221;4.25.2&#8243; _module_preset=&#8221;default&#8221; text_font=&#8221;|800|||||||&#8221; text_text_shadow_style=&#8221;preset1&#8243; text_text_shadow_blur_strength=&#8221;0.37em&#8221; text_text_shadow_color=&#8221;#0C71C3&#8243; global_colors_info=&#8221;{}&#8221;]<\/p>\n<h1 style=\"text-align: center;\"><span style=\"color: #ff0000;\"><strong>Solicitudes de Repetidores fuera del Aire<\/strong><\/span><\/h1>\n<p>[\/et_pb_text][\/et_pb_column][\/et_pb_row][et_pb_row _builder_version=&#8221;4.25.2&#8243; _module_preset=&#8221;default&#8221; custom_padding=&#8221;0px|||||&#8221; global_colors_info=&#8221;{}&#8221;][et_pb_column type=&#8221;4_4&#8243; _builder_version=&#8221;4.25.2&#8243; _module_preset=&#8221;default&#8221; global_colors_info=&#8221;{}&#8221;][et_pb_image src=&#8221;https:\/\/prvi-vfc.org\/web\/wp-content\/uploads\/2026\/04\/ChatGPT-Image-27-abr-2026-11_51_37.png&#8221; align=&#8221;center&#8221; _builder_version=&#8221;4.25.2&#8243; _module_preset=&#8221;default&#8221; width=&#8221;80%&#8221; max_width=&#8221;80%&#8221; animation_style=&#8221;zoom&#8221; animation_duration=&#8221;1650ms&#8221; box_shadow_style=&#8221;preset1&#8243; box_shadow_color=&#8221;#0C71C3&#8243; global_colors_info=&#8221;{}&#8221;][\/et_pb_image][\/et_pb_column][\/et_pb_row][et_pb_row _builder_version=&#8221;4.25.2&#8243; _module_preset=&#8221;default&#8221; global_colors_info=&#8221;{}&#8221;][et_pb_column type=&#8221;4_4&#8243; _builder_version=&#8221;4.25.2&#8243; _module_preset=&#8221;default&#8221; global_colors_info=&#8221;{}&#8221;][et_pb_text _builder_version=&#8221;4.25.2&#8243; _module_preset=&#8221;default&#8221; text_font=&#8221;|800|||||||&#8221; text_text_color=&#8221;#000000&#8243; global_colors_info=&#8221;{}&#8221;]<\/p>\n<p><span> Saludos a la Comunidad de usuarios de Repetidores de Puerto Rico e Islas V\u00edrgenes en este formulario <\/span><b>usted podr\u00e1 ayudarnos a notificar si un repetidor se encuentra fuera del aire OFF AIR. Es confidencial y seguro porque nunca se pedira ninguna informaci\u00f3n de usted<\/b><span>. El <\/span><span style=\"color: #e02b20;\"><b>PR<\/b><b style=\"font-size: 14px;\">VIVFC<\/b><\/span><span style=\"font-size: 14px;\">\u00a0verificar\u00e1 en forma confidencial si la informaci\u00f3n que nos proveen es cierta. Llene los campos a continuaci\u00f3n.<\/span><\/p>\n<div><span>\u00a0<\/span><\/div>\n<div><span>B\u00fasqueda de Repetidores OFF AIR<\/span><\/div>\n<div><span><\/span><\/div>\n<div><span><\/span><\/div>\n<div>\n<p>\u00a0 En esta secci\u00f3n es dedicada a la comunidad de usuarios que usan los diferentes repetidores de Puerto Rico e Islas V\u00edrgenes con el fin de informar en forma voluntaria si alg\u00fan repetidor est\u00e1 fuera del aire (<span><em>OFF AIR<\/em><\/span>) para que el <span style=\"color: #e02b20;\"><b>PR<\/b><b style=\"font-size: 14px;\">VIVFC<\/b><\/span>\u00a0pueda verificar si la informaci\u00f3n suministrada es cierta.\u00a0<em><u>No se requiere ninguna informaci\u00f3n personal de la persona que informa sobre alg\u00fan repetidor que no tenga actividad en el aire<\/u><\/em>. La informaci\u00f3n recopilada es\u00a0<span><em>estrictamente confidencial<\/em><\/span>. En el enlace usted llenar\u00e1 un formulario sencillo y r\u00e1pido para poderlo enviarnos a la entidad coordinadora para que verifique si la informaci\u00f3n es v\u00e1lida.<\/p>\n<p><span style=\"color: #07337a;\">La importancia de esta\u00a0<em>iniciativa<\/em> es:<\/span><\/p>\n<ul>\n<li><span style=\"color: #106014;\">Es mantener los repetidores que est\u00e9n en el aire (ON AIR).<\/span><\/li>\n<li><span style=\"color: #106014;\">Poder dar seguimiento a el repetidor fuera del aire.<\/span><\/li>\n<li><span style=\"color: #106014;\">Actualizar el databases del<span style=\"color: #e02b20;\"> <b>PR<\/b><b>VIVFC<\/b><\/span>.<\/span><\/li>\n<li><span style=\"color: #106014;\">Actualizar la tabla de repetidores.<\/span><\/li>\n<\/ul>\n<p>El <span style=\"color: #e02b20;\"><b>PR<\/b><b style=\"font-size: 14px;\">VIVFC<\/b><\/span>\u00a0le agradece su cooperaci\u00f3n para mantener todos los repetidores que est\u00e9n en el aire.<\/p>\n<p><b><span style=\"color: #e02b20;\">Nota<\/span>:<\/b> Este formulario est\u00e1 constituido como lo establece la gu\u00eda operacional del <span style=\"color: #e02b20;\"><b>PR<\/b><b style=\"font-size: 14px;\">VIVFC<\/b><\/span>.<\/p>\n<\/div>\n<div><\/div>\n<p>[\/et_pb_text][\/et_pb_column][\/et_pb_row][et_pb_row _builder_version=&#8221;4.25.2&#8243; _module_preset=&#8221;default&#8221; custom_padding=&#8221;0px||0px|||&#8221; global_colors_info=&#8221;{}&#8221;][et_pb_column type=&#8221;4_4&#8243; _builder_version=&#8221;4.25.2&#8243; _module_preset=&#8221;default&#8221; global_colors_info=&#8221;{}&#8221;][et_pb_text _builder_version=&#8221;4.25.2&#8243; _module_preset=&#8221;default&#8221; text_font=&#8221;|800|||||||&#8221; min_height=&#8221;2674.2px&#8221; custom_margin=&#8221;|-93px||-82px||&#8221; custom_padding=&#8221;0px|||||&#8221; global_colors_info=&#8221;{}&#8221;]<\/p>\n\n<table id=\"tablepress-25\" class=\"tablepress tablepress-id-25\">\n<thead>\n<tr class=\"row-1\">\n\t<th class=\"column-1\">FECHA \/ HORA<\/th><th class=\"column-2\">FRECUENCIA A VERIFICAR DEL REPETIDOR<\/th><th class=\"column-3\">SU LOCALIZACI\u00d3N SEG\u00daN LA TABLA DEL PR\/VI VFC INC.<\/th><th class=\"column-4\">TIPO DE REPETIDOR<\/th><th class=\"column-5\">TIEMPO APROXIMADO QUE EL REPETIDOR ESTA FUERA DEL AIRE<\/th><th class=\"column-6\">\u00bfQUE TIPO DE RADIO US\u00d3 PARA VERIFICAR?<\/th>\n<\/tr>\n<\/thead>\n<tbody class=\"row-striping row-hover\">\n<tr class=\"row-2\">\n\t<td class=\"column-1\">7\/13\/2021 11:11:47<\/td><td class=\"column-2\">147.390<\/td><td class=\"column-3\">SAN JUAN<\/td><td class=\"column-4\">AN\u00c1LOGO<\/td><td class=\"column-5\">UN A\u00d1O O M\u00c1S<\/td><td class=\"column-6\">YAESU 5100<\/td>\n<\/tr>\n<tr class=\"row-3\">\n\t<td class=\"column-1\">7\/13\/2021 11:11:01<\/td><td class=\"column-2\">145.290<\/td><td class=\"column-3\">JAYUYA<\/td><td class=\"column-4\">AN\u00c1LOGO<\/td><td class=\"column-5\">UN A\u00d1O O M\u00c1S<\/td><td class=\"column-6\">ICOM 2410 H<\/td>\n<\/tr>\n<tr class=\"row-4\">\n\t<td class=\"column-1\">8\/21\/2021 19:24:35<\/td><td class=\"column-2\">146.690<\/td><td class=\"column-3\">RIO GRANDE<\/td><td class=\"column-4\">AN\u00c1LOGO<\/td><td class=\"column-5\">6 MESES O M\u00c1S<\/td><td class=\"column-6\">ICOM 7100<\/td>\n<\/tr>\n<tr class=\"row-5\">\n\t<td class=\"column-1\">8\/21\/2021 19:25:42<\/td><td class=\"column-2\">146.990<\/td><td class=\"column-3\">FAJARDO<\/td><td class=\"column-4\">AN\u00c1LOGO<\/td><td class=\"column-5\">6 MESES O M\u00c1S<\/td><td class=\"column-6\">YAESU FT 8800R<\/td>\n<\/tr>\n<tr class=\"row-6\">\n\t<td class=\"column-1\">5\/31\/2022 13:04:51<\/td><td class=\"column-2\">147.070<\/td><td class=\"column-3\">Maricao<\/td><td class=\"column-4\">AN\u00c1LOGO<\/td><td class=\"column-5\">1 MES<\/td><td class=\"column-6\">991A YAESU<\/td>\n<\/tr>\n<tr class=\"row-7\">\n\t<td class=\"column-1\">5\/31\/2022 13:05:53<\/td><td class=\"column-2\">448.625<\/td><td class=\"column-3\">Lares<\/td><td class=\"column-4\">AN\u00c1LOGO<\/td><td class=\"column-5\">3 MESES<\/td><td class=\"column-6\">FT 991A<\/td>\n<\/tr>\n<tr class=\"row-8\">\n\t<td class=\"column-1\">5\/31\/2022 13:11:30<\/td><td class=\"column-2\">147.130<\/td><td class=\"column-3\">Maricao<\/td><td class=\"column-4\">AN\u00c1LOGO<\/td><td class=\"column-5\">2 MESES<\/td><td class=\"column-6\">FT 991A<\/td>\n<\/tr>\n<tr class=\"row-9\">\n\t<td class=\"column-1\">10\/28\/2022 21:37:45<\/td><td class=\"column-2\">147.130   446.675   448.650   448.675<\/td><td class=\"column-3\">Maricao e Isabela<\/td><td class=\"column-4\">AN\u00c1LOGO, DIGITAL -  DMR<\/td><td class=\"column-5\">1 MES<\/td><td class=\"column-6\">Anyone 575 UV<\/td>\n<\/tr>\n<tr class=\"row-10\">\n\t<td class=\"column-1\">11\/2\/2022 8:46:37<\/td><td class=\"column-2\">145.310<\/td><td class=\"column-3\">Bayam\u00f3n<\/td><td class=\"column-4\">AN\u00c1LOGO<\/td><td class=\"column-5\">2 MESES<\/td><td class=\"column-6\">Icom FT 8900<\/td>\n<\/tr>\n<tr class=\"row-11\">\n\t<td class=\"column-1\">11\/8\/2022 18:04:19<\/td><td class=\"column-2\">145.270<\/td><td class=\"column-3\">TOA BAJA<\/td><td class=\"column-4\">AN\u00c1LOGO<\/td><td class=\"column-5\">1 MES<\/td><td class=\"column-6\">YAESU TF 8800<\/td>\n<\/tr>\n<tr class=\"row-12\">\n\t<td class=\"column-1\">1\/15\/2023 18:44:01<\/td><td class=\"column-2\">147.030<\/td><td class=\"column-3\">AGUADA<\/td><td class=\"column-4\">AN\u00c1LOGO<\/td><td class=\"column-5\">2 MESES<\/td><td class=\"column-6\">ICOM 2730 A<\/td>\n<\/tr>\n<tr class=\"row-13\">\n\t<td class=\"column-1\">1\/16\/2023 10:59:44<\/td><td class=\"column-2\">147.230<\/td><td class=\"column-3\">AGUADA<\/td><td class=\"column-4\">AN\u00c1LOGO<\/td><td class=\"column-5\">1 MES<\/td><td class=\"column-6\">YAESU FT 991<\/td>\n<\/tr>\n<tr class=\"row-14\">\n\t<td class=\"column-1\">2\/23\/2023 14:28:44<\/td><td class=\"column-2\">147.030<\/td><td class=\"column-3\">AGUADA<\/td><td class=\"column-4\">AN\u00c1LOGO<\/td><td class=\"column-5\">2 MESES<\/td><td class=\"column-6\">YAESU FT 400<\/td>\n<\/tr>\n<tr class=\"row-15\">\n\t<td class=\"column-1\">1\/3\/2024 22:51:55<\/td><td class=\"column-2\">147.210 Y 449.800 MHz<\/td><td class=\"column-3\">JAYUYA NORTE CENTRAL<\/td><td class=\"column-4\">AN\u00c1LOGO<\/td><td class=\"column-5\">1 MES<\/td><td class=\"column-6\">YAESU FT 8900R<\/td>\n<\/tr>\n<tr class=\"row-16\">\n\t<td class=\"column-1\">2\/8\/2024 13:21:26<\/td><td class=\"column-2\">147.210 mhz<\/td><td class=\"column-3\">Jayuya-Norte<\/td><td class=\"column-4\">AN\u00c1LOGO<\/td><td class=\"column-5\">3 MESES<\/td><td class=\"column-6\">FT - 2980R\/E 80 Watts<\/td>\n<\/tr>\n<tr class=\"row-17\">\n\t<td class=\"column-1\">2\/16\/2024 13:27:51<\/td><td class=\"column-2\">147.210<\/td><td class=\"column-3\">Jayuya Norte \"Cerro Puntas\"<\/td><td class=\"column-4\">AN\u00c1LOGO, DIGITAL - FUSION<\/td><td class=\"column-5\">6 MESES O M\u00c1S, UN A\u00d1O O M\u00c1S<\/td><td class=\"column-6\">Yaesu ftm- 400dr<\/td>\n<\/tr>\n<tr class=\"row-18\">\n\t<td class=\"column-1\">2\/16\/2024 13:29:21<\/td><td class=\"column-2\">147.210<\/td><td class=\"column-3\">Jayuya cerro punta<\/td><td class=\"column-4\">AN\u00c1LOGO<\/td><td class=\"column-5\">6 MESES O M\u00c1S<\/td><td class=\"column-6\">Icom ic 2730a<\/td>\n<\/tr>\n<tr class=\"row-19\">\n\t<td class=\"column-1\">2\/16\/2024 13:30:44<\/td><td class=\"column-2\">147.210<\/td><td class=\"column-3\">Jayuya cerro punta<\/td><td class=\"column-4\">AN\u00c1LOGO<\/td><td class=\"column-5\">3 MESES<\/td><td class=\"column-6\">Kenwood tm d700<\/td>\n<\/tr>\n<tr class=\"row-20\">\n\t<td class=\"column-1\">2\/28\/2024 21:47:00<\/td><td class=\"column-2\">146.690,448.250,224.240<\/td><td class=\"column-3\">Rio Grande<\/td><td class=\"column-4\">AN\u00c1LOGO<\/td><td class=\"column-5\">2 MESES<\/td><td class=\"column-6\">Kenwood,spectrum<\/td>\n<\/tr>\n<tr class=\"row-21\">\n\t<td class=\"column-1\">5\/8\/2024 12:01:04<\/td><td class=\"column-2\">147.090 MHz<\/td><td class=\"column-3\">CAYEY<\/td><td class=\"column-4\">AN\u00c1LOGO<\/td><td class=\"column-5\">2 MESES<\/td><td class=\"column-6\">ICOM 5100<\/td>\n<\/tr>\n<tr class=\"row-22\">\n\t<td class=\"column-1\">7\/23\/2024 20:48:02<\/td><td class=\"column-2\">447.400<\/td><td class=\"column-3\">isabela<\/td><td class=\"column-4\">AN\u00c1LOGO<\/td><td class=\"column-5\">1 MES<\/td><td class=\"column-6\">70cm<\/td>\n<\/tr>\n<tr class=\"row-23\">\n\t<td class=\"column-1\">10\/26\/2024 17:15:34<\/td><td class=\"column-2\">449.650 MHz<\/td><td class=\"column-3\">Bayamon<\/td><td class=\"column-4\">AN\u00c1LOGO<\/td><td class=\"column-5\">3 MESES<\/td><td class=\"column-6\">Yaesu Ft 991A<\/td>\n<\/tr>\n<tr class=\"row-24\">\n\t<td class=\"column-1\">11\/1\/2024 20:14:37<\/td><td class=\"column-2\">400.100 MHz<\/td><td class=\"column-3\">Jayuya<\/td><td class=\"column-4\">AN\u00c1LOGO<\/td><td class=\"column-5\">2 MESES<\/td><td class=\"column-6\">Icom 5100D<\/td>\n<\/tr>\n<tr class=\"row-25\">\n\t<td class=\"column-1\">5\/16\/2025 7:26:04<\/td><td class=\"column-2\">145.29<\/td><td class=\"column-3\">PRVI-VFC<\/td><td class=\"column-4\">AN\u00c1LOGO<\/td><td class=\"column-5\">UN A\u00d1O O M\u00c1S<\/td><td class=\"column-6\">ftm-500d<\/td>\n<\/tr>\n<tr class=\"row-26\">\n\t<td class=\"column-1\">5\/16\/2025 7:28:41<\/td><td class=\"column-2\">146.63<\/td><td class=\"column-3\">no aparece en el listado<\/td><td class=\"column-4\">AN\u00c1LOGO<\/td><td class=\"column-5\">UN A\u00d1O O M\u00c1S<\/td><td class=\"column-6\">FTM-500d<\/td>\n<\/tr>\n<tr class=\"row-27\">\n\t<td class=\"column-1\">5\/16\/2025 7:30:15<\/td><td class=\"column-2\">146.91<\/td><td class=\"column-3\">no aparece en el listado<\/td><td class=\"column-4\">AN\u00c1LOGO<\/td><td class=\"column-5\">UN A\u00d1O O M\u00c1S<\/td><td class=\"column-6\">FTM 500d<\/td>\n<\/tr>\n<tr class=\"row-28\">\n\t<td class=\"column-1\">5\/16\/2025 7:33:08<\/td><td class=\"column-2\">146.97<\/td><td class=\"column-3\">no aparece en el listado<\/td><td class=\"column-4\">AN\u00c1LOGO<\/td><td class=\"column-5\">UN A\u00d1O O M\u00c1S<\/td><td class=\"column-6\">FTM-500d<\/td>\n<\/tr>\n<tr class=\"row-29\">\n\t<td class=\"column-1\">7\/8\/2025 21:18:15<\/td><td class=\"column-2\">147.390 MHz<\/td><td class=\"column-3\">SAN JUAN<\/td><td class=\"column-4\">AN\u00c1LOGO<\/td><td class=\"column-5\">2 MESES<\/td><td class=\"column-6\">ICOM 5100<\/td>\n<\/tr>\n<tr class=\"row-30\">\n\t<td class=\"column-1\">8\/14\/2025 18:18:16<\/td><td class=\"column-2\">147.21<\/td><td class=\"column-3\">Yauco<\/td><td class=\"column-4\">AN\u00c1LOGO<\/td><td class=\"column-5\">1 MES<\/td><td class=\"column-6\">yaesu ftm 510<\/td>\n<\/tr>\n<tr class=\"row-31\">\n\t<td class=\"column-1\">8\/14\/2025 18:43:19<\/td><td class=\"column-2\">145.29<\/td><td class=\"column-3\">VEGA ALTA<\/td><td class=\"column-4\">AN\u00c1LOGO, DIGITAL - FUSION<\/td><td class=\"column-5\">UN A\u00d1O O M\u00c1S<\/td><td class=\"column-6\">ftm 500<\/td>\n<\/tr>\n<tr class=\"row-32\">\n\t<td class=\"column-1\">8\/14\/2025 18:45:10<\/td><td class=\"column-2\">146.63<\/td><td class=\"column-3\">no aparece<\/td><td class=\"column-4\">AN\u00c1LOGO, DIGITAL - FUSION<\/td><td class=\"column-5\">UN A\u00d1O O M\u00c1S<\/td><td class=\"column-6\">ftm 500<\/td>\n<\/tr>\n<tr class=\"row-33\">\n\t<td class=\"column-1\">8\/14\/2025 18:46:51<\/td><td class=\"column-2\">146.91<\/td><td class=\"column-3\">no aparece<\/td><td class=\"column-4\">AN\u00c1LOGO, DIGITAL - FUSION<\/td><td class=\"column-5\">UN A\u00d1O O M\u00c1S<\/td><td class=\"column-6\">ftm 500<\/td>\n<\/tr>\n<tr class=\"row-34\">\n\t<td class=\"column-1\">8\/14\/2025 18:49:08<\/td><td class=\"column-2\">146.97<\/td><td class=\"column-3\">no aparece<\/td><td class=\"column-4\">AN\u00c1LOGO, DIGITAL - FUSION<\/td><td class=\"column-5\">UN A\u00d1O O M\u00c1S<\/td><td class=\"column-6\">ftm 500<\/td>\n<\/tr>\n<tr class=\"row-35\">\n\t<td class=\"column-1\">27\/10\/2025 11:45:23<\/td><td class=\"column-2\">147.390 MHz<\/td><td class=\"column-3\">SAN JUAN<\/td><td class=\"column-4\">AN\u00c1LOGO<\/td><td class=\"column-5\">3 MESES<\/td><td class=\"column-6\">ICOM 2730<\/td>\n<\/tr>\n<tr class=\"row-36\">\n\t<td class=\"column-1\">10\/30\/2025 8:15:23<\/td><td class=\"column-2\">440.950 MHz<\/td><td class=\"column-3\">Arecibo<\/td><td class=\"column-4\">AN\u00c1LOGO<\/td><td class=\"column-5\">1 MES<\/td><td class=\"column-6\">Yaesu FT 400<\/td>\n<\/tr>\n<tr class=\"row-37\">\n\t<td class=\"column-1\">12\/10\/2025 22:15:52<\/td><td class=\"column-2\">145.390 MHz<\/td><td class=\"column-3\">OESTE<\/td><td class=\"column-4\">AN\u00c1LOGO, DIGITAL - FUSION<\/td><td class=\"column-5\">1 MES<\/td><td class=\"column-6\">FTM-500<\/td>\n<\/tr>\n<tr class=\"row-38\">\n\t<td class=\"column-1\">1\/24\/2026 12:56:42<\/td><td class=\"column-2\">146.610 MHz<\/td><td class=\"column-3\">Vega Alta<\/td><td class=\"column-4\">AN\u00c1LOGO<\/td><td class=\"column-5\">1 MES<\/td><td class=\"column-6\">Yaesu 8800<\/td>\n<\/tr>\n<tr class=\"row-39\">\n\t<td class=\"column-1\">3\/24\/2026 19:07:36<\/td><td class=\"column-2\">145.390 MHz<\/td><td class=\"column-3\">Jayuya<\/td><td class=\"column-4\">AN\u00c1LOGO<\/td><td class=\"column-5\">3 MESES<\/td><td class=\"column-6\">TYT 7800<\/td>\n<\/tr>\n<\/tbody>\n<\/table>\n<!-- #tablepress-25 from cache -->\n<p>[\/et_pb_text][\/et_pb_column][\/et_pb_row][et_pb_row _builder_version=&#8221;4.25.2&#8243; _module_preset=&#8221;default&#8221; custom_padding=&#8221;0px|||||&#8221; global_colors_info=&#8221;{}&#8221;][et_pb_column type=&#8221;4_4&#8243; _builder_version=&#8221;4.25.2&#8243; _module_preset=&#8221;default&#8221; global_colors_info=&#8221;{}&#8221;][et_pb_image src=&#8221;https:\/\/prvi-vfc.org\/web\/wp-content\/uploads\/2026\/04\/ChatGPT-Image-15-abr-2026-18_41_48-1.png&#8221; align=&#8221;center&#8221; _builder_version=&#8221;4.25.2&#8243; _module_preset=&#8221;default&#8221; width=&#8221;80%&#8221; max_width=&#8221;80%&#8221; custom_margin=&#8221;-23px||-81px|||&#8221; custom_padding=&#8221;0px|||||&#8221; animation_style=&#8221;zoom&#8221; animation_duration=&#8221;1750ms&#8221; global_colors_info=&#8221;{}&#8221;][\/et_pb_image][\/et_pb_column][\/et_pb_row][et_pb_row _builder_version=&#8221;4.25.2&#8243; _module_preset=&#8221;default&#8221; custom_padding=&#8221;0px|||||&#8221; global_colors_info=&#8221;{}&#8221;][et_pb_column type=&#8221;4_4&#8243; _builder_version=&#8221;4.25.2&#8243; _module_preset=&#8221;default&#8221; global_colors_info=&#8221;{}&#8221;][et_pb_text _builder_version=&#8221;4.25.2&#8243; _module_preset=&#8221;default&#8221; custom_padding=&#8221;0px|||||&#8221; text_text_shadow_style=&#8221;preset1&#8243; text_text_shadow_blur_strength=&#8221;0.2em&#8221; text_text_shadow_color=&#8221;#0C71C3&#8243; global_colors_info=&#8221;{}&#8221;]<\/p>\n<h2 style=\"text-align: center;\"><strong><span style=\"color: #000080;\">Derechos Reservados 2026<\/span>\u00a0<span style=\"color: #ff0000;\">PRVIVFC<\/span><\/strong><\/h2>\n<p>[\/et_pb_text][\/et_pb_column][\/et_pb_row][\/et_pb_section]<\/p>\n","protected":false},"excerpt":{"rendered":"<p>Solicitudes de Repetidores fuera del Aire Saludos a la Comunidad de usuarios de Repetidores de Puerto Rico e Islas V\u00edrgenes en este formulario usted podr\u00e1 ayudarnos a notificar si un repetidor se encuentra fuera del aire OFF AIR. Es confidencial y seguro porque nunca se pedira ninguna informaci\u00f3n de usted. El PRVIVFC\u00a0verificar\u00e1 en forma confidencial [&hellip;]<\/p>\n","protected":false},"author":2,"featured_media":0,"parent":0,"menu_order":0,"comment_status":"closed","ping_status":"closed","template":"","meta":{"_et_pb_use_builder":"on","_et_pb_old_content":"","_et_gb_content_width":"","footnotes":""},"class_list":["post-231600","page","type-page","status-publish","hentry"],"_links":{"self":[{"href":"https:\/\/prvi-vfc.org\/web\/wp-json\/wp\/v2\/pages\/231600","targetHints":{"allow":["GET"]}}],"collection":[{"href":"https:\/\/prvi-vfc.org\/web\/wp-json\/wp\/v2\/pages"}],"about":[{"href":"https:\/\/prvi-vfc.org\/web\/wp-json\/wp\/v2\/types\/page"}],"author":[{"embeddable":true,"href":"https:\/\/prvi-vfc.org\/web\/wp-json\/wp\/v2\/users\/2"}],"replies":[{"embeddable":true,"href":"https:\/\/prvi-vfc.org\/web\/wp-json\/wp\/v2\/comments?post=231600"}],"version-history":[{"count":7,"href":"https:\/\/prvi-vfc.org\/web\/wp-json\/wp\/v2\/pages\/231600\/revisions"}],"predecessor-version":[{"id":231680,"href":"https:\/\/prvi-vfc.org\/web\/wp-json\/wp\/v2\/pages\/231600\/revisions\/231680"}],"wp:attachment":[{"href":"https:\/\/prvi-vfc.org\/web\/wp-json\/wp\/v2\/media?parent=231600"}],"curies":[{"name":"wp","href":"https:\/\/api.w.org\/{rel}","templated":true}]}}