{"id":231588,"date":"2026-04-27T15:13:57","date_gmt":"2026-04-27T15:13:57","guid":{"rendered":"https:\/\/prvi-vfc.org\/web\/?page_id=231588"},"modified":"2026-04-27T21:30:31","modified_gmt":"2026-04-27T21:30:31","slug":"solicitudes-de-entrega-de-frecuencias","status":"publish","type":"page","link":"https:\/\/prvi-vfc.org\/web\/solicitudes-de-entrega-de-frecuencias\/","title":{"rendered":"SOLICITUDES DE ENTREGA DE FRECUENCIAS"},"content":{"rendered":"<p>[et_pb_section fb_built=&#8221;1&#8243; _builder_version=&#8221;4.25.2&#8243; _module_preset=&#8221;default&#8221; global_colors_info=&#8221;{}&#8221;][et_pb_row _builder_version=&#8221;4.25.2&#8243; _module_preset=&#8221;default&#8221; custom_padding=&#8221;6px|||||&#8221; global_colors_info=&#8221;{}&#8221;][et_pb_column type=&#8221;4_4&#8243; _builder_version=&#8221;4.25.2&#8243; _module_preset=&#8221;default&#8221; global_colors_info=&#8221;{}&#8221;][et_pb_text _builder_version=&#8221;4.25.2&#8243; _module_preset=&#8221;default&#8221; text_text_shadow_style=&#8221;preset1&#8243; text_text_shadow_blur_strength=&#8221;0.45em&#8221; text_text_shadow_color=&#8221;#0C71C3&#8243; global_colors_info=&#8221;{}&#8221;]<\/p>\n<h1 style=\"text-align: center;\"><span style=\"color: #ff0000;\"><strong>Solicitudes de Entrega Voluntarias de Frecuencias\u00a0<\/strong><\/span><\/h1>\n<p>[\/et_pb_text][\/et_pb_column][\/et_pb_row][et_pb_row _builder_version=&#8221;4.25.2&#8243; _module_preset=&#8221;default&#8221; custom_padding=&#8221;1px|||||&#8221; global_colors_info=&#8221;{}&#8221;][et_pb_column type=&#8221;4_4&#8243; _builder_version=&#8221;4.25.2&#8243; _module_preset=&#8221;default&#8221; global_colors_info=&#8221;{}&#8221;][et_pb_image src=&#8221;https:\/\/prvi-vfc.org\/web\/wp-content\/uploads\/2026\/04\/ChatGPT-Image-27-abr-2026-11_21_09.png&#8221; align=&#8221;center&#8221; _builder_version=&#8221;4.25.2&#8243; _module_preset=&#8221;default&#8221; width=&#8221;80%&#8221; max_width=&#8221;80%&#8221; animation_style=&#8221;zoom&#8221; animation_duration=&#8221;1750ms&#8221; box_shadow_style=&#8221;preset1&#8243; box_shadow_color=&#8221;#0C71C3&#8243; global_colors_info=&#8221;{}&#8221;][\/et_pb_image][\/et_pb_column][\/et_pb_row][et_pb_row _builder_version=&#8221;4.25.2&#8243; _module_preset=&#8221;default&#8221;][et_pb_column _builder_version=&#8221;4.25.2&#8243; _module_preset=&#8221;default&#8221; type=&#8221;4_4&#8243;][et_pb_text _builder_version=&#8221;4.25.2&#8243; _module_preset=&#8221;default&#8221; text_font=&#8221;|800|||||||&#8221; text_text_color=&#8221;#000000&#8243; hover_enabled=&#8221;0&#8243; sticky_enabled=&#8221;0&#8243;]<\/p>\n<p><span>En esta secci\u00f3n el trustee voluntariamente llenar\u00e1 el formulario certificando la entrega de su frecuencia para que regrese al banco del <\/span><span style=\"color: #e02b20;\"><b>PRVIVFC<\/b><\/span><span> por las siguientes razones:<\/span><\/p>\n<ul>\n<li><span style=\"color: #1c5108;\"><b>Falta de inter\u00e9s o uso.<\/b><\/span><\/li>\n<li><span style=\"color: #1c5108;\"><b>Frecuencia no activa (Fuera del aire reportada en uno de los estudios realizados por la entidad coordinadora)<\/b><\/span><\/li>\n<li><span style=\"color: #1c5108;\"><b>Carta enviada por el <span style=\"color: #e02b20;\">PRVIVFC <\/span>descoordinando la frecuencia.<\/b><\/span><\/li>\n<li><span style=\"color: #1c5108;\"><b>Otras razones expresadas por el trustee.<\/b><\/span><\/li>\n<\/ul>\n<p><span style=\"color: #072b84;\">La gu\u00eda operacional establece que la vigencia de la coordinaci\u00f3n de una frecuencia es:<\/span><\/p>\n<p><span style=\"color: #e02b20;\"><b>VIGENCIA DE UNA COORDINACI\u00d3N<\/b><\/span><\/p>\n<p><i><b>Cualquier coordinaci\u00f3n expedida por el <span style=\"color: #e02b20;\">PRVIVFC<\/span> tendr\u00e1 vigor mientras el \u201ctrustee\u201dcumpla con sus deberes como tal y mantenga el equipo en funcionamiento y se validecuando sea requerido. Trustee independiente si fallece \u00f3 quiera pasar la frecuencia aotro no podr\u00e1 hacerlo. La frecuencia pasar\u00e1 al banco de datos del <span style=\"color: #e02b20;\">PRVIVFC<\/span>.<\/b><\/i><\/p>\n<p><i><b> <\/b><\/i><\/p>\n<p><i><b>De suceder alg\u00fan inconveniente que no permita el funcionamiento del equipo por un periodo de m\u00e1s de<br \/>quince (15) d\u00edas, el \u201ctrustee\u201d ser\u00e1 responsable de enviar una carta explicativa al <span style=\"color: #e02b20;\">PRVIVFC<\/span>. En estos casos la coordinaci\u00f3n se mantendr\u00e1 vigente por los pr\u00f3ximos <span style=\"color: #e02b20;\">NOVENTA (90)<\/span> d\u00edas. El no cumplimiento de este requisito se interpretado como falta de inter\u00e9s en el uso de la frecuencia asignada por lo que la coordinaci\u00f3n se cancelar\u00e1 y la frecuencia volver\u00e1 al banco de frecuencias disponibles libres para asignarse a un nuevo \u201ctrustee\u201d.<\/b><\/i><br \/><span>\u00a0<\/span><br \/><span style=\"color: #e02b20;\"><b>En la parte de los deberes <\/b>establece lo siguiente:<\/span><\/p>\n<p><i><b>Entregar la(s) frecuencia(s) a el <span style=\"color: #e02b20;\">PRVIVFC<\/span> cuando usted se muda a otro pa\u00eds que usted entienda que no va a tener el control de su repetidor(es) o no desea seguir con la frecuencia. Est\u00e1 prohibido vender un repetidor con la frecuencia ya que las frecuencias no le pertenecen a usted cuando la entrega. Las frecuencias no son vitalicias. <\/b><\/i><\/p>\n<p>[\/et_pb_text][\/et_pb_column][\/et_pb_row][et_pb_row _builder_version=&#8221;4.25.2&#8243; _module_preset=&#8221;default&#8221; custom_padding=&#8221;||0px|||&#8221; global_colors_info=&#8221;{}&#8221;][et_pb_column type=&#8221;4_4&#8243; _builder_version=&#8221;4.25.2&#8243; _module_preset=&#8221;default&#8221; global_colors_info=&#8221;{}&#8221;][et_pb_text _builder_version=&#8221;4.25.2&#8243; _module_preset=&#8221;default&#8221; text_font=&#8221;|800|||||||&#8221; custom_margin=&#8221;-36px|-98px||-80px||&#8221; global_colors_info=&#8221;{}&#8221;]<\/p>\n\n<table id=\"tablepress-24\" class=\"tablepress tablepress-id-24\">\n<thead>\n<tr class=\"row-1\">\n\t<th class=\"column-1\">FECHA \/ HORA<\/th><th class=\"column-2\">INDICATIVO <\/th><th class=\"column-3\">Escriba la(s) frecuencia(s) a entregarse <\/th><th class=\"column-4\">Escriba la raz\u00f3n a entregar la frecuencia<\/th>\n<\/tr>\n<\/thead>\n<tbody class=\"row-striping row-hover\">\n<tr class=\"row-2\">\n\t<td class=\"column-1\">1\/28\/2022 23:31:37<\/td><td class=\"column-2\">NP3RK<\/td><td class=\"column-3\">448.575<\/td><td class=\"column-4\">CAMBIO DE FRECUENCIA POR PROBLEMA DE PROGRAMAR EL REPETIDOR.<\/td>\n<\/tr>\n<tr class=\"row-3\">\n\t<td class=\"column-1\">3\/9\/2022 19:24:20<\/td><td class=\"column-2\">KP4PNP<\/td><td class=\"column-3\">448.8375<\/td><td class=\"column-4\">CAMBIO DE FRECUENCIA REGULAR.<\/td>\n<\/tr>\n<tr class=\"row-4\">\n\t<td class=\"column-1\">6\/5\/2022 16:39:04<\/td><td class=\"column-2\">KP4BAI<\/td><td class=\"column-3\">447.8375<\/td><td class=\"column-4\">Para algunos equipos no tienen el offset y para otra personas se les hace dif\u00edcil el programarlo.<\/td>\n<\/tr>\n<tr class=\"row-5\">\n\t<td class=\"column-1\">8\/22\/2022 15:50:05<\/td><td class=\"column-2\">KP4EC<\/td><td class=\"column-3\">146.990<\/td><td class=\"column-4\">SE ME COORDINO LA FRECUENCIA 147.070 COMO TRUSTEE PRIMARIO.<\/td>\n<\/tr>\n<tr class=\"row-6\">\n\t<td class=\"column-1\">10\/9\/2022 14:39:24<\/td><td class=\"column-2\">WP4RF<\/td><td class=\"column-3\">440.575<\/td><td class=\"column-4\">no deseo seguir con la frequencia<\/td>\n<\/tr>\n<tr class=\"row-7\">\n\t<td class=\"column-1\">10\/26\/2022 13:44:03<\/td><td class=\"column-2\">KP4CA<\/td><td class=\"column-3\">440.0250<\/td><td class=\"column-4\">Por venta de mi repetidor.<\/td>\n<\/tr>\n<tr class=\"row-8\">\n\t<td class=\"column-1\">10\/25\/2022 16:10:42<\/td><td class=\"column-2\">KP4CA<\/td><td class=\"column-3\">440.025<\/td><td class=\"column-4\">Venta de Repetidor a ECO JMJ Fitness, Inc.<\/td>\n<\/tr>\n<tr class=\"row-9\">\n\t<td class=\"column-1\">11\/23\/2022 12:40:19<\/td><td class=\"column-2\">KP4IP<\/td><td class=\"column-3\">446.675, 448.650, 448.675<\/td><td class=\"column-4\">Repetidores van a ser eliminados.<\/td>\n<\/tr>\n<tr class=\"row-10\">\n\t<td class=\"column-1\">12\/7\/2022 18:54:35<\/td><td class=\"column-2\">NP3O<\/td><td class=\"column-3\">446.275<\/td><td class=\"column-4\">Se me coordino otra freq en VHF<\/td>\n<\/tr>\n<tr class=\"row-11\">\n\t<td class=\"column-1\">12\/24\/2022 13:47:20<\/td><td class=\"column-2\">NP4PC<\/td><td class=\"column-3\">449.7375<\/td><td class=\"column-4\">Por pedido del Sr. Julio Diaz por ser frecuencia intermedia.<\/td>\n<\/tr>\n<tr class=\"row-12\">\n\t<td class=\"column-1\">1\/20\/2023 14:16:40<\/td><td class=\"column-2\">NP3O<\/td><td class=\"column-3\">147.130<\/td><td class=\"column-4\">No podre instalar Repetidor<\/td>\n<\/tr>\n<tr class=\"row-13\">\n\t<td class=\"column-1\">1\/28\/2023 11:05:57<\/td><td class=\"column-2\">KP4F<\/td><td class=\"column-3\">448.475<\/td><td class=\"column-4\">En el d\u00eda de hoy 28 de enero de 2023, se comunic\u00f3 con este servidor el Sr. Julio D\u00edaz KP3JD en relaci\u00f3n a una solicitud para una frecuencia en 2 metros. Ya que la persona que estaba en turno antes que yo no acepto coordinar la frecuencia disponible (147.130) el Sr. D\u00edaz se comunica v\u00eda telef\u00f3nica y me hace la oferta de la frecuencia en cuesti\u00f3n la cual acepte. Por tal motivo estoy entregando la frecuencia 448.475. Quiero agradecer al Sr. D\u00edaz por la transparencia en este proceso de coordinaciones.  Luis A. Cubero Caban  KP4F<\/td>\n<\/tr>\n<tr class=\"row-14\">\n\t<td class=\"column-1\">2\/13\/2023 18:48:53<\/td><td class=\"column-2\">KP4GA<\/td><td class=\"column-3\">146.850<\/td><td class=\"column-4\">PASA AL BANCO POR LA MUERTE DE NUESTRO COMPA\u00d1ERO.<\/td>\n<\/tr>\n<tr class=\"row-15\">\n\t<td class=\"column-1\">3\/27\/2023 22:33:39<\/td><td class=\"column-2\">KP4LUW<\/td><td class=\"column-3\">448.2625<\/td><td class=\"column-4\">La Entidad Coordinadora su presidente se comunic\u00f3 con este servidor para cambiar mi frecuencia intermedia a una regular.<\/td>\n<\/tr>\n<tr class=\"row-16\">\n\t<td class=\"column-1\">4\/22\/2023 18:13:11<\/td><td class=\"column-2\">KP4AAR<\/td><td class=\"column-3\">224.120 <\/td><td class=\"column-4\">ENTREGO LA FRECUENCIA YA QUE NO ESTOY ESTOY INTERESADO EN SEGUIR CON LA FRECUENCIA Y UNA LLAMADA TELEFONICA LE DI EL CONOCIMIENTO DE LA ENTREGA.<\/td>\n<\/tr>\n<tr class=\"row-17\">\n\t<td class=\"column-1\">6\/15\/2023 20:50:41<\/td><td class=\"column-2\">WP4MXB<\/td><td class=\"column-3\">447.375<\/td><td class=\"column-4\">Repetidor fue robado no puedo costiar otro sistema<\/td>\n<\/tr>\n<tr class=\"row-18\">\n\t<td class=\"column-1\">6\/17\/2023 16:05:33<\/td><td class=\"column-2\">WP4JSJ<\/td><td class=\"column-3\">927.9125<\/td><td class=\"column-4\">SE COORDINO NUEVA FRECUENCIA 927.900 Y 927.975<\/td>\n<\/tr>\n<tr class=\"row-19\">\n\t<td class=\"column-1\">6\/30\/2023 23:22:20<\/td><td class=\"column-2\">KP4JOC<\/td><td class=\"column-3\">448.825 <\/td><td class=\"column-4\">Don julio gracias por su coordialidad le informo por este medio q pongo la frecuecia a su organisacion debido alos altos costos de invercion del mismo en yaesu y la poca utilizacion del mismo le soy muy sinsero pocos usuarios y muchos gastos  que me han hecho reflecionar sobre el asunto y por muchas amenazas para mi persona desido seder la frecuencia a usted  y su organizacion  Cordialmente Joel ojeda  Kp4joc<\/td>\n<\/tr>\n<tr class=\"row-20\">\n\t<td class=\"column-1\">8\/14\/2023 19:45:04<\/td><td class=\"column-2\">wp4-kz<\/td><td class=\"column-3\">448-875 <\/td><td class=\"column-4\">no tengo tiempo para estar pendiente a repeter y mantenimientor<\/td>\n<\/tr>\n<tr class=\"row-21\">\n\t<td class=\"column-1\">9\/20\/2023 17:35:27<\/td><td class=\"column-2\">WP4MXB<\/td><td class=\"column-3\">145.130 - 447.200 <\/td><td class=\"column-4\">Les voy a entregar las frecuencia, ya que desde empezaron ustedes me han amenazado desde principio con kp4dh Ram\u00f3n Hernesto desde que tengo 145.130Mhz han sido puros problemas y amenazas. me han robado los cables y secci\u00f3n de la torre del site  que casualidad desde ustedes empezaron con los mismo personas que utilizan para informar de mi sistema esta fuera de aire. Es una persecuci\u00f3n constante a mi persona. Ninguna persona me da ning\u00fan centavo para mis equipos y ninguno se ofrecen ayudas como me han ayudado los coordinadores anteriores como Victor Madera. Con ustedes a sido una desgracia.<\/td>\n<\/tr>\n<tr class=\"row-22\">\n\t<td class=\"column-1\">11\/5\/2023 8:54:57<\/td><td class=\"column-2\">KP4JEA<\/td><td class=\"column-3\">440.450<\/td><td class=\"column-4\">La Frecuencia no ha estado activa por Falta de  arreglo de uno de los radios y al no tener los recursos necesarios he perdido el niter\u00e9s de su uso. Por las razones expresadas entrego la frecuencia. Gracias por el apoyo y orientacion que me brindaron durante el tiempo que perteneci a la organizacion.<\/td>\n<\/tr>\n<tr class=\"row-23\">\n\t<td class=\"column-1\">12\/7\/2023 19:54:10<\/td><td class=\"column-2\">kp4NRR<\/td><td class=\"column-3\">448.350<\/td><td class=\"column-4\">falta de uso<\/td>\n<\/tr>\n<tr class=\"row-24\">\n\t<td class=\"column-1\">1\/9\/2024 14:14:49<\/td><td class=\"column-2\">KP4DDF<\/td><td class=\"column-3\">447.675 <\/td><td class=\"column-4\">No interesado , Venta de repetidor y Duplexer<\/td>\n<\/tr>\n<tr class=\"row-25\">\n\t<td class=\"column-1\">1\/25\/2024 15:48:53<\/td><td class=\"column-2\">KP3JD<\/td><td class=\"column-3\">449.575<\/td><td class=\"column-4\">ENTREGO VOLUNTARIAMENTE LA FRECUENCIA AL PRVIVFC YA QUE DESEEO TENER MIS OTRAS DOS FRECUENCIAS Y PARA TENER UN REPETIDOR BACKUP AL 449.250 MHz<\/td>\n<\/tr>\n<tr class=\"row-26\">\n\t<td class=\"column-1\">2\/21\/2024 20:10:55<\/td><td class=\"column-2\">kp4azh<\/td><td class=\"column-3\">446.850 <\/td><td class=\"column-4\">Temporeramente mudar repetidor a GMRS<\/td>\n<\/tr>\n<tr class=\"row-27\">\n\t<td class=\"column-1\">3\/19\/2024 14:43:42<\/td><td class=\"column-2\">KP4QD<\/td><td class=\"column-3\">145.110 <\/td><td class=\"column-4\">No intereso continuar con la frequencia.<\/td>\n<\/tr>\n<tr class=\"row-28\">\n\t<td class=\"column-1\">4\/12\/2024 16:11:26<\/td><td class=\"column-2\">kp4lcs<\/td><td class=\"column-3\">446.575<\/td><td class=\"column-4\">nadie la utiliza los 70 cm nos quedamos con la frecuencia de 2 metros<\/td>\n<\/tr>\n<tr class=\"row-29\">\n\t<td class=\"column-1\">4\/23\/2024 9:42:19<\/td><td class=\"column-2\">WP4CG<\/td><td class=\"column-3\">440.250<\/td><td class=\"column-4\">Site No Disponible<\/td>\n<\/tr>\n<tr class=\"row-30\">\n\t<td class=\"column-1\">5\/21\/2024 10:27:11<\/td><td class=\"column-2\">KP4AAR<\/td><td class=\"column-3\">440.775 <\/td><td class=\"column-4\">EL D\u00cdA  20 DE MAYO DE 2024 EL SR. ANGEL ALVARADO ME LLAMO VIA TELEF\u00d3NICAMENTE PARA ENTREGAR VOLUNTARIAMENTE LA FRECUENCIA 440.775 MHz.<\/td>\n<\/tr>\n<tr class=\"row-31\">\n\t<td class=\"column-1\">5\/23\/2024 11:49:55<\/td><td class=\"column-2\">KP3BR<\/td><td class=\"column-3\">447.225 <\/td><td class=\"column-4\"><\/td>\n<\/tr>\n<tr class=\"row-32\">\n\t<td class=\"column-1\">7\/30\/2024 16:28:11<\/td><td class=\"column-2\">KP4VY<\/td><td class=\"column-3\">448.925 <\/td><td class=\"column-4\">Saludos Julio, te escribo en referencia a la frecuencia 448.925 asignada a un servidor KP4VY.  Efectivo el d\u00eda 31 de julio de 2024 el mismo estar\u00e1 fuera del aire de una vez y para siempre. As\u00ed que el PRVIVFC puede tomar control  de la frecuencia y asignarla a cualquier otro radioaficionado solicitante. Gracias por su atenci\u00f3n y servicio. Jose R. Tejero KP4VY<\/td>\n<\/tr>\n<tr class=\"row-33\">\n\t<td class=\"column-1\">10\/8\/2024 17:27:20<\/td><td class=\"column-2\">KP4R<\/td><td class=\"column-3\">446.800 <\/td><td class=\"column-4\">NUESTRO COMPA\u00d1ERO FALLECIO LA FRECUENCIA PASA AL BANCO DEL PRVIVFC. JULIO D. KP3JD - PRESIDENTE DEL PRVIVFC<\/td>\n<\/tr>\n<tr class=\"row-34\">\n\t<td class=\"column-1\">11\/2\/2024 9:38:19<\/td><td class=\"column-2\">KP4LDR<\/td><td class=\"column-3\">449.225 <\/td><td class=\"column-4\">Nuestro companero Danny fallecio Silent Key la frecuencia pasa al banco del PRVIVFC. Julio Diaz Presidente PRVIVFC<\/td>\n<\/tr>\n<tr class=\"row-35\">\n\t<td class=\"column-1\">6\/11\/2025 14:32:52<\/td><td class=\"column-2\">NP4NC<\/td><td class=\"column-3\">440.500<\/td><td class=\"column-4\">Se va hacer un cambio  446.400<\/td>\n<\/tr>\n<tr class=\"row-36\">\n\t<td class=\"column-1\">6\/11\/2025 14:35:18<\/td><td class=\"column-2\">KP4EL<\/td><td class=\"column-3\">446.400<\/td><td class=\"column-4\">Por razones de salud no puede darle mantenimiento.<\/td>\n<\/tr>\n<tr class=\"row-37\">\n\t<td class=\"column-1\">6\/15\/2025 10:18:26<\/td><td class=\"column-2\">Kp4top<\/td><td class=\"column-3\">440.525<\/td><td class=\"column-4\">Se da\u00f1o el repetidor y por el momento no puedo adquirir uno<\/td>\n<\/tr>\n<tr class=\"row-38\">\n\t<td class=\"column-1\">9\/7\/2025 16:24:35<\/td><td class=\"column-2\">WP4JSJ<\/td><td class=\"column-3\">927.000<\/td><td class=\"column-4\">INTERFERENCIA NO DESEADA<\/td>\n<\/tr>\n<tr class=\"row-39\">\n\t<td class=\"column-1\">10\/28\/2025 16:18:46<\/td><td class=\"column-2\">KP4F<\/td><td class=\"column-3\">147.130<\/td><td class=\"column-4\">Personal<\/td>\n<\/tr>\n<tr class=\"row-40\">\n\t<td class=\"column-1\">3\/20\/2026 19:00:38<\/td><td class=\"column-2\">KP4FHT<\/td><td class=\"column-3\">449.175 <\/td><td class=\"column-4\">A trav\u00e9s de una llamada telef\u00f3nica el Coordinador del \u00e1rea norte me indic\u00f3 que el Sr.Gilberto Lugo P\u00e9rez  le hab\u00eda regalado el repetidor de \u00e9l. al Sr. Rafael Ortiz S\u00e1nchez NP3F. El PRVIVFC investig\u00f3 si tambi\u00e9n entrego la frecuencia. Hicimos el estudio de interferencia para esta seguro si se pod\u00eda coordinar dicha frecuencia. Esta entrega se le env\u00edo una copia a KP4FHT.<\/td>\n<\/tr>\n<\/tbody>\n<\/table>\n<!-- #tablepress-24 from cache -->\n<p>[\/et_pb_text][\/et_pb_column][\/et_pb_row][et_pb_row _builder_version=&#8221;4.25.2&#8243; _module_preset=&#8221;default&#8221; custom_padding=&#8221;0px|||||&#8221; global_colors_info=&#8221;{}&#8221;][et_pb_column type=&#8221;4_4&#8243; _builder_version=&#8221;4.25.2&#8243; _module_preset=&#8221;default&#8221; global_colors_info=&#8221;{}&#8221;][et_pb_image src=&#8221;https:\/\/prvi-vfc.org\/web\/wp-content\/uploads\/2026\/04\/ChatGPT-Image-15-abr-2026-18_41_48-1.png&#8221; align=&#8221;center&#8221; _builder_version=&#8221;4.25.2&#8243; _module_preset=&#8221;default&#8221; width=&#8221;80%&#8221; max_width=&#8221;80%&#8221; custom_margin=&#8221;-26px|||||&#8221; custom_padding=&#8221;||0px|||&#8221; animation_style=&#8221;zoom&#8221; animation_duration=&#8221;1800ms&#8221; global_colors_info=&#8221;{}&#8221;][\/et_pb_image][\/et_pb_column][\/et_pb_row][et_pb_row _builder_version=&#8221;4.25.2&#8243; _module_preset=&#8221;default&#8221; custom_padding=&#8221;0px|||||&#8221; global_colors_info=&#8221;{}&#8221;][et_pb_column type=&#8221;4_4&#8243; _builder_version=&#8221;4.25.2&#8243; _module_preset=&#8221;default&#8221; global_colors_info=&#8221;{}&#8221;][et_pb_text _builder_version=&#8221;4.25.2&#8243; _module_preset=&#8221;default&#8221; custom_margin=&#8221;-83px|||||&#8221; text_text_shadow_style=&#8221;preset1&#8243; text_text_shadow_blur_strength=&#8221;0.28em&#8221; text_text_shadow_color=&#8221;#0C71C3&#8243; global_colors_info=&#8221;{}&#8221;]<\/p>\n<h2 style=\"text-align: center;\"><strong><span style=\"color: #000080;\">Derechos Reservados 2026<\/span>\u00a0<span style=\"color: #ff0000;\">PRVIVFC<\/span><\/strong><\/h2>\n<p>[\/et_pb_text][\/et_pb_column][\/et_pb_row][\/et_pb_section]<\/p>\n","protected":false},"excerpt":{"rendered":"<p>Solicitudes de Entrega Voluntarias de Frecuencias\u00a0En esta secci\u00f3n el trustee voluntariamente llenar\u00e1 el formulario certificando la entrega de su frecuencia para que regrese al banco del PRVIVFC por las siguientes razones: Falta de inter\u00e9s o uso. Frecuencia no activa (Fuera del aire reportada en uno de los estudios realizados por la entidad coordinadora) Carta enviada [&hellip;]<\/p>\n","protected":false},"author":2,"featured_media":0,"parent":0,"menu_order":0,"comment_status":"closed","ping_status":"closed","template":"","meta":{"_et_pb_use_builder":"on","_et_pb_old_content":"","_et_gb_content_width":"","footnotes":""},"class_list":["post-231588","page","type-page","status-publish","hentry"],"_links":{"self":[{"href":"https:\/\/prvi-vfc.org\/web\/wp-json\/wp\/v2\/pages\/231588","targetHints":{"allow":["GET"]}}],"collection":[{"href":"https:\/\/prvi-vfc.org\/web\/wp-json\/wp\/v2\/pages"}],"about":[{"href":"https:\/\/prvi-vfc.org\/web\/wp-json\/wp\/v2\/types\/page"}],"author":[{"embeddable":true,"href":"https:\/\/prvi-vfc.org\/web\/wp-json\/wp\/v2\/users\/2"}],"replies":[{"embeddable":true,"href":"https:\/\/prvi-vfc.org\/web\/wp-json\/wp\/v2\/comments?post=231588"}],"version-history":[{"count":5,"href":"https:\/\/prvi-vfc.org\/web\/wp-json\/wp\/v2\/pages\/231588\/revisions"}],"predecessor-version":[{"id":231677,"href":"https:\/\/prvi-vfc.org\/web\/wp-json\/wp\/v2\/pages\/231588\/revisions\/231677"}],"wp:attachment":[{"href":"https:\/\/prvi-vfc.org\/web\/wp-json\/wp\/v2\/media?parent=231588"}],"curies":[{"name":"wp","href":"https:\/\/api.w.org\/{rel}","templated":true}]}}