{"id":231577,"date":"2026-04-27T14:40:33","date_gmt":"2026-04-27T14:40:33","guid":{"rendered":"https:\/\/prvi-vfc.org\/web\/?page_id=231577"},"modified":"2026-04-27T21:24:10","modified_gmt":"2026-04-27T21:24:10","slug":"solicitud-para-la-autorizacion-para-la-zona-przc","status":"publish","type":"page","link":"https:\/\/prvi-vfc.org\/web\/solicitud-para-la-autorizacion-para-la-zona-przc\/","title":{"rendered":"SOLICITUD PARA LA AUTORIZACI\u00d3N PARA LA ZONA PRZC"},"content":{"rendered":"<p>[et_pb_section fb_built=&#8221;1&#8243; _builder_version=&#8221;4.25.2&#8243; _module_preset=&#8221;default&#8221; global_colors_info=&#8221;{}&#8221;][et_pb_row _builder_version=&#8221;4.25.2&#8243; _module_preset=&#8221;default&#8221; custom_padding=&#8221;7px|||||&#8221; global_colors_info=&#8221;{}&#8221;][et_pb_column type=&#8221;4_4&#8243; _builder_version=&#8221;4.25.2&#8243; _module_preset=&#8221;default&#8221; global_colors_info=&#8221;{}&#8221;][et_pb_text _builder_version=&#8221;4.25.2&#8243; _module_preset=&#8221;default&#8221; text_font=&#8221;|800|||||||&#8221; text_text_shadow_style=&#8221;preset1&#8243; text_text_shadow_blur_strength=&#8221;0.4em&#8221; text_text_shadow_color=&#8221;#0C71C3&#8243; global_colors_info=&#8221;{}&#8221;]<\/p>\n<h1 style=\"text-align: center;\"><span style=\"color: #ff0000;\"><strong>Solicitudes para la Autorizaci\u00f3n al PRZC<\/strong><\/span><\/h1>\n<p>[\/et_pb_text][\/et_pb_column][\/et_pb_row][et_pb_row _builder_version=&#8221;4.25.2&#8243; _module_preset=&#8221;default&#8221; global_colors_info=&#8221;{}&#8221;][et_pb_column type=&#8221;4_4&#8243; _builder_version=&#8221;4.25.2&#8243; _module_preset=&#8221;default&#8221; global_colors_info=&#8221;{}&#8221;][et_pb_image src=&#8221;https:\/\/prvi-vfc.org\/web\/wp-content\/uploads\/2026\/04\/ChatGPT-Image-27-abr-2026-10_54_12.png&#8221; align=&#8221;center&#8221; _builder_version=&#8221;4.25.2&#8243; _module_preset=&#8221;default&#8221; width=&#8221;80%&#8221; max_width=&#8221;80%&#8221; animation_style=&#8221;zoom&#8221; animation_duration=&#8221;1650ms&#8221; box_shadow_style=&#8221;preset1&#8243; box_shadow_color=&#8221;#0C71C3&#8243; global_colors_info=&#8221;{}&#8221;][\/et_pb_image][\/et_pb_column][\/et_pb_row][et_pb_row _builder_version=&#8221;4.25.2&#8243; _module_preset=&#8221;default&#8221;][et_pb_column _builder_version=&#8221;4.25.2&#8243; _module_preset=&#8221;default&#8221; type=&#8221;4_4&#8243;][et_pb_text _builder_version=&#8221;4.25.2&#8243; _module_preset=&#8221;default&#8221; text_font=&#8221;|800|||||||&#8221; text_text_color=&#8221;#000000&#8243; hover_enabled=&#8221;0&#8243; sticky_enabled=&#8221;0&#8243;]<\/p>\n<p><span>Los trustee que est\u00e9n en la zona de coordinaci\u00f3n del PRCZ deben llenar este requisito que est\u00e1 establecido en la Parte 97.205(h) que establece lo siguiente:<\/span><\/p>\n<p><b><span style=\"color: #e02b20;\">Parte 97.205 Estaci\u00f3n Repetidora.<\/span><\/b><\/p>\n<p><span>(h)<span style=\"color: #060f7a;\"> Lo provisto en este p\u00e1rrafo no aplica a repetidores que transmiten en las bandas de frecuencias de 1.2 cm o m\u00e1s cortas. Antes de establecer un repetidor dentro de un radio de 16 km (10 millas) del Observatorio de Arecibo \u00f3 antes de cambiar la frecuencia de transmisi\u00f3n, la potencia de transmisi\u00f3n, la altura \u00f3 directividad de la antena de un repetidor coordinado existente, el operador licenciado del repetidor tiene que notificarlo por escrito \u00f3 electr\u00f3nicamente a la \u201cOficina de Interferencia\u201d, Observatorio de Arecibo, HC3 Box 53995, Arecibo, PR 00612. Aquellos que prefieran notificarlo electr\u00f3nicamente deben hacerlo mediante un email a: <\/span><\/span><span style=\"color: #060f7a;\"><a href=\"mailto:prcz@naic.edu\" style=\"color: #060f7a;\">prcz@naic.edu<\/a>. <\/span><\/p>\n<p><span style=\"color: #060f7a;\">(1) La notificaci\u00f3n debe incluir las coordenadas geogr\u00e1ficas de la antena (NAD 83 datum), altura de la antena sobre el nivel del mar (AMSL), el centro de radiaci\u00f3n de la antena sobre el nivel del terreno (AGL), directividad y ganancia, frecuencia propuesta y la parte de la Regla, tipo de emisi\u00f3n, potencia radiada efectiva y si el uso propuesto es itinerante. El operador puede consultar la gu\u00eda de interferencias que provee la Universidad de Cornell. <\/span><\/p>\n<p><span style=\"color: #060f7a;\">(2) Si una objeci\u00f3n a la operaci\u00f3n propuesta es recibida por la FCC es recibida del Observatorio de Arecibo, Arecibo, Puerto Rico dentro de 10 d\u00edas de la fecha de la notificaci\u00f3n, la FCC considerara todos los aspectos del problema y tomar\u00e1 la acci\u00f3n que entienda apropiada. Se le requerir\u00e1 al operador licenciado que haga todos los esfuerzos razonables para resolver o mitigar cualquier problema de interferencia potencial con el Observatorio de Arecibo.<\/span><\/p>\n<p><span>Una vez enviado el PRVIVFC informar\u00e1 al PRZC que entro una solicitud pendiente a evaluaci\u00f3n. El PRZC le enviar\u00e1 al PRVIVFC su desici\u00f3n (si esta aprobada o no el permiso). El PRVIVFC le enviar\u00e1 una copia al trustee del permiso y los documentos para la coordinaci\u00f3n de la frecuencia nueva.<\/span><\/p>\n<div>\n<p>Para mayor informaci\u00f3n del<span>\u00a0Puerto Rico Zone Coordination del Observatorio de Arecibo<\/span>\u00a0ir al siguiente enlace:\u00a0<a href=\"https:\/\/info.nrao.edu\/do\/spectrum-management\/prcz\/prcz\"><span>Puerto Rico Zone Coorditation PRZC<\/span><\/a><\/p>\n<p><span><u><span style=\"color: #e02b20;\">Nota<\/span>:<\/u><\/span>\u00a0El trustee que no llene este requisito que exige la FCC su coordinaci\u00f3n puede verse afectada e inclusive no se puede coordinar hasta que no complete este requisito para la entidad coordinadora.<\/p>\n<\/div>\n<p>[\/et_pb_text][\/et_pb_column][\/et_pb_row][et_pb_row _builder_version=&#8221;4.25.2&#8243; _module_preset=&#8221;default&#8221; custom_padding=&#8221;||0px|||&#8221; global_colors_info=&#8221;{}&#8221;][et_pb_column type=&#8221;4_4&#8243; _builder_version=&#8221;4.25.2&#8243; _module_preset=&#8221;default&#8221; global_colors_info=&#8221;{}&#8221;][et_pb_text _builder_version=&#8221;4.25.2&#8243; _module_preset=&#8221;default&#8221; text_font=&#8221;|800|||||||&#8221; custom_margin=&#8221;-33px|-87px||-81px||&#8221; global_colors_info=&#8221;{}&#8221;]<\/p>\n\n<table id=\"tablepress-23\" class=\"tablepress tablepress-id-23\">\n<thead>\n<tr class=\"row-1\">\n\t<th class=\"column-1\">FECHA \/ HORA<\/th><th class=\"column-2\">Indicativos<\/th><th class=\"column-3\">Frecuencia<\/th><th class=\"column-4\">OBSERVACIONES<\/th>\n<\/tr>\n<\/thead>\n<tbody class=\"row-striping row-hover\">\n<tr class=\"row-2\">\n\t<td class=\"column-1\">6\/14\/2023 19:00:58<\/td><td class=\"column-2\">KP4LUW<\/td><td class=\"column-3\">448.45<\/td><td class=\"column-4\">CERTIFICADO DEL PRZC<\/td>\n<\/tr>\n<tr class=\"row-3\">\n\t<td class=\"column-1\">12\/29\/2024 6:42:30<\/td><td class=\"column-2\">Np3h<\/td><td class=\"column-3\">224.24<\/td><td class=\"column-4\">SOLICITUD RECHAZADA POR NO POR NO ESTAR EN LA ZONA DE COORDINACI\u00d3N PRZC<\/td>\n<\/tr>\n<tr class=\"row-4\">\n\t<td class=\"column-1\"><\/td><td class=\"column-2\"><\/td><td class=\"column-3\"><\/td><td class=\"column-4\"><\/td>\n<\/tr>\n<\/tbody>\n<\/table>\n<!-- #tablepress-23 from cache -->\n<p>[\/et_pb_text][\/et_pb_column][\/et_pb_row][et_pb_row _builder_version=&#8221;4.25.2&#8243; _module_preset=&#8221;default&#8221; custom_padding=&#8221;14px|||||&#8221; global_colors_info=&#8221;{}&#8221;][et_pb_column type=&#8221;4_4&#8243; _builder_version=&#8221;4.25.2&#8243; _module_preset=&#8221;default&#8221; global_colors_info=&#8221;{}&#8221;][et_pb_image src=&#8221;https:\/\/prvi-vfc.org\/web\/wp-content\/uploads\/2026\/04\/ChatGPT-Image-15-abr-2026-18_41_48-1.png&#8221; align=&#8221;center&#8221; _builder_version=&#8221;4.25.2&#8243; _module_preset=&#8221;default&#8221; width=&#8221;80%&#8221; max_width=&#8221;80%&#8221; module_alignment=&#8221;center&#8221; custom_margin=&#8221;-42px|||||&#8221; custom_padding=&#8221;0px|||||&#8221; animation_style=&#8221;zoom&#8221; animation_duration=&#8221;1750ms&#8221; global_colors_info=&#8221;{}&#8221;][\/et_pb_image][\/et_pb_column][\/et_pb_row][et_pb_row _builder_version=&#8221;4.25.2&#8243; _module_preset=&#8221;default&#8221; custom_padding=&#8221;0px|||||&#8221; global_colors_info=&#8221;{}&#8221;][et_pb_column type=&#8221;4_4&#8243; _builder_version=&#8221;4.25.2&#8243; _module_preset=&#8221;default&#8221; global_colors_info=&#8221;{}&#8221;][et_pb_text _builder_version=&#8221;4.25.2&#8243; _module_preset=&#8221;default&#8221; custom_margin=&#8221;-83px|||||&#8221; text_text_shadow_style=&#8221;preset1&#8243; text_text_shadow_blur_strength=&#8221;0.4em&#8221; text_text_shadow_color=&#8221;#0C71C3&#8243; global_colors_info=&#8221;{}&#8221;]<\/p>\n<h2 style=\"text-align: center;\"><strong><span style=\"color: #000080;\">Derechos Reservados 2026<\/span>\u00a0<span style=\"color: #ff0000;\">PRVIVFC<\/span><\/strong><\/h2>\n<p>[\/et_pb_text][\/et_pb_column][\/et_pb_row][\/et_pb_section]<\/p>\n","protected":false},"excerpt":{"rendered":"<p>Solicitudes para la Autorizaci\u00f3n al PRZCLos trustee que est\u00e9n en la zona de coordinaci\u00f3n del PRCZ deben llenar este requisito que est\u00e1 establecido en la Parte 97.205(h) que establece lo siguiente: Parte 97.205 Estaci\u00f3n Repetidora. (h) Lo provisto en este p\u00e1rrafo no aplica a repetidores que transmiten en las bandas de frecuencias de 1.2 cm [&hellip;]<\/p>\n","protected":false},"author":2,"featured_media":0,"parent":0,"menu_order":0,"comment_status":"closed","ping_status":"closed","template":"","meta":{"_et_pb_use_builder":"on","_et_pb_old_content":"","_et_gb_content_width":"","footnotes":""},"class_list":["post-231577","page","type-page","status-publish","hentry"],"_links":{"self":[{"href":"https:\/\/prvi-vfc.org\/web\/wp-json\/wp\/v2\/pages\/231577","targetHints":{"allow":["GET"]}}],"collection":[{"href":"https:\/\/prvi-vfc.org\/web\/wp-json\/wp\/v2\/pages"}],"about":[{"href":"https:\/\/prvi-vfc.org\/web\/wp-json\/wp\/v2\/types\/page"}],"author":[{"embeddable":true,"href":"https:\/\/prvi-vfc.org\/web\/wp-json\/wp\/v2\/users\/2"}],"replies":[{"embeddable":true,"href":"https:\/\/prvi-vfc.org\/web\/wp-json\/wp\/v2\/comments?post=231577"}],"version-history":[{"count":5,"href":"https:\/\/prvi-vfc.org\/web\/wp-json\/wp\/v2\/pages\/231577\/revisions"}],"predecessor-version":[{"id":231675,"href":"https:\/\/prvi-vfc.org\/web\/wp-json\/wp\/v2\/pages\/231577\/revisions\/231675"}],"wp:attachment":[{"href":"https:\/\/prvi-vfc.org\/web\/wp-json\/wp\/v2\/media?parent=231577"}],"curies":[{"name":"wp","href":"https:\/\/api.w.org\/{rel}","templated":true}]}}