{"id":231564,"date":"2026-04-27T13:52:48","date_gmt":"2026-04-27T13:52:48","guid":{"rendered":"https:\/\/prvi-vfc.org\/web\/?page_id=231564"},"modified":"2026-04-27T21:20:19","modified_gmt":"2026-04-27T21:20:19","slug":"solicitudes-para-compartir-frecuencia","status":"publish","type":"page","link":"https:\/\/prvi-vfc.org\/web\/solicitudes-para-compartir-frecuencia\/","title":{"rendered":"SOLICITUDES PARA COMPARTIR FRECUENCIA"},"content":{"rendered":"<p>[et_pb_section fb_built=&#8221;1&#8243; _builder_version=&#8221;4.25.2&#8243; _module_preset=&#8221;default&#8221; global_colors_info=&#8221;{}&#8221;][et_pb_row _builder_version=&#8221;4.25.2&#8243; _module_preset=&#8221;default&#8221; custom_margin=&#8221;-30px|auto||auto||&#8221; custom_padding=&#8221;19px|||||&#8221; global_colors_info=&#8221;{}&#8221;][et_pb_column type=&#8221;4_4&#8243; _builder_version=&#8221;4.25.2&#8243; _module_preset=&#8221;default&#8221; global_colors_info=&#8221;{}&#8221;][et_pb_text _builder_version=&#8221;4.25.2&#8243; _module_preset=&#8221;default&#8221; custom_margin=&#8221;-5px|||||&#8221; text_text_shadow_style=&#8221;preset1&#8243; text_text_shadow_blur_strength=&#8221;0.55em&#8221; text_text_shadow_color=&#8221;#0C71C3&#8243; global_colors_info=&#8221;{}&#8221;]<\/p>\n<h1 style=\"text-align: center;\"><span style=\"color: #ff0000;\"><strong>Solicitudes para Compartir Frecuencia<\/strong><\/span><\/h1>\n<p>[\/et_pb_text][\/et_pb_column][\/et_pb_row][et_pb_row _builder_version=&#8221;4.25.2&#8243; _module_preset=&#8221;default&#8221; global_colors_info=&#8221;{}&#8221;][et_pb_column type=&#8221;4_4&#8243; _builder_version=&#8221;4.25.2&#8243; _module_preset=&#8221;default&#8221; global_colors_info=&#8221;{}&#8221;][et_pb_image src=&#8221;https:\/\/prvi-vfc.org\/web\/wp-content\/uploads\/2026\/04\/ChatGPT-Image-27-abr-2026-10_08_17.png&#8221; align=&#8221;center&#8221; _builder_version=&#8221;4.25.2&#8243; _module_preset=&#8221;default&#8221; width=&#8221;80%&#8221; max_width=&#8221;80%&#8221; custom_margin=&#8221;-20px|||||&#8221; animation_style=&#8221;zoom&#8221; animation_duration=&#8221;1750ms&#8221; box_shadow_style=&#8221;preset1&#8243; box_shadow_color=&#8221;#0C71C3&#8243; global_colors_info=&#8221;{}&#8221;][\/et_pb_image][\/et_pb_column][\/et_pb_row][et_pb_row _builder_version=&#8221;4.25.2&#8243; _module_preset=&#8221;default&#8221; custom_padding=&#8221;||0px|||&#8221;][et_pb_column _builder_version=&#8221;4.25.2&#8243; _module_preset=&#8221;default&#8221; type=&#8221;4_4&#8243;][et_pb_text _builder_version=&#8221;4.25.2&#8243; _module_preset=&#8221;default&#8221; text_font=&#8221;|800|||||||&#8221; text_text_color=&#8221;#000000&#8243; hover_enabled=&#8221;0&#8243; sticky_enabled=&#8221;0&#8243; custom_margin=&#8221;-12px|||||&#8221;]<\/p>\n<p><span>En esta secci\u00f3n el trustee primario autoriza compartir su frecuencia a otro compa\u00f1ero trustee en un acuerdo amistoso y designando como trustee secundario a compartir dicha frecuencia donde la entidad coordinadora limitar\u00e1 el uso de la frecuencia para evitar interferencia.<\/span><br \/><span>En la gu\u00eda operacional establece lo siguiente en el tema de compartir frecuencia:<\/span><\/p>\n<p><span>Las frecuencias se pueden compartir siempre y cuando re\u00fanan los siguientes criterios:<\/span><\/p>\n<ul>\n<li><span>La junta del <span style=\"color: #e02b20;\">PRVIVFC <\/span>conversara cordialmente con el trustee primario que su frecuencia coordinada a \u00e9l la intenci\u00f3n de compartirla con otro trustee d\u00e1ndole todos los detalles de su localizaci\u00f3n. El trustee primario tendr\u00e1 todo el derecho de aprobar o no aprobar el compartir su frecuencia (Excepto las frecuencias de Islas V\u00edrgenes). Las frecuencias deben estar en los extremos de la isla a una distancia que no interfiera ambas.<\/span><br \/><span><\/span><\/li>\n<li><span>El segundo trustee debe estar consciente que la frecuencia es compartida con trustee primario que si hay alguna controversia se seguir\u00e1 el reglamento de la Parte 97.c que establece lo siguiente:<\/span><\/li>\n<\/ul>\n<p><span>(c) <span style=\"color: #022675;\">Donde la transmisi\u00f3n de un repetidor cause interferencia da\u00f1ina a otro repetidor, los due\u00f1os de ambos repetidores son igual y completamente responsables de resolver la interferencia a menos que la operaci\u00f3n de un repetidor est\u00e1 recomendada por el coordinador de frecuencias y la del otro no. En este caso el due\u00f1o del repetidor no-coordinado tiene la responsabilidad primaria de resolver la interferencia&#8221;<\/span><\/span><\/p>\n<p><span>La junta analizar\u00e1 si se puede compartir la frecuencia haciendo un estudio de localizaci\u00f3n y tendr\u00e1 un reporte si se autoriza el compartir la frecuencia.<\/span><\/p>\n<p><span>Trustee Primario (Favor de llenar el formulario que autoriza el compartir su frecuencia).<\/span><\/p>\n<p><span><span style=\"color: #e02b20;\">Nota<\/span>: Este formulario est\u00e1 constituido como lo establece la gu\u00eda operacional del <span style=\"color: #e02b20;\">PRVIVFC<\/span>.<\/span><\/p>\n<p>[\/et_pb_text][\/et_pb_column][\/et_pb_row][et_pb_row _builder_version=&#8221;4.25.2&#8243; _module_preset=&#8221;default&#8221; custom_margin=&#8221;|57px||auto||&#8221; global_colors_info=&#8221;{}&#8221;][et_pb_column type=&#8221;4_4&#8243; _builder_version=&#8221;4.25.2&#8243; _module_preset=&#8221;default&#8221; global_colors_info=&#8221;{}&#8221;][et_pb_text _builder_version=&#8221;4.25.2&#8243; _module_preset=&#8221;default&#8221; text_font=&#8221;|800|||||||&#8221; custom_margin=&#8221;|||-148px||&#8221; custom_padding=&#8221;|0px||||&#8221; global_colors_info=&#8221;{}&#8221;]<\/p>\n\n<table id=\"tablepress-22\" class=\"tablepress tablepress-id-22\">\n<thead>\n<tr class=\"row-1\">\n\t<th class=\"column-1\">FECHA \/ HORA<\/th><th class=\"column-2\">NOMBRE DEL TRUSTEE <\/th><th class=\"column-3\">INDICATIVO <\/th><th class=\"column-4\">FRECUENCIA A COMPARTIR <\/th><th class=\"column-5\">ESCRIBE EL NOMBRE Y EL INDICATIVO DEL COMPA\u00d1ERO A COMPARTIR TU FRECUENCIA <\/th>\n<\/tr>\n<\/thead>\n<tbody class=\"row-striping row-hover\">\n<tr class=\"row-2\">\n\t<td class=\"column-1\">6\/6\/2024 9:25:14<\/td><td class=\"column-2\">Nelson Santiago<\/td><td class=\"column-3\">WP3B<\/td><td class=\"column-4\">448.600<\/td><td class=\"column-5\">Luis Arnaldo Lopez WP4RWR<\/td>\n<\/tr>\n<\/tbody>\n<\/table>\n<!-- #tablepress-22 from cache -->\n<p>[\/et_pb_text][\/et_pb_column][\/et_pb_row][et_pb_row _builder_version=&#8221;4.25.2&#8243; _module_preset=&#8221;default&#8221; global_colors_info=&#8221;{}&#8221;][et_pb_column type=&#8221;4_4&#8243; _builder_version=&#8221;4.25.2&#8243; _module_preset=&#8221;default&#8221; global_colors_info=&#8221;{}&#8221;][et_pb_image src=&#8221;https:\/\/prvi-vfc.org\/web\/wp-content\/uploads\/2026\/04\/ChatGPT-Image-15-abr-2026-18_41_48-1.png&#8221; align=&#8221;center&#8221; _builder_version=&#8221;4.25.2&#8243; _module_preset=&#8221;default&#8221; width=&#8221;80%&#8221; max_width=&#8221;80%&#8221; custom_margin=&#8221;-81px|||||&#8221; animation_style=&#8221;zoom&#8221; animation_duration=&#8221;1700ms&#8221; global_colors_info=&#8221;{}&#8221;][\/et_pb_image][\/et_pb_column][\/et_pb_row][et_pb_row _builder_version=&#8221;4.25.2&#8243; _module_preset=&#8221;default&#8221; global_colors_info=&#8221;{}&#8221;][et_pb_column type=&#8221;4_4&#8243; _builder_version=&#8221;4.25.2&#8243; _module_preset=&#8221;default&#8221; global_colors_info=&#8221;{}&#8221;][et_pb_text _builder_version=&#8221;4.25.2&#8243; _module_preset=&#8221;default&#8221; custom_margin=&#8221;-96px|||||&#8221; text_text_shadow_style=&#8221;preset1&#8243; text_text_shadow_blur_strength=&#8221;0.37em&#8221; text_text_shadow_color=&#8221;#0C71C3&#8243; global_colors_info=&#8221;{}&#8221;]<\/p>\n<h2 style=\"text-align: center;\"><strong><span style=\"color: #000080;\">Derechos Reservados 2026<\/span>\u00a0<span style=\"color: #ff0000;\">PRVIVFC<\/span><\/strong><\/h2>\n<p>[\/et_pb_text][\/et_pb_column][\/et_pb_row][\/et_pb_section]<\/p>\n","protected":false},"excerpt":{"rendered":"<p>Solicitudes para Compartir FrecuenciaEn esta secci\u00f3n el trustee primario autoriza compartir su frecuencia a otro compa\u00f1ero trustee en un acuerdo amistoso y designando como trustee secundario a compartir dicha frecuencia donde la entidad coordinadora limitar\u00e1 el uso de la frecuencia para evitar interferencia.En la gu\u00eda operacional establece lo siguiente en el tema de compartir frecuencia: [&hellip;]<\/p>\n","protected":false},"author":2,"featured_media":0,"parent":0,"menu_order":0,"comment_status":"closed","ping_status":"closed","template":"","meta":{"_et_pb_use_builder":"on","_et_pb_old_content":"","_et_gb_content_width":"","footnotes":""},"class_list":["post-231564","page","type-page","status-publish","hentry"],"_links":{"self":[{"href":"https:\/\/prvi-vfc.org\/web\/wp-json\/wp\/v2\/pages\/231564","targetHints":{"allow":["GET"]}}],"collection":[{"href":"https:\/\/prvi-vfc.org\/web\/wp-json\/wp\/v2\/pages"}],"about":[{"href":"https:\/\/prvi-vfc.org\/web\/wp-json\/wp\/v2\/types\/page"}],"author":[{"embeddable":true,"href":"https:\/\/prvi-vfc.org\/web\/wp-json\/wp\/v2\/users\/2"}],"replies":[{"embeddable":true,"href":"https:\/\/prvi-vfc.org\/web\/wp-json\/wp\/v2\/comments?post=231564"}],"version-history":[{"count":6,"href":"https:\/\/prvi-vfc.org\/web\/wp-json\/wp\/v2\/pages\/231564\/revisions"}],"predecessor-version":[{"id":231673,"href":"https:\/\/prvi-vfc.org\/web\/wp-json\/wp\/v2\/pages\/231564\/revisions\/231673"}],"wp:attachment":[{"href":"https:\/\/prvi-vfc.org\/web\/wp-json\/wp\/v2\/media?parent=231564"}],"curies":[{"name":"wp","href":"https:\/\/api.w.org\/{rel}","templated":true}]}}