{"id":231117,"date":"2026-02-27T00:04:15","date_gmt":"2026-02-27T00:04:15","guid":{"rendered":"https:\/\/prvi-vfc.org\/web\/?page_id=231117"},"modified":"2026-03-01T22:21:44","modified_gmt":"2026-03-01T22:21:44","slug":"homenaje-a-nuestro-companero-hector-melendez-kp4fgl","status":"publish","type":"page","link":"https:\/\/prvi-vfc.org\/web\/homenaje-a-nuestro-companero-hector-melendez-kp4fgl\/","title":{"rendered":"Homenaje a nuestro compa\u00f1ero H\u00e9ctor Mel\u00e9ndez KP4FGL"},"content":{"rendered":"<p>[et_pb_section fb_built=&#8221;1&#8243; _builder_version=&#8221;4.25.2&#8243; _module_preset=&#8221;default&#8221; custom_padding=&#8221;||10px|||&#8221; global_colors_info=&#8221;{}&#8221;][et_pb_row _builder_version=&#8221;4.25.2&#8243; _module_preset=&#8221;default&#8221; custom_padding=&#8221;0px|||||&#8221; global_colors_info=&#8221;{}&#8221;][et_pb_column type=&#8221;4_4&#8243; _builder_version=&#8221;4.25.2&#8243; _module_preset=&#8221;default&#8221; global_colors_info=&#8221;{}&#8221;][et_pb_text _builder_version=&#8221;4.25.2&#8243; _module_preset=&#8221;default&#8221; text_text_shadow_style=&#8221;preset3&#8243; text_text_shadow_color=&#8221;#0C71C3&#8243; box_shadow_style=&#8221;preset1&#8243; box_shadow_color=&#8221;RGBA(255,255,255,0)&#8221; global_colors_info=&#8221;{}&#8221;]<\/p>\n<h2 style=\"text-align: center;\"><strong>Homenaje a nuestro compa\u00f1ero H\u00e9ctor Mel\u00e9ndez KP4FGL (SK)<\/strong><\/h2>\n<p>[\/et_pb_text][\/et_pb_column][\/et_pb_row][et_pb_row _builder_version=&#8221;4.25.2&#8243; _module_preset=&#8221;default&#8221; custom_padding=&#8221;||0px|||&#8221; global_colors_info=&#8221;{}&#8221;][et_pb_column type=&#8221;4_4&#8243; _builder_version=&#8221;4.25.2&#8243; _module_preset=&#8221;default&#8221; global_colors_info=&#8221;{}&#8221;][et_pb_text _builder_version=&#8221;4.25.2&#8243; _module_preset=&#8221;default&#8221; text_font=&#8221;&#8211;et_global_body_font|800|on||||||&#8221; text_font_size=&#8221;20px&#8221; text_letter_spacing=&#8221;2px&#8221; text_line_height=&#8221;1.8em&#8221; header_font=&#8221;|800|on|on|||||&#8221; custom_margin=&#8221;-35px|||||&#8221; text_text_shadow_style=&#8221;preset1&#8243; text_text_shadow_horizontal_length=&#8221;-0.03em&#8221; text_text_shadow_vertical_length=&#8221;0.06em&#8221; text_text_shadow_blur_strength=&#8221;0.35em&#8221; text_text_shadow_color=&#8221;#0C71C3&#8243; header_text_shadow_style=&#8221;preset3&#8243; header_text_shadow_horizontal_length=&#8221;-0.34em&#8221; header_text_shadow_vertical_length=&#8221;0.24em&#8221; header_text_shadow_blur_strength=&#8221;0.97em&#8221; header_text_shadow_color=&#8221;#0C71C3&#8243; global_colors_info=&#8221;{}&#8221;]<\/p>\n<h4 class=\"Y3BBE\" jsaction=\"rcuQ6b:&amp;Hsy2P_e|npT2md\" jscontroller=\"zcfIf\" jsuid=\"Hsy2P_e\" data-hveid=\"CAEIAhAA\" data-complete=\"true\" data-processed=\"true\" style=\"text-align: left;\">\u00a0\u00a0<span style=\"color: #0004fc;\"><strong><em> La Junta del <span style=\"color: #ff0000;\">PRVIVFC<\/span> lamentamos profundamente la partida de nuestro compa\u00f1ero coordinador el <span style=\"color: #ff0000;\">Sr<\/span>. <span style=\"color: #e02b20;\">H\u00e9ctor Melendez (<span style=\"color: #000080;\">KP4FGL<span style=\"color: #ff0000;\">) <\/span><\/span><\/span>qui\u00e9n era una persona excepcional y un amigo inolvidable que dej\u00f3 una huella de luz en todos los que tuvimos la suerte de conocerlo. Aunque hoy nos invade la tristeza, preferimos honrar su vida recordando su alegr\u00eda y los buenos momentos compartidos. Nuestros pensamientos y apoyo est\u00e1n con su familia en este momento tan dif\u00edcil. &#8220;Descanse en paz.&#8221;<\/em><\/strong><\/span><span jsuid=\"Hsy2P_g\" class=\"txxDge notranslate\" jsaction=\"rcuQ6b:&amp;Hsy2P_g|npT2md\" jscontroller=\"udAs2b\" data-wiz-uids=\"Hsy2P_h,Hsy2P_i\" data-complete=\"true\" data-processed=\"true\"><span class=\"vKEkVd\" data-animation-atomic=\"\" data-wiz-attrbind=\"class=Hsy2P_g\/TKHnVd\" data-sae=\"\"><span aria-hidden=\"true\"><\/span><button jsuid=\"Hsy2P_i\" data-amic=\"true\" data-icl-uuid=\"72a8dd1b-daa0-495f-9544-ff2672e056ab\" aria-label=\"Ver v\u00ednculos relacionados\" class=\"rBl3me\" jsaction=\"click:&amp;Hsy2P_g|S9kKve;mouseenter:&amp;Hsy2P_g|sbHm2b;mouseleave:&amp;Hsy2P_g|Tx5Rb\" data-wiz-attrbind=\"disabled=Hsy2P_g\/C5gNJc;aria-label=Hsy2P_g\/bOjMyf;class=Hsy2P_g\/UpSNec\" data-ved=\"2ahUKEwj0zs78qfiSAxXPVbAAHRahCQEQye0OegYIAQgCEAE\" tabindex=\"0\"><span class=\"wiMplc ofC0Ud\"><svg fill=\"currentColor\" width=\"12px\" height=\"12px\" focusable=\"false\" xmlns=\"http:\/\/www.w3.org\/2000\/svg\" viewbox=\"0 0 24 24\"><path d=\"M3.9 12c0-1.71 1.39-3.1 3.1-3.1h4V7H7c-2.76 0-5 2.24-5 5s2.24 5 5 5h4v-1.9H7c-1.71 0-3.1-1.39-3.1-3.1zM8 13h8v-2H8v2zm9-6h-4v1.9h4c1.71 0 3.1 1.39 3.1 3.1s-1.39 3.1-3.1 3.1h-4V17h4c2.76 0 5-2.24 5-5s-2.24-5-5-5z\"><\/path><\/svg><\/span><\/button><\/span><\/span><\/h4>\n<p><span style=\"color: #0004fc;\"><strong><em><\/em><\/strong><\/span><\/p>\n<h2 style=\"text-align: center;\"><em><strong><span style=\"color: #b70b44;\">&#8220;Vuela alto compa\u00f1ero KP4FGL (SK) junto al maestro Jes\u00fas&#8221;<\/span>\u00a0<\/strong><\/em><span style=\"color: #0004fc;\"><strong><em><\/em><\/strong><\/span><span style=\"color: #0004fc;\"><strong><em><\/em><\/strong><\/span><\/h2>\n<p><span style=\"color: #0004fc;\"><strong><em><\/em><\/strong><\/span><\/p>\n<p><span style=\"color: #0004fc;\"><strong><em><\/em><\/strong><\/span><\/p>\n<p><span style=\"color: #0004fc;\"><strong><em><\/em><\/strong><\/span><\/p>\n<p>[\/et_pb_text][\/et_pb_column][\/et_pb_row][et_pb_row column_structure=&#8221;1_2,1_2&#8243; _builder_version=&#8221;4.25.2&#8243; _module_preset=&#8221;default&#8221; custom_margin=&#8221;-20px|auto||auto||&#8221; animation_style=&#8221;zoom&#8221; global_colors_info=&#8221;{}&#8221;][et_pb_column type=&#8221;1_2&#8243; _builder_version=&#8221;4.25.2&#8243; _module_preset=&#8221;default&#8221; global_colors_info=&#8221;{}&#8221;][et_pb_image src=&#8221;https:\/\/prvi-vfc.org\/web\/wp-content\/uploads\/2026\/02\/Hector-23.jpg&#8221; title_text=&#8221;H\u00e9ctor 23&#8243; _builder_version=&#8221;4.25.2&#8243; _module_preset=&#8221;default&#8221; min_height=&#8221;377.9px&#8221; box_shadow_style=&#8221;preset1&#8243; box_shadow_color=&#8221;#0C71C3&#8243; global_colors_info=&#8221;{}&#8221;][\/et_pb_image][\/et_pb_column][et_pb_column type=&#8221;1_2&#8243; _builder_version=&#8221;4.25.2&#8243; _module_preset=&#8221;default&#8221; global_colors_info=&#8221;{}&#8221;][et_pb_image src=&#8221;https:\/\/prvi-vfc.org\/web\/wp-content\/uploads\/2026\/02\/Hector-19.jpg&#8221; title_text=&#8221;H\u00e9ctor 19&#8243; _builder_version=&#8221;4.25.2&#8243; _module_preset=&#8221;default&#8221; min_height=&#8221;366.7px&#8221; custom_padding=&#8221;|0px|0px|3px||&#8221; box_shadow_style=&#8221;preset1&#8243; box_shadow_color=&#8221;#0C71C3&#8243; global_colors_info=&#8221;{}&#8221;][\/et_pb_image][\/et_pb_column][\/et_pb_row][et_pb_row column_structure=&#8221;1_2,1_2&#8243; _builder_version=&#8221;4.25.2&#8243; _module_preset=&#8221;default&#8221; global_colors_info=&#8221;{}&#8221;][et_pb_column type=&#8221;1_2&#8243; _builder_version=&#8221;4.25.2&#8243; _module_preset=&#8221;default&#8221; global_colors_info=&#8221;{}&#8221;][et_pb_image src=&#8221;https:\/\/prvi-vfc.org\/web\/wp-content\/uploads\/2026\/02\/Hector-7.jpg&#8221; title_text=&#8221;H\u00e9ctor 7&#8243; _builder_version=&#8221;4.25.2&#8243; _module_preset=&#8221;default&#8221; min_height=&#8221;373.7px&#8221; box_shadow_style=&#8221;preset1&#8243; box_shadow_color=&#8221;#0C71C3&#8243; global_colors_info=&#8221;{}&#8221;][\/et_pb_image][\/et_pb_column][et_pb_column type=&#8221;1_2&#8243; _builder_version=&#8221;4.25.2&#8243; _module_preset=&#8221;default&#8221; global_colors_info=&#8221;{}&#8221;][et_pb_image src=&#8221;https:\/\/prvi-vfc.org\/web\/wp-content\/uploads\/2026\/02\/Hector-11.jpg&#8221; title_text=&#8221;H\u00e9ctor 11&#8243; _builder_version=&#8221;4.25.2&#8243; _module_preset=&#8221;default&#8221; custom_margin=&#8221;||-72px|||&#8221; custom_padding=&#8221;0px|||||&#8221; box_shadow_style=&#8221;preset1&#8243; box_shadow_color=&#8221;#0C71C3&#8243; global_colors_info=&#8221;{}&#8221;][\/et_pb_image][\/et_pb_column][\/et_pb_row][et_pb_row column_structure=&#8221;1_2,1_2&#8243; _builder_version=&#8221;4.25.2&#8243; _module_preset=&#8221;default&#8221; global_colors_info=&#8221;{}&#8221;][et_pb_column type=&#8221;1_2&#8243; _builder_version=&#8221;4.25.2&#8243; _module_preset=&#8221;default&#8221; global_colors_info=&#8221;{}&#8221;][et_pb_image src=&#8221;https:\/\/prvi-vfc.org\/web\/wp-content\/uploads\/2026\/02\/Hector-15.jpg&#8221; title_text=&#8221;H\u00e9ctor 15&#8243; _builder_version=&#8221;4.25.2&#8243; _module_preset=&#8221;default&#8221; min_height=&#8221;389.6px&#8221; box_shadow_style=&#8221;preset1&#8243; box_shadow_color=&#8221;#0C71C3&#8243; global_colors_info=&#8221;{}&#8221;][\/et_pb_image][\/et_pb_column][et_pb_column type=&#8221;1_2&#8243; _builder_version=&#8221;4.25.2&#8243; _module_preset=&#8221;default&#8221; global_colors_info=&#8221;{}&#8221;][et_pb_image src=&#8221;https:\/\/prvi-vfc.org\/web\/wp-content\/uploads\/2026\/02\/Hector-21.jpg&#8221; title_text=&#8221;H\u00e9ctor 21&#8243; _builder_version=&#8221;4.25.2&#8243; _module_preset=&#8221;default&#8221; box_shadow_style=&#8221;preset1&#8243; box_shadow_color=&#8221;#0C71C3&#8243; global_colors_info=&#8221;{}&#8221;][\/et_pb_image][\/et_pb_column][\/et_pb_row][et_pb_row column_structure=&#8221;1_2,1_2&#8243; _builder_version=&#8221;4.25.2&#8243; _module_preset=&#8221;default&#8221; global_colors_info=&#8221;{}&#8221;][et_pb_column type=&#8221;1_2&#8243; _builder_version=&#8221;4.25.2&#8243; _module_preset=&#8221;default&#8221; global_colors_info=&#8221;{}&#8221;][et_pb_image src=&#8221;https:\/\/prvi-vfc.org\/web\/wp-content\/uploads\/2026\/02\/Hector-10.jpg&#8221; title_text=&#8221;H\u00e9ctor 10&#8243; _builder_version=&#8221;4.25.2&#8243; _module_preset=&#8221;default&#8221; min_height=&#8221;384.7px&#8221; box_shadow_style=&#8221;preset1&#8243; box_shadow_color=&#8221;#0C71C3&#8243; global_colors_info=&#8221;{}&#8221;][\/et_pb_image][\/et_pb_column][et_pb_column type=&#8221;1_2&#8243; _builder_version=&#8221;4.25.2&#8243; _module_preset=&#8221;default&#8221; global_colors_info=&#8221;{}&#8221;][et_pb_image src=&#8221;https:\/\/prvi-vfc.org\/web\/wp-content\/uploads\/2026\/02\/Hector-24.jpg&#8221; title_text=&#8221;H\u00e9ctor 24&#8243; _builder_version=&#8221;4.25.2&#8243; _module_preset=&#8221;default&#8221; box_shadow_style=&#8221;preset1&#8243; box_shadow_color=&#8221;#0C71C3&#8243; global_colors_info=&#8221;{}&#8221;][\/et_pb_image][\/et_pb_column][\/et_pb_row][et_pb_row column_structure=&#8221;1_2,1_2&#8243; _builder_version=&#8221;4.25.2&#8243; _module_preset=&#8221;default&#8221; global_colors_info=&#8221;{}&#8221;][et_pb_column type=&#8221;1_2&#8243; _builder_version=&#8221;4.25.2&#8243; _module_preset=&#8221;default&#8221; global_colors_info=&#8221;{}&#8221;][et_pb_image src=&#8221;https:\/\/prvi-vfc.org\/web\/wp-content\/uploads\/2026\/02\/Hector-3.jpg&#8221; title_text=&#8221;H\u00e9ctor 3&#8243; _builder_version=&#8221;4.25.2&#8243; _module_preset=&#8221;default&#8221; min_height=&#8221;535.7px&#8221; box_shadow_style=&#8221;preset1&#8243; box_shadow_color=&#8221;#0C71C3&#8243; global_colors_info=&#8221;{}&#8221;][\/et_pb_image][\/et_pb_column][et_pb_column type=&#8221;1_2&#8243; _builder_version=&#8221;4.25.2&#8243; _module_preset=&#8221;default&#8221; global_colors_info=&#8221;{}&#8221;][et_pb_image src=&#8221;https:\/\/prvi-vfc.org\/web\/wp-content\/uploads\/2026\/02\/Hector-22.jpg&#8221; title_text=&#8221;Screenshot&#8221; _builder_version=&#8221;4.25.2&#8243; _module_preset=&#8221;default&#8221; min_height=&#8221;430px&#8221; box_shadow_style=&#8221;preset1&#8243; box_shadow_color=&#8221;#0C71C3&#8243; global_colors_info=&#8221;{}&#8221;][\/et_pb_image][\/et_pb_column][\/et_pb_row][et_pb_row column_structure=&#8221;1_2,1_2&#8243; _builder_version=&#8221;4.25.2&#8243; _module_preset=&#8221;default&#8221; global_colors_info=&#8221;{}&#8221;][et_pb_column type=&#8221;1_2&#8243; _builder_version=&#8221;4.25.2&#8243; _module_preset=&#8221;default&#8221; global_colors_info=&#8221;{}&#8221;][et_pb_image src=&#8221;https:\/\/prvi-vfc.org\/web\/wp-content\/uploads\/2026\/02\/Hector-14.jpg&#8221; title_text=&#8221;H\u00e9ctor 14&#8243; _builder_version=&#8221;4.25.2&#8243; _module_preset=&#8221;default&#8221; min_height=&#8221;384.6px&#8221; box_shadow_style=&#8221;preset1&#8243; box_shadow_color=&#8221;#0C71C3&#8243; global_colors_info=&#8221;{}&#8221;][\/et_pb_image][\/et_pb_column][et_pb_column type=&#8221;1_2&#8243; _builder_version=&#8221;4.25.2&#8243; _module_preset=&#8221;default&#8221; global_colors_info=&#8221;{}&#8221;][et_pb_image src=&#8221;https:\/\/prvi-vfc.org\/web\/wp-content\/uploads\/2026\/02\/Hector-18.jpg&#8221; title_text=&#8221;H\u00e9ctor 18&#8243; _builder_version=&#8221;4.25.2&#8243; _module_preset=&#8221;default&#8221; box_shadow_style=&#8221;preset1&#8243; box_shadow_color=&#8221;#0C71C3&#8243; global_colors_info=&#8221;{}&#8221;][\/et_pb_image][\/et_pb_column][\/et_pb_row][et_pb_row _builder_version=&#8221;4.25.2&#8243; _module_preset=&#8221;default&#8221; global_colors_info=&#8221;{}&#8221;][et_pb_column type=&#8221;4_4&#8243; _builder_version=&#8221;4.25.2&#8243; _module_preset=&#8221;default&#8221; global_colors_info=&#8221;{}&#8221;][et_pb_text _builder_version=&#8221;4.25.2&#8243; _module_preset=&#8221;default&#8221; text_text_shadow_style=&#8221;preset1&#8243; text_text_shadow_color=&#8221;#0C71C3&#8243; global_colors_info=&#8221;{}&#8221;]<\/p>\n<h2 style=\"text-align: center;\"><strong><span style=\"color: #000080;\">Derechos Reservados 2026<\/span>\u00a0<span style=\"color: #ff0000;\">PRVIVFC<\/span><\/strong><\/h2>\n<p>[\/et_pb_text][\/et_pb_column][\/et_pb_row][\/et_pb_section]<\/p>\n","protected":false},"excerpt":{"rendered":"<p>Homenaje a nuestro compa\u00f1ero H\u00e9ctor Mel\u00e9ndez KP4FGL (SK)\u00a0\u00a0 La Junta del PRVIVFC lamentamos profundamente la partida de nuestro compa\u00f1ero coordinador el Sr. H\u00e9ctor Melendez (KP4FGL) qui\u00e9n era una persona excepcional y un amigo inolvidable que dej\u00f3 una huella de luz en todos los que tuvimos la suerte de conocerlo. Aunque hoy nos invade la tristeza, [&hellip;]<\/p>\n","protected":false},"author":2,"featured_media":0,"parent":0,"menu_order":0,"comment_status":"closed","ping_status":"closed","template":"","meta":{"_et_pb_use_builder":"on","_et_pb_old_content":"","_et_gb_content_width":"","footnotes":""},"class_list":["post-231117","page","type-page","status-publish","hentry"],"_links":{"self":[{"href":"https:\/\/prvi-vfc.org\/web\/wp-json\/wp\/v2\/pages\/231117","targetHints":{"allow":["GET"]}}],"collection":[{"href":"https:\/\/prvi-vfc.org\/web\/wp-json\/wp\/v2\/pages"}],"about":[{"href":"https:\/\/prvi-vfc.org\/web\/wp-json\/wp\/v2\/types\/page"}],"author":[{"embeddable":true,"href":"https:\/\/prvi-vfc.org\/web\/wp-json\/wp\/v2\/users\/2"}],"replies":[{"embeddable":true,"href":"https:\/\/prvi-vfc.org\/web\/wp-json\/wp\/v2\/comments?post=231117"}],"version-history":[{"count":17,"href":"https:\/\/prvi-vfc.org\/web\/wp-json\/wp\/v2\/pages\/231117\/revisions"}],"predecessor-version":[{"id":231178,"href":"https:\/\/prvi-vfc.org\/web\/wp-json\/wp\/v2\/pages\/231117\/revisions\/231178"}],"wp:attachment":[{"href":"https:\/\/prvi-vfc.org\/web\/wp-json\/wp\/v2\/media?parent=231117"}],"curies":[{"name":"wp","href":"https:\/\/api.w.org\/{rel}","templated":true}]}}