{"id":230959,"date":"2025-11-14T23:59:42","date_gmt":"2025-11-14T23:59:42","guid":{"rendered":"https:\/\/prvi-vfc.org\/web\/?page_id=230959"},"modified":"2026-01-22T13:39:18","modified_gmt":"2026-01-22T13:39:18","slug":"mapa-repetidores-coordinados-en-puerto-rico-islas-virgenes","status":"publish","type":"page","link":"https:\/\/prvi-vfc.org\/web\/mapa-repetidores-coordinados-en-puerto-rico-islas-virgenes\/","title":{"rendered":"MAPA REPETIDORES COORDINADOS EN PUERTO RICO \/ ISLAS VIRGENES"},"content":{"rendered":"<p>[et_pb_section fb_built=&#8221;1&#8243; _builder_version=&#8221;4.25.2&#8243; _module_preset=&#8221;default&#8221; global_colors_info=&#8221;{}&#8221;][et_pb_row _builder_version=&#8221;4.25.2&#8243; _module_preset=&#8221;default&#8221; global_colors_info=&#8221;{}&#8221;][et_pb_column type=&#8221;4_4&#8243; _builder_version=&#8221;4.25.2&#8243; _module_preset=&#8221;default&#8221; global_colors_info=&#8221;{}&#8221;][et_pb_text _builder_version=&#8221;4.25.2&#8243; _module_preset=&#8221;default&#8221; text_text_shadow_style=&#8221;preset1&#8243; text_text_shadow_blur_strength=&#8221;0.34em&#8221; text_text_shadow_color=&#8221;#0C71C3&#8243; ul_text_shadow_style=&#8221;preset1&#8243; ul_text_shadow_vertical_length=&#8221;0.04em&#8221; ul_text_shadow_blur_strength=&#8221;0.32em&#8221; ul_text_shadow_color=&#8221;#0C71C3&#8243; global_colors_info=&#8221;{}&#8221;]<\/p>\n<h3 style=\"text-align: center;\"><span style=\"color: #000080;\"><strong>MAPA DE LOS REPETIDORES COORDINADOS EN PUERTO RICO E ISLAS VIRGENES <span style=\"color: #ff0000;\">(PRVIVFC)<\/span><\/strong><\/span><\/h3>\n<p>[\/et_pb_text][\/et_pb_column][\/et_pb_row][et_pb_row _builder_version=&#8221;4.25.2&#8243; _module_preset=&#8221;default&#8221; custom_margin=&#8221;-16px|auto||auto||&#8221; global_colors_info=&#8221;{}&#8221;][et_pb_column type=&#8221;4_4&#8243; _builder_version=&#8221;4.25.2&#8243; _module_preset=&#8221;default&#8221; global_colors_info=&#8221;{}&#8221;][et_pb_text _builder_version=&#8221;4.25.2&#8243; _module_preset=&#8221;default&#8221; text_text_color=&#8221;#000000&#8243; text_font_size=&#8221;16px&#8221; text_letter_spacing=&#8221;1px&#8221; text_line_height=&#8221;1.4em&#8221; global_colors_info=&#8221;{}&#8221;]<\/p>\n<p><strong>En esta secci\u00f3n podras ver los <span style=\"text-decoration: underline; color: #3f5596;\"><em>repetidores coordinados en Puerto Rico e Islas V\u00edrgenes<\/em><\/span> por la aplicaci\u00f3n de <span style=\"color: #e02b20;\">GOOGLE MAPS<\/span>.<\/strong><\/p>\n<p><strong><span style=\"text-decoration: underline; color: #e02b20;\">Nota<\/span>: Las coordenadas de cada sities son aproximaciones para garantizar la confidencialidad de cada repetidor coordinado.<\/strong><\/p>\n<p><strong><\/strong><\/p>\n<p><strong><\/strong><\/p>\n<p><strong><\/strong><\/p>\n<h3 style=\"text-align: center;\"><strong>Dar un cilc a la imagen para ver el mapa por GOOGLE MAPS<\/strong><\/h3>\n<p>[\/et_pb_text][\/et_pb_column][\/et_pb_row][et_pb_row _builder_version=&#8221;4.25.2&#8243; _module_preset=&#8221;default&#8221; global_colors_info=&#8221;{}&#8221;][et_pb_column type=&#8221;4_4&#8243; _builder_version=&#8221;4.25.2&#8243; _module_preset=&#8221;default&#8221; global_colors_info=&#8221;{}&#8221;][et_pb_image src=&#8221;https:\/\/prvi-vfc.org\/web\/wp-content\/uploads\/2025\/11\/Mapa-del-PRVIVFC.png&#8221; title_text=&#8221;Mapa del PRVIVFC&#8221; url=&#8221;https:\/\/www.google.com\/maps\/d\/edit?mid=1qwcYylowBhJt72l7I4fDEgiilozT0wQ&#038;usp=sharing&#8221; url_new_window=&#8221;on&#8221; align=&#8221;center&#8221; _builder_version=&#8221;4.25.2&#8243; _module_preset=&#8221;default&#8221; animation_style=&#8221;zoom&#8221; animation_intensity_zoom=&#8221;7%&#8221; box_shadow_style=&#8221;preset1&#8243; box_shadow_spread=&#8221;9px&#8221; box_shadow_color=&#8221;#0C71C3&#8243; global_colors_info=&#8221;{}&#8221;][\/et_pb_image][\/et_pb_column][\/et_pb_row][et_pb_row column_structure=&#8221;1_3,1_3,1_3&#8243; _builder_version=&#8221;4.25.2&#8243; _module_preset=&#8221;default&#8221; animation_style=&#8221;zoom&#8221; animation_intensity_zoom=&#8221;8%&#8221; global_colors_info=&#8221;{}&#8221;][et_pb_column type=&#8221;1_3&#8243; _builder_version=&#8221;4.25.2&#8243; _module_preset=&#8221;default&#8221; global_colors_info=&#8221;{}&#8221;][et_pb_image src=&#8221;https:\/\/prvi-vfc.org\/web\/wp-content\/uploads\/2025\/05\/radio-movil-de-comunicaciones-con-el-display-mostrando-900-MHz-33-CM.jpg&#8221; title_text=&#8221;radio m\u00f3vil de comunicaciones con el display mostrando 900 MHz &#8211; 33 CM&#8221; _builder_version=&#8221;4.25.2&#8243; _module_preset=&#8221;default&#8221; box_shadow_style=&#8221;preset1&#8243; box_shadow_color=&#8221;#0C71C3&#8243; global_colors_info=&#8221;{}&#8221;][\/et_pb_image][\/et_pb_column][et_pb_column type=&#8221;1_3&#8243; _builder_version=&#8221;4.25.2&#8243; _module_preset=&#8221;default&#8221; global_colors_info=&#8221;{}&#8221;][et_pb_image src=&#8221;https:\/\/prvi-vfc.org\/web\/wp-content\/uploads\/2025\/05\/radio-portatil-de-comunicacion-con-letras-PRVIVFC-en-su-display-2.jpg&#8221; title_text=&#8221;radio port\u00e1til de comunicaci\u00f3n con letras PRVIVFC en su display 2&#8243; _builder_version=&#8221;4.25.2&#8243; _module_preset=&#8221;default&#8221; box_shadow_style=&#8221;preset1&#8243; box_shadow_color=&#8221;#0C71C3&#8243; global_colors_info=&#8221;{}&#8221;][\/et_pb_image][\/et_pb_column][et_pb_column type=&#8221;1_3&#8243; _builder_version=&#8221;4.25.2&#8243; _module_preset=&#8221;default&#8221; global_colors_info=&#8221;{}&#8221;][et_pb_image src=&#8221;https:\/\/prvi-vfc.org\/web\/wp-content\/uploads\/2025\/05\/radio-portatil-de-comunicacion-con-letras-PRVIVFC-en-su-display-.jpg&#8221; title_text=&#8221;radio port\u00e1til de comunicaci\u00f3n con letras PRVIVFC en su display&#8221; _builder_version=&#8221;4.25.2&#8243; _module_preset=&#8221;default&#8221; box_shadow_style=&#8221;preset1&#8243; box_shadow_color=&#8221;#0C71C3&#8243; global_colors_info=&#8221;{}&#8221;][\/et_pb_image][\/et_pb_column][\/et_pb_row][et_pb_row _builder_version=&#8221;4.25.2&#8243; _module_preset=&#8221;default&#8221; global_colors_info=&#8221;{}&#8221;][et_pb_column type=&#8221;4_4&#8243; _builder_version=&#8221;4.25.2&#8243; _module_preset=&#8221;default&#8221; global_colors_info=&#8221;{}&#8221;][et_pb_text _builder_version=&#8221;4.25.2&#8243; _module_preset=&#8221;default&#8221; hover_enabled=&#8221;0&#8243; text_text_shadow_style=&#8221;preset1&#8243; text_text_shadow_color=&#8221;#0C71C3&#8243; global_colors_info=&#8221;{}&#8221; sticky_enabled=&#8221;0&#8243;]<\/p>\n<h2 style=\"text-align: center;\"><strong><span style=\"color: #333399;\">Derechos Reservados 2026 <\/span><span style=\"color: #ff0000;\">PRVIVFC<\/span><\/strong><\/h2>\n<p>[\/et_pb_text][\/et_pb_column][\/et_pb_row][\/et_pb_section]<\/p>\n","protected":false},"excerpt":{"rendered":"<p>MAPA DE LOS REPETIDORES COORDINADOS EN PUERTO RICO E ISLAS VIRGENES (PRVIVFC)En esta secci\u00f3n podras ver los repetidores coordinados en Puerto Rico e Islas V\u00edrgenes por la aplicaci\u00f3n de GOOGLE MAPS. Nota: Las coordenadas de cada sities son aproximaciones para garantizar la confidencialidad de cada repetidor coordinado. Dar un cilc a la imagen para ver [&hellip;]<\/p>\n","protected":false},"author":2,"featured_media":0,"parent":0,"menu_order":0,"comment_status":"closed","ping_status":"closed","template":"","meta":{"_et_pb_use_builder":"on","_et_pb_old_content":"","_et_gb_content_width":"","footnotes":""},"class_list":["post-230959","page","type-page","status-publish","hentry"],"_links":{"self":[{"href":"https:\/\/prvi-vfc.org\/web\/wp-json\/wp\/v2\/pages\/230959","targetHints":{"allow":["GET"]}}],"collection":[{"href":"https:\/\/prvi-vfc.org\/web\/wp-json\/wp\/v2\/pages"}],"about":[{"href":"https:\/\/prvi-vfc.org\/web\/wp-json\/wp\/v2\/types\/page"}],"author":[{"embeddable":true,"href":"https:\/\/prvi-vfc.org\/web\/wp-json\/wp\/v2\/users\/2"}],"replies":[{"embeddable":true,"href":"https:\/\/prvi-vfc.org\/web\/wp-json\/wp\/v2\/comments?post=230959"}],"version-history":[{"count":9,"href":"https:\/\/prvi-vfc.org\/web\/wp-json\/wp\/v2\/pages\/230959\/revisions"}],"predecessor-version":[{"id":231082,"href":"https:\/\/prvi-vfc.org\/web\/wp-json\/wp\/v2\/pages\/230959\/revisions\/231082"}],"wp:attachment":[{"href":"https:\/\/prvi-vfc.org\/web\/wp-json\/wp\/v2\/media?parent=230959"}],"curies":[{"name":"wp","href":"https:\/\/api.w.org\/{rel}","templated":true}]}}