{"id":230739,"date":"2025-05-28T01:55:04","date_gmt":"2025-05-28T01:55:04","guid":{"rendered":"https:\/\/prvi-vfc.org\/web\/?page_id=230739"},"modified":"2026-04-16T11:25:22","modified_gmt":"2026-04-16T11:25:22","slug":"rendimiento-al-departamento-de-estado-2020-presente","status":"publish","type":"page","link":"https:\/\/prvi-vfc.org\/web\/rendimiento-al-departamento-de-estado-2020-presente\/","title":{"rendered":"Rendimiento al Departamento de Estado 2020 &#8211; Presente"},"content":{"rendered":"<p>[et_pb_section fb_built=&#8221;1&#8243; _builder_version=&#8221;4.25.2&#8243; _module_preset=&#8221;default&#8221; custom_padding=&#8221;41px|||||&#8221; global_colors_info=&#8221;{}&#8221;][et_pb_row _builder_version=&#8221;4.25.2&#8243; _module_preset=&#8221;default&#8221; custom_padding=&#8221;0px|||||&#8221; global_colors_info=&#8221;{}&#8221;][et_pb_column type=&#8221;4_4&#8243; _builder_version=&#8221;4.25.2&#8243; _module_preset=&#8221;default&#8221; global_colors_info=&#8221;{}&#8221;][et_pb_text _builder_version=&#8221;4.25.2&#8243; _module_preset=&#8221;default&#8221; text_font=&#8221;||||||||&#8221; text_line_height=&#8221;1.5em&#8221; animation_style=&#8221;zoom&#8221; animation_duration=&#8221;1350ms&#8221; animation_intensity_zoom=&#8221;13%&#8221; text_text_shadow_style=&#8221;preset3&#8243; text_text_shadow_color=&#8221;#0C71C3&#8243; global_colors_info=&#8221;{}&#8221;]<\/p>\n<h1 style=\"text-align: center;\"><span style=\"color: #000080;\"><strong>Rendimiento al Departamento de Estado 2020 &#8211; Presente<\/strong><\/span><\/h1>\n<p>[\/et_pb_text][\/et_pb_column][\/et_pb_row][et_pb_row _builder_version=&#8221;4.25.2&#8243; _module_preset=&#8221;default&#8221; global_colors_info=&#8221;{}&#8221;][et_pb_column type=&#8221;4_4&#8243; _builder_version=&#8221;4.25.2&#8243; _module_preset=&#8221;default&#8221; global_colors_info=&#8221;{}&#8221;][et_pb_image src=&#8221;https:\/\/prvi-vfc.org\/web\/wp-content\/uploads\/2026\/04\/Sello-del-Departamento-de-Estado-de-Puerto-Rico.png&#8221; align=&#8221;center&#8221; _builder_version=&#8221;4.25.2&#8243; _module_preset=&#8221;default&#8221; width=&#8221;27%&#8221; max_width=&#8221;29%&#8221; height=&#8221;236px&#8221; custom_margin=&#8221;-26px|||||&#8221; custom_padding=&#8221;|||0px||&#8221; animation_style=&#8221;zoom&#8221; animation_duration=&#8221;1550ms&#8221; animation_intensity_zoom=&#8221;24%&#8221; border_width_all=&#8221;3px&#8221; box_shadow_style=&#8221;preset1&#8243; box_shadow_blur=&#8221;37px&#8221; box_shadow_spread=&#8221;-2px&#8221; box_shadow_color=&#8221;#0C71C3&#8243; global_colors_info=&#8221;{}&#8221;][\/et_pb_image][\/et_pb_column][\/et_pb_row][et_pb_row _builder_version=&#8221;4.25.2&#8243; _module_preset=&#8221;default&#8221; global_colors_info=&#8221;{}&#8221;][et_pb_column type=&#8221;4_4&#8243; _builder_version=&#8221;4.25.2&#8243; _module_preset=&#8221;default&#8221; global_colors_info=&#8221;{}&#8221;][et_pb_text _builder_version=&#8221;4.25.2&#8243; _module_preset=&#8221;default&#8221; text_text_color=&#8221;#000000&#8243; text_font_size=&#8221;18px&#8221; custom_margin=&#8221;-22px|||||&#8221; custom_padding=&#8221;||0px|||&#8221; animation_style=&#8221;zoom&#8221; animation_intensity_zoom=&#8221;11%&#8221; global_colors_info=&#8221;{}&#8221;]<\/p>\n<p><span>\u00a0 El\u00a0<\/span><strong><span>PRVIVFC<\/span>\u00a0<\/strong><span>se registr\u00f3 por tercera vez en el\u00a0<\/span><strong>Departamento de Estado para el a\u00f1o 2020 hasta el presente\u00a0<\/strong><span>con el n\u00famero de registro\u00a0<\/span><span><strong>454441<\/strong><\/span><span>\u00a0por el\u00a0<\/span><strong>Sr. Julio D\u00edaz Santiago KP3JD, el Sr. Iv\u00e1n Valent\u00edn KP3IV<\/strong><span>\u00a0<\/span><strong>y Sr. Juan Sep\u00falveda KP3CR<\/strong><\/p>\n<p>[\/et_pb_text][\/et_pb_column][\/et_pb_row][et_pb_row column_structure=&#8221;1_5,1_5,1_5,1_5,1_5&#8243; _builder_version=&#8221;4.25.2&#8243; _module_preset=&#8221;default&#8221; animation_style=&#8221;zoom&#8221; animation_duration=&#8221;1250ms&#8221; animation_intensity_zoom=&#8221;12%&#8221; global_colors_info=&#8221;{}&#8221;][et_pb_column type=&#8221;1_5&#8243; _builder_version=&#8221;4.25.2&#8243; _module_preset=&#8221;default&#8221; global_colors_info=&#8221;{}&#8221;][et_pb_text _builder_version=&#8221;4.25.2&#8243; _module_preset=&#8221;default&#8221; hover_enabled=&#8221;0&#8243; global_colors_info=&#8221;{}&#8221; sticky_enabled=&#8221;0&#8243;]<\/p>\n<h1 style=\"text-align: left;\"><strong>2020<\/strong><\/h1>\n<p><span><a href=\"https:\/\/prvi-vfc.org\/web\/wp-content\/uploads\/2024\/07\/CERTIFICADO-DE-REGISTRO-2020.pdf\" target=\"_blank\" rel=\"noopener\"><strong>CERTIFICADO DE REGISTRO<\/strong><\/a><\/span><\/p>\n<p><span><a href=\"https:\/\/prvi-vfc.org\/web\/wp-content\/uploads\/2024\/07\/CERTIFICADO-DE-INCORPORACION-2020.pdf\" target=\"_blank\" rel=\"noopener\"><strong>CERTIFICADO DE INCORPORACION<\/strong><\/a><\/span><\/p>\n<p><span><a href=\"https:\/\/prvi-vfc.org\/web\/wp-content\/uploads\/2024\/07\/CERTIFICADO-DE-CUMPLIMIENTO-2020.pdf\" target=\"_blank\" rel=\"noopener\"><strong>CERTIFICADO DE CUMPLIMIENTO<\/strong><\/a><\/span><\/p>\n<p><span><a href=\"https:\/\/prvi-vfc.org\/web\/wp-content\/uploads\/2024\/07\/ENCUESTA-DE-DATOS-2020.pdf\" target=\"_blank\" rel=\"noopener\"><strong>ENCUESTA DE DATOS<\/strong><\/a><\/span><\/p>\n<p><span><a href=\"https:\/\/prvi-vfc.org\/web\/wp-content\/uploads\/2024\/07\/INFORME-ANUAL-2020.pdf\" target=\"_blank\" rel=\"noopener\"><strong>INFORME ANUAL<\/strong><\/a><\/span><\/p>\n<p><span><a href=\"https:\/\/prvi-vfc.org\/web\/wp-content\/uploads\/2024\/07\/RECIBO-DE-PAGO-2020.pdf\" target=\"_blank\" rel=\"noopener\"><strong>RECIBO DE PAGO<\/strong><\/a><\/span><\/p>\n<p>[\/et_pb_text][\/et_pb_column][et_pb_column type=&#8221;1_5&#8243; _builder_version=&#8221;4.25.2&#8243; _module_preset=&#8221;default&#8221; global_colors_info=&#8221;{}&#8221;][et_pb_text _builder_version=&#8221;4.25.2&#8243; _module_preset=&#8221;default&#8221; hover_enabled=&#8221;0&#8243; global_colors_info=&#8221;{}&#8221; sticky_enabled=&#8221;0&#8243;]<\/p>\n<h1><strong><span>2021<\/span><\/strong><\/h1>\n<p><span><a href=\"https:\/\/prvi-vfc.org\/web\/wp-content\/uploads\/2024\/07\/CERTIFICADO-DE-CUMPLIMIENTO-2021.pdf\" target=\"_blank\" rel=\"noopener\"><strong>CERTIFICADO DE CUMPLIMIENTO<\/strong><\/a><\/span><\/p>\n<p><span><a href=\"https:\/\/prvi-vfc.org\/web\/wp-content\/uploads\/2024\/07\/ENCUESTA-DE-DATOS-2021.pdf\" target=\"_blank\" rel=\"noopener\"><strong>ENCUESTA DE DATOS<\/strong><\/a><\/span><\/p>\n<p><span><a href=\"https:\/\/prvi-vfc.org\/web\/wp-content\/uploads\/2024\/07\/INFORME-ANUAL-2021.pdf\" target=\"_blank\" rel=\"noopener\"><strong>INFORME ANUAL<\/strong><\/a><\/span><\/p>\n<p><span><a href=\"https:\/\/prvi-vfc.org\/web\/wp-content\/uploads\/2024\/07\/RECIBO-DE-PAGO-2021.pdf\" target=\"_blank\" rel=\"noopener\"><strong>RECIBO DE PAGO<\/strong><\/a><\/span><\/p>\n<p>[\/et_pb_text][\/et_pb_column][et_pb_column type=&#8221;1_5&#8243; _builder_version=&#8221;4.25.2&#8243; _module_preset=&#8221;default&#8221; global_colors_info=&#8221;{}&#8221;][et_pb_text _builder_version=&#8221;4.25.2&#8243; _module_preset=&#8221;default&#8221; hover_enabled=&#8221;0&#8243; global_colors_info=&#8221;{}&#8221; sticky_enabled=&#8221;0&#8243;]<\/p>\n<h1><strong><span>2022<\/span><\/strong><\/h1>\n<p><span><a href=\"https:\/\/prvi-vfc.org\/web\/wp-content\/uploads\/2024\/07\/CERTIFICADO-DE-CUMPLIMIENTO-2022.pdf\" target=\"_blank\" rel=\"noopener\"><strong>CERTIFICADO DE CUMPLIMIENTO<\/strong><\/a><\/span><\/p>\n<p><span><a href=\"https:\/\/prvi-vfc.org\/web\/wp-content\/uploads\/2024\/07\/ENCUESTA-DE-DATOS-2022.pdf\" target=\"_blank\" rel=\"noopener\"><strong>ENCUESTA DE DATOS<\/strong><\/a><\/span><\/p>\n<p><span><a href=\"https:\/\/prvi-vfc.org\/web\/wp-content\/uploads\/2024\/07\/INFORME-ANUAL-2022.pdf\" target=\"_blank\" rel=\"noopener\"><strong>INFORME ANUAL<\/strong><\/a><\/span><\/p>\n<p><span><a href=\"https:\/\/prvi-vfc.org\/web\/wp-content\/uploads\/2024\/07\/RECIBO-DE-PAGO-2022.pdf\" target=\"_blank\" rel=\"noopener\"><strong>RECIBO DE PAGO<\/strong><\/a><\/span><\/p>\n<p>[\/et_pb_text][\/et_pb_column][et_pb_column type=&#8221;1_5&#8243; _builder_version=&#8221;4.25.2&#8243; _module_preset=&#8221;default&#8221; global_colors_info=&#8221;{}&#8221;][et_pb_text _builder_version=&#8221;4.25.2&#8243; _module_preset=&#8221;default&#8221; hover_enabled=&#8221;0&#8243; global_colors_info=&#8221;{}&#8221; sticky_enabled=&#8221;0&#8243;]<\/p>\n<h1><strong>2023<\/strong><\/h1>\n<p><span><a href=\"https:\/\/prvi-vfc.org\/web\/wp-content\/uploads\/2024\/07\/CERTIFICADO-DE-CUMPLIMIENTO-2023.pdf\" target=\"_blank\" rel=\"noopener\"><strong>CERTIFICADO DE CUMPLIMIENTO<\/strong><\/a><\/span><\/p>\n<p><span><a href=\"https:\/\/prvi-vfc.org\/web\/wp-content\/uploads\/2024\/07\/ENCUESTA-DE-DATOS-2023.pdf\" target=\"_blank\" rel=\"noopener\"><strong>ENCUESTA DE DATOS<\/strong><\/a><\/span><\/p>\n<p><span><a href=\"https:\/\/prvi-vfc.org\/web\/wp-content\/uploads\/2024\/07\/INFORME-ANUAL-2023.pdf\" target=\"_blank\" rel=\"noopener\"><strong>INFORME ANUAL<\/strong><\/a><\/span><\/p>\n<p><span><a href=\"https:\/\/prvi-vfc.org\/web\/wp-content\/uploads\/2024\/07\/RECIBO-DE-PAGO-2023.pdf\" target=\"_blank\" rel=\"noopener\"><strong>RECIBO DE PAGO<\/strong><\/a><\/span><\/p>\n<p>[\/et_pb_text][\/et_pb_column][et_pb_column type=&#8221;1_5&#8243; _builder_version=&#8221;4.25.2&#8243; _module_preset=&#8221;default&#8221; global_colors_info=&#8221;{}&#8221;][et_pb_text _builder_version=&#8221;4.25.2&#8243; _module_preset=&#8221;default&#8221; hover_enabled=&#8221;0&#8243; global_colors_info=&#8221;{}&#8221; sticky_enabled=&#8221;0&#8243;]<\/p>\n<h1><strong>2024<\/strong><\/h1>\n<p><span><a href=\"https:\/\/prvi-vfc.org\/wp-content\/uploads\/2023\/01\/CERTIFICADO-DE-CUMPLIMIENTO-2023.pdf\"><strong>CERTIFICADO DE CUMPLIMIENTO<\/strong><\/a><\/span><\/p>\n<p><a href=\"https:\/\/prvi-vfc.org\/web\/wp-content\/uploads\/2025\/05\/ENCUESTA-DE-DATOS-2024.pdf\" target=\"_blank\" rel=\"noopener\"><strong>ENCUESTA DE DATOS<\/strong><\/a><\/p>\n<p><a href=\"https:\/\/prvi-vfc.org\/web\/wp-content\/uploads\/2025\/05\/INFORME-ANUAL-2024.pdf\" target=\"_blank\" rel=\"noopener\"><strong>INFORME ANUAL<\/strong><\/a><\/p>\n<p><span><a href=\"https:\/\/prvi-vfc.org\/web\/wp-content\/uploads\/2024\/07\/RECIBO-DE-PAGO-2024.pdf\" target=\"_blank\" rel=\"noopener\"><strong>RECIBO DE PAGO<\/strong><\/a><\/span><\/p>\n<p>[\/et_pb_text][\/et_pb_column][\/et_pb_row][et_pb_row column_structure=&#8221;1_5,1_5,1_5,1_5,1_5&#8243; _builder_version=&#8221;4.25.2&#8243; _module_preset=&#8221;default&#8221; animation_style=&#8221;zoom&#8221; animation_duration=&#8221;1250ms&#8221; animation_intensity_zoom=&#8221;12%&#8221; global_colors_info=&#8221;{}&#8221;][et_pb_column type=&#8221;1_5&#8243; _builder_version=&#8221;4.25.2&#8243; _module_preset=&#8221;default&#8221; global_colors_info=&#8221;{}&#8221;][et_pb_text _builder_version=&#8221;4.25.2&#8243; _module_preset=&#8221;default&#8221; hover_enabled=&#8221;0&#8243; global_colors_info=&#8221;{}&#8221; sticky_enabled=&#8221;0&#8243;]<\/p>\n<h1><strong>2025<\/strong><\/h1>\n<p><span><a href=\"https:\/\/prvi-vfc.org\/web\/wp-content\/uploads\/2025\/05\/CERTIFICADO-DE-CUMPLIMIENTO-2025.pdf\" target=\"_blank\" rel=\"noopener\"><strong>CERTIFICADO DE CUMPLIMIENTO<\/strong><\/a><\/span><\/p>\n<p><span style=\"color: #000ea8;\"><a href=\"https:\/\/prvi-vfc.org\/web\/wp-content\/uploads\/2026\/03\/ENCUESTA-DE-DATOS-ECONOMICOS-2025.pdf\" style=\"color: #000ea8;\"><strong>ENCUESTA DE DATOS<\/strong><\/a><\/span><\/p>\n<p><span style=\"color: #000000;\"><strong><a href=\"https:\/\/prvi-vfc.org\/web\/wp-content\/uploads\/2026\/03\/INFORME-ANUAL-2025.pdf\">iNFORME ANUAL<\/a><\/strong><\/span><\/p>\n<p><span><a href=\"https:\/\/prvi-vfc.org\/web\/wp-content\/uploads\/2025\/05\/RECIBO-DE-PAGO-2025.pdf\" target=\"_blank\" rel=\"noopener\"><strong>RECIBO DE PAGO<\/strong><\/a><\/span><\/p>\n<p>&nbsp;<\/p>\n<p>[\/et_pb_text][\/et_pb_column][et_pb_column type=&#8221;1_5&#8243; _builder_version=&#8221;4.25.2&#8243; _module_preset=&#8221;default&#8221; global_colors_info=&#8221;{}&#8221;][et_pb_text _builder_version=&#8221;4.25.2&#8243; _module_preset=&#8221;default&#8221; min_height=&#8221;519.6px&#8221; custom_padding=&#8221;||5px|||&#8221; hover_enabled=&#8221;0&#8243; global_colors_info=&#8221;{}&#8221; sticky_enabled=&#8221;0&#8243;]<\/p>\n<h1><strong>2026<\/strong><\/h1>\n<p><span><a href=\"https:\/\/prvi-vfc.org\/web\/wp-content\/uploads\/2026\/03\/CERTIFICADO-DE-CUMPLIMIENTO-2026.pdf\" target=\"_blank\" rel=\"noopener\"><strong>CERTIFICADO DE CUMPLIMIENTO<\/strong><\/a><\/span><\/p>\n<p><span style=\"color: #000000;\"><strong>ENCUESTA DE DATOS<\/strong><\/span><\/p>\n<p><span style=\"color: #000000;\">(Se realizar\u00e1 cuando el Departamento de Estado env\u00ede por correo electr\u00f3nico el aviso para completar la encuesta).<\/span><\/p>\n<p><span style=\"color: #000000;\"><strong>INFORME ANUAL<\/strong><\/span><\/p>\n<p><span style=\"color: #000000;\">(Se realizar\u00e1 cuando el Departamento de Estado env\u00ede por correo electr\u00f3nico el aviso para completar el informe anual).<\/span><\/p>\n<p><span><a href=\"https:\/\/prvi-vfc.org\/web\/wp-content\/uploads\/2026\/03\/RECIBO-DE-PAGO-2025.pdf\" target=\"_blank\" rel=\"noopener\"><strong>RECIBO DE PAGO<\/strong><\/a><\/span><\/p>\n<p>[\/et_pb_text][\/et_pb_column][et_pb_column type=&#8221;1_5&#8243; _builder_version=&#8221;4.25.2&#8243; _module_preset=&#8221;default&#8221; global_colors_info=&#8221;{}&#8221;][\/et_pb_column][et_pb_column type=&#8221;1_5&#8243; _builder_version=&#8221;4.25.2&#8243; _module_preset=&#8221;default&#8221; global_colors_info=&#8221;{}&#8221;][\/et_pb_column][et_pb_column type=&#8221;1_5&#8243; _builder_version=&#8221;4.25.2&#8243; _module_preset=&#8221;default&#8221; global_colors_info=&#8221;{}&#8221;][\/et_pb_column][\/et_pb_row][et_pb_row _builder_version=&#8221;4.25.2&#8243; _module_preset=&#8221;default&#8221; global_colors_info=&#8221;{}&#8221;][et_pb_column type=&#8221;4_4&#8243; _builder_version=&#8221;4.25.2&#8243; _module_preset=&#8221;default&#8221; global_colors_info=&#8221;{}&#8221;][et_pb_text _builder_version=&#8221;4.25.2&#8243; _module_preset=&#8221;default&#8221; animation_style=&#8221;zoom&#8221; animation_duration=&#8221;1250ms&#8221; animation_intensity_zoom=&#8221;11%&#8221; text_text_shadow_style=&#8221;preset3&#8243; text_text_shadow_color=&#8221;#0C71C3&#8243; global_colors_info=&#8221;{}&#8221;]<\/p>\n<h2 style=\"text-align: center;\"><strong><span style=\"color: #000080;\">Derechos Reservados 2026<\/span><span>\u00a0<\/span><span style=\"color: #ff0000;\">PRVIVFC<\/span><\/strong><\/h2>\n<p>[\/et_pb_text][\/et_pb_column][\/et_pb_row][\/et_pb_section]<\/p>\n","protected":false},"excerpt":{"rendered":"<p>Rendimiento al Departamento de Estado 2020 &#8211; Presente\u00a0 El\u00a0PRVIVFC\u00a0se registr\u00f3 por tercera vez en el\u00a0Departamento de Estado para el a\u00f1o 2020 hasta el presente\u00a0con el n\u00famero de registro\u00a0454441\u00a0por el\u00a0Sr. Julio D\u00edaz Santiago KP3JD, el Sr. Iv\u00e1n Valent\u00edn KP3IV\u00a0y Sr. Juan Sep\u00falveda KP3CR2020 CERTIFICADO DE REGISTRO CERTIFICADO DE INCORPORACION CERTIFICADO DE CUMPLIMIENTO ENCUESTA DE DATOS INFORME [&hellip;]<\/p>\n","protected":false},"author":2,"featured_media":0,"parent":0,"menu_order":0,"comment_status":"closed","ping_status":"closed","template":"","meta":{"_et_pb_use_builder":"on","_et_pb_old_content":"","_et_gb_content_width":"","footnotes":""},"class_list":["post-230739","page","type-page","status-publish","hentry"],"_links":{"self":[{"href":"https:\/\/prvi-vfc.org\/web\/wp-json\/wp\/v2\/pages\/230739","targetHints":{"allow":["GET"]}}],"collection":[{"href":"https:\/\/prvi-vfc.org\/web\/wp-json\/wp\/v2\/pages"}],"about":[{"href":"https:\/\/prvi-vfc.org\/web\/wp-json\/wp\/v2\/types\/page"}],"author":[{"embeddable":true,"href":"https:\/\/prvi-vfc.org\/web\/wp-json\/wp\/v2\/users\/2"}],"replies":[{"embeddable":true,"href":"https:\/\/prvi-vfc.org\/web\/wp-json\/wp\/v2\/comments?post=230739"}],"version-history":[{"count":15,"href":"https:\/\/prvi-vfc.org\/web\/wp-json\/wp\/v2\/pages\/230739\/revisions"}],"predecessor-version":[{"id":231458,"href":"https:\/\/prvi-vfc.org\/web\/wp-json\/wp\/v2\/pages\/230739\/revisions\/231458"}],"wp:attachment":[{"href":"https:\/\/prvi-vfc.org\/web\/wp-json\/wp\/v2\/media?parent=230739"}],"curies":[{"name":"wp","href":"https:\/\/api.w.org\/{rel}","templated":true}]}}