{"id":230183,"date":"2025-04-01T01:16:35","date_gmt":"2025-04-01T01:16:35","guid":{"rendered":"https:\/\/prvi-vfc.org\/web\/?page_id=230183"},"modified":"2026-04-16T10:28:43","modified_gmt":"2026-04-16T10:28:43","slug":"la-parte-97-del-reglamento-de-la-fcc","status":"publish","type":"page","link":"https:\/\/prvi-vfc.org\/web\/la-parte-97-del-reglamento-de-la-fcc\/","title":{"rendered":"La Parte 97 del reglamento de la FCC"},"content":{"rendered":"<p>[et_pb_section fb_built=&#8221;1&#8243; _builder_version=&#8221;4.25.2&#8243; _module_preset=&#8221;default&#8221; custom_padding=&#8221;14px||7px|||&#8221; global_colors_info=&#8221;{}&#8221;][et_pb_row _builder_version=&#8221;4.25.2&#8243; _module_preset=&#8221;default&#8221; global_colors_info=&#8221;{}&#8221; custom_padding=&#8221;||25px|||&#8221;][et_pb_column type=&#8221;4_4&#8243; _builder_version=&#8221;4.25.2&#8243; _module_preset=&#8221;default&#8221; global_colors_info=&#8221;{}&#8221;][et_pb_text _builder_version=&#8221;4.25.2&#8243; _module_preset=&#8221;default&#8221; text_font=&#8221;Mandali||||||||&#8221; animation_style=&#8221;zoom&#8221; animation_intensity_zoom=&#8221;11%&#8221; text_text_shadow_style=&#8221;preset3&#8243; text_text_shadow_color=&#8221;#0C71C3&#8243; global_colors_info=&#8221;{}&#8221; custom_padding=&#8221;||0px|||&#8221;]<\/p>\n<h1 style=\"text-align: center;\"><span style=\"color: #333399;\"><strong>La Parte 97 Servicio de Radioaficionados\u00a0<\/strong><\/span><\/h1>\n<p>[\/et_pb_text][\/et_pb_column][\/et_pb_row][et_pb_row _builder_version=&#8221;4.25.2&#8243; _module_preset=&#8221;default&#8221; custom_padding=&#8221;0px|||||&#8221; global_colors_info=&#8221;{}&#8221; custom_margin=&#8221;6px|auto||auto||&#8221;][et_pb_column type=&#8221;4_4&#8243; _builder_version=&#8221;4.25.2&#8243; _module_preset=&#8221;default&#8221; global_colors_info=&#8221;{}&#8221;][et_pb_image src=&#8221;https:\/\/prvi-vfc.org\/web\/wp-content\/uploads\/2026\/04\/Emblema-del-servicio-de-radioaficionados.png&#8221; url=&#8221;https:\/\/prvi-vfc.org\/web\/wp-content\/uploads\/2025\/04\/El-reglamento-de-la-Parte-97-traducido-por-WP4AKF.pdf&#8221; url_new_window=&#8221;on&#8221; align=&#8221;center&#8221; _builder_version=&#8221;4.25.2&#8243; _module_preset=&#8221;default&#8221; width=&#8221;30%&#8221; max_width=&#8221;30%&#8221; min_height=&#8221;372px&#8221; custom_margin=&#8221;-63px||7px|||&#8221; custom_padding=&#8221;30px|0px|0px|||&#8221; animation_style=&#8221;zoom&#8221; global_colors_info=&#8221;{}&#8221;][\/et_pb_image][et_pb_text _builder_version=&#8221;4.25.2&#8243; _module_preset=&#8221;default&#8221; custom_margin=&#8221;-61px|||||&#8221; animation_style=&#8221;zoom&#8221; animation_intensity_zoom=&#8221;8%&#8221; global_colors_info=&#8221;{}&#8221;]<\/p>\n<h3 style=\"text-align: center;\"><span style=\"text-decoration: underline;\"><strong>Nota:<\/strong><\/span> El radioaficionado que desee la copia de la Parte 97 dar un clic a la imagen<\/h3>\n<p>[\/et_pb_text][\/et_pb_column][\/et_pb_row][et_pb_row _builder_version=&#8221;4.25.2&#8243; _module_preset=&#8221;default&#8221; custom_margin=&#8221;-6px|auto|34px|auto||&#8221; custom_padding=&#8221;7px||35px|||&#8221; global_colors_info=&#8221;{}&#8221;][et_pb_column type=&#8221;4_4&#8243; _builder_version=&#8221;4.25.2&#8243; _module_preset=&#8221;default&#8221; global_colors_info=&#8221;{}&#8221;][et_pb_text _builder_version=&#8221;4.25.2&#8243; _module_preset=&#8221;default&#8221; text_font=&#8221;Mandali||||||||&#8221; text_font_size=&#8221;17px&#8221; custom_margin=&#8221;-10px||57px|||&#8221; custom_padding=&#8221;0px|||||&#8221; animation_style=&#8221;zoom&#8221; animation_intensity_zoom=&#8221;7%&#8221; global_colors_info=&#8221;{}&#8221;]<\/p>\n<div class=\"WaaZC\">\n<div class=\"RJPOee EIJn2\">\n<h2 class=\"rPeykc\" data-hveid=\"CAQQAQ\" data-ved=\"2ahUKEwi_ycbv1bWMAxVLEVkFHQCfCgoQo_EKegQIBBAB\"><\/h2>\n<\/div>\n<\/div>\n<div class=\"RJPOee EIJn2\">\n<p data-start=\"0\" data-end=\"299\">La <strong data-start=\"3\" data-end=\"15\">Parte 97<\/strong> de las regulaciones de la <strong data-start=\"42\" data-end=\"85\">FCC (Federal Communications Commission)<\/strong> es el conjunto de reglas que rige el <strong data-start=\"123\" data-end=\"177\">Servicio de Radioaficionados en los Estados Unidos<\/strong>. Estas regulaciones establecen las normas y requisitos para la operaci\u00f3n de estaciones de radioaficionados, incluyendo:<\/p>\n<p data-start=\"301\" data-end=\"1132\">\ud83d\udd39 <strong data-start=\"304\" data-end=\"332\">Prop\u00f3sito y definiciones<\/strong> \u2013 Explica los objetivos del servicio, como la experimentaci\u00f3n t\u00e9cnica, el autoaprendizaje y la ayuda en emergencias.<br data-start=\"449\" data-end=\"452\" \/>\ud83d\udd39 <strong data-start=\"455\" data-end=\"485\">Licencias y calificaciones<\/strong> \u2013 Define los diferentes tipos de licencias (T\u00e9cnico, General y Extra) y los requisitos para obtenerlas.<br data-start=\"589\" data-end=\"592\" \/>\ud83d\udd39 <strong data-start=\"595\" data-end=\"619\">Privilegios y bandas<\/strong> \u2013 Establece en qu\u00e9 frecuencias pueden operar los radioaficionados seg\u00fan su clase de licencia.<br data-start=\"713\" data-end=\"716\" \/>\ud83d\udd39 <strong data-start=\"719\" data-end=\"742\">Normas de operaci\u00f3n<\/strong> \u2013 Regula identificaciones de estaciones, uso de se\u00f1ales de llamada, restricciones de contenido y potencia m\u00e1xima permitida.<br data-start=\"866\" data-end=\"869\" \/>\ud83d\udd39 <strong data-start=\"872\" data-end=\"894\">Uso en emergencias<\/strong> \u2013 Especifica c\u00f3mo los radioaficionados pueden participar en comunicaciones de emergencia y auxilio.<br data-start=\"994\" data-end=\"997\" \/>\ud83d\udd39 <strong data-start=\"1000\" data-end=\"1053\">Reglas sobre repetidores y estaciones autom\u00e1ticas<\/strong> \u2013 Define c\u00f3mo deben operar los repetidores y otras estaciones automatizadas.<\/p>\n<p data-start=\"264\" data-end=\"412\">La Parte 97 de la FCC establece las normas bajo las cuales operan los radioaficionados. A continuaci\u00f3n, te presento las secciones m\u00e1s importantes:<\/p>\n<hr data-start=\"414\" data-end=\"417\" class=\"\" \/>\n<p data-start=\"419\" data-end=\"482\"><strong data-start=\"423\" data-end=\"482\">1\ufe0f\u20e3 Subparte A \u2013 Disposiciones Generales (97.1 &#8211; 97.23)<\/strong><\/p>\n<p data-start=\"483\" data-end=\"735\">Define los principios del Servicio de Radioaficionados, tales como:<br data-start=\"550\" data-end=\"553\" \/>\u2705 Fomentar la experimentaci\u00f3n t\u00e9cnica.<br data-start=\"591\" data-end=\"594\" \/>\u2705 Desarrollar habilidades operativas.<br data-start=\"631\" data-end=\"634\" \/>\u2705 Proporcionar comunicaciones en caso de emergencias.<br data-start=\"687\" data-end=\"690\" \/>\u2705 Promover la buena voluntad internacional.<\/p>\n<p data-start=\"737\" data-end=\"845\">Tambi\u00e9n cubre temas como definiciones b\u00e1sicas y restricciones sobre qui\u00e9nes pueden operar en estas bandas.<\/p>\n<hr data-start=\"847\" data-end=\"850\" class=\"\" \/>\n<p data-start=\"852\" data-end=\"942\"><strong data-start=\"856\" data-end=\"940\">2\ufe0f\u20e3 Subparte B \u2013 Estaciones en el Servicio de Radioaficionados (97.101 &#8211; 97.123)<\/strong><\/p>\n<p data-start=\"943\" data-end=\"984\">\ud83d\udce1 <strong data-start=\"946\" data-end=\"982\">Principios b\u00e1sicos de operaci\u00f3n:<\/strong><\/p>\n<ul data-start=\"985\" data-end=\"1181\">\n<li data-start=\"985\" data-end=\"1093\" class=\"\">\n<p data-start=\"987\" data-end=\"1093\">Se permite el uso de cualquier modo de transmisi\u00f3n legal, siempre que no interfiera con otros servicios.<\/p>\n<\/li>\n<li data-start=\"1094\" data-end=\"1181\" class=\"\">\n<p data-start=\"1096\" data-end=\"1181\">Se debe operar de manera cooperativa, sin causar interferencia intencional a otros.<\/p>\n<\/li>\n<\/ul>\n<p data-start=\"1183\" data-end=\"1223\">\ud83c\udf99\ufe0f <strong data-start=\"1187\" data-end=\"1221\">Identificaci\u00f3n de la estaci\u00f3n:<\/strong><\/p>\n<ul data-start=\"1224\" data-end=\"1434\">\n<li data-start=\"1224\" data-end=\"1342\" class=\"\">\n<p data-start=\"1226\" data-end=\"1342\">Es obligatorio identificarse con el indicativo asignado por la FCC cada 10 minutos y al final de cada transmisi\u00f3n.<\/p>\n<\/li>\n<li data-start=\"1343\" data-end=\"1434\" class=\"\">\n<p data-start=\"1345\" data-end=\"1434\">Se permite el uso de fon\u00eda, c\u00f3digo Morse (CW) o modos digitales para la identificaci\u00f3n.<\/p>\n<\/li>\n<\/ul>\n<p data-start=\"1436\" data-end=\"1468\">\ud83d\udce1 <strong data-start=\"1439\" data-end=\"1466\">Control de la estaci\u00f3n:<\/strong><\/p>\n<ul data-start=\"1469\" data-end=\"1635\">\n<li data-start=\"1469\" data-end=\"1551\" class=\"\">\n<p data-start=\"1471\" data-end=\"1551\">Puede ser operada directamente por un licenciatario o mediante control remoto.<\/p>\n<\/li>\n<li data-start=\"1552\" data-end=\"1635\" class=\"\">\n<p data-start=\"1554\" data-end=\"1635\">Tambi\u00e9n se establecen regulaciones para estaciones automatizadas y repetidores.<\/p>\n<\/li>\n<\/ul>\n<p data-start=\"1637\" data-end=\"1660\">\ud83d\udeab <strong data-start=\"1640\" data-end=\"1658\">Prohibiciones:<\/strong><\/p>\n<ul data-start=\"1661\" data-end=\"1855\">\n<li data-start=\"1661\" data-end=\"1740\" class=\"\">\n<p data-start=\"1663\" data-end=\"1740\">No se permite el uso de la radioafici\u00f3n con fines comerciales o lucrativos.<\/p>\n<\/li>\n<li data-start=\"1741\" data-end=\"1855\" class=\"\">\n<p data-start=\"1743\" data-end=\"1855\">Est\u00e1 prohibida la transmisi\u00f3n de m\u00fasica, mensajes codificados para ocultar su significado y contenido obsceno.<\/p>\n<\/li>\n<\/ul>\n<hr data-start=\"1857\" data-end=\"1860\" class=\"\" \/>\n<p data-start=\"1862\" data-end=\"1933\"><strong data-start=\"1866\" data-end=\"1931\">3\ufe0f\u20e3 Subparte C \u2013 Privilegios de la Estaci\u00f3n (97.201 &#8211; 97.221)<\/strong><\/p>\n<p data-start=\"1934\" data-end=\"1955\">\ud83d\udce1 <strong data-start=\"1937\" data-end=\"1953\">Repetidores:<\/strong><\/p>\n<ul data-start=\"1956\" data-end=\"2108\">\n<li data-start=\"1956\" data-end=\"2026\" class=\"\">\n<p data-start=\"1958\" data-end=\"2026\">Se definen las bandas y las potencias permitidas para repetidores.<\/p>\n<\/li>\n<li data-start=\"2027\" data-end=\"2108\" class=\"\">\n<p data-start=\"2029\" data-end=\"2108\">Se establecen las regulaciones para estaciones autom\u00e1ticas y nodos digitales.<\/p>\n<\/li>\n<\/ul>\n<p data-start=\"2110\" data-end=\"2150\">\ud83d\udef0\ufe0f <strong data-start=\"2114\" data-end=\"2148\">Sat\u00e9lites de radioaficionados:<\/strong><\/p>\n<ul data-start=\"2151\" data-end=\"2251\">\n<li data-start=\"2151\" data-end=\"2251\" class=\"\">\n<p data-start=\"2153\" data-end=\"2251\">Reglas para la operaci\u00f3n de estaciones en \u00f3rbita, incluyendo los procedimientos de coordinaci\u00f3n.<\/p>\n<\/li>\n<\/ul>\n<p data-start=\"2253\" data-end=\"2283\">\ud83d\udd27 <strong data-start=\"2256\" data-end=\"2281\">Modos experimentales:<\/strong><\/p>\n<ul data-start=\"2284\" data-end=\"2371\">\n<li data-start=\"2284\" data-end=\"2371\" class=\"\">\n<p data-start=\"2286\" data-end=\"2371\">Se permite el uso de tecnolog\u00eda experimental, pero debe cumplir con ciertas normas.<\/p>\n<\/li>\n<\/ul>\n<hr data-start=\"2373\" data-end=\"2376\" class=\"\" \/>\n<p data-start=\"2378\" data-end=\"2472\"><strong data-start=\"2382\" data-end=\"2470\">4\ufe0f\u20e3 Subparte D \u2013 Calificaciones para Licencias de Radioaficionados (97.301 &#8211; 97.325)<\/strong><\/p>\n<p data-start=\"2473\" data-end=\"2501\">\ud83d\udcdc <strong data-start=\"2476\" data-end=\"2499\">Clases de licencia:<\/strong><\/p>\n<ul data-start=\"2502\" data-end=\"2679\">\n<li data-start=\"2502\" data-end=\"2571\" class=\"\">\n<p data-start=\"2504\" data-end=\"2571\"><strong data-start=\"2504\" data-end=\"2516\">T\u00e9cnico:<\/strong> Acceso limitado a VHF\/UHF y algunas porciones de HF.<\/p>\n<\/li>\n<li data-start=\"2572\" data-end=\"2611\" class=\"\">\n<p data-start=\"2574\" data-end=\"2611\"><strong data-start=\"2574\" data-end=\"2586\">General:<\/strong> M\u00e1s privilegios en HF.<\/p>\n<\/li>\n<li data-start=\"2612\" data-end=\"2679\" class=\"\">\n<p data-start=\"2614\" data-end=\"2679\"><strong data-start=\"2614\" data-end=\"2624\">Extra:<\/strong> Acceso total a todas las bandas de radioaficionados.<\/p>\n<\/li>\n<\/ul>\n<p data-start=\"2681\" data-end=\"2712\">\ud83d\udcc5 <strong data-start=\"2684\" data-end=\"2710\">Renovaci\u00f3n y ex\u00e1menes:<\/strong><\/p>\n<ul data-start=\"2713\" data-end=\"2856\">\n<li data-start=\"2713\" data-end=\"2755\" class=\"\">\n<p data-start=\"2715\" data-end=\"2755\">Las licencias son v\u00e1lidas por 10 a\u00f1os.<\/p>\n<\/li>\n<li data-start=\"2756\" data-end=\"2856\" class=\"\">\n<p data-start=\"2758\" data-end=\"2856\">Los ex\u00e1menes son administrados por <strong data-start=\"2793\" data-end=\"2823\">Volunteers Examiners (VEs)<\/strong> bajo la supervisi\u00f3n de la FCC.<\/p>\n<\/li>\n<\/ul>\n<hr data-start=\"2858\" data-end=\"2861\" class=\"\" \/>\n<p data-start=\"2863\" data-end=\"2927\"><strong data-start=\"2867\" data-end=\"2925\">5\ufe0f\u20e3 Subparte E \u2013 Normas de Operaci\u00f3n (97.401 &#8211; 97.501)<\/strong><\/p>\n<p data-start=\"2928\" data-end=\"2956\">\u26a0\ufe0f <strong data-start=\"2931\" data-end=\"2954\">Uso en emergencias:<\/strong><\/p>\n<ul data-start=\"2957\" data-end=\"3163\">\n<li data-start=\"2957\" data-end=\"3075\" class=\"\">\n<p data-start=\"2959\" data-end=\"3075\">Los radioaficionados pueden transmitir fuera de sus privilegios si es necesario para proteger vidas y propiedades.<\/p>\n<\/li>\n<li data-start=\"3076\" data-end=\"3163\" class=\"\">\n<p data-start=\"3078\" data-end=\"3163\">Se permite la comunicaci\u00f3n con estaciones no radioaficionadas en casos de desastre.<\/p>\n<\/li>\n<\/ul>\n<p data-start=\"3165\" data-end=\"3194\">\ud83d\udccf <strong data-start=\"3168\" data-end=\"3192\">L\u00edmites de potencia:<\/strong><\/p>\n<ul data-start=\"3195\" data-end=\"3401\">\n<li data-start=\"3195\" data-end=\"3315\" class=\"\">\n<p data-start=\"3197\" data-end=\"3315\">En la mayor\u00eda de los casos, la potencia m\u00e1xima permitida es de <strong data-start=\"3260\" data-end=\"3279\">1500 vatios PEP<\/strong> (Potencia de Envolvente de Pico).<\/p>\n<\/li>\n<li data-start=\"3316\" data-end=\"3401\" class=\"\">\n<p data-start=\"3318\" data-end=\"3401\">Se recomienda utilizar la m\u00ednima potencia necesaria para establecer comunicaci\u00f3n.<\/p>\n<\/li>\n<\/ul>\n<p data-start=\"3403\" data-end=\"3438\">\ud83c\udf0e <strong data-start=\"3406\" data-end=\"3436\">Contactos internacionales:<\/strong><\/p>\n<ul data-start=\"3439\" data-end=\"3626\">\n<li data-start=\"3439\" data-end=\"3554\" class=\"\">\n<p data-start=\"3441\" data-end=\"3554\">Se permite la comunicaci\u00f3n con estaciones extranjeras siempre que no haya restricciones impuestas por tratados.<\/p>\n<\/li>\n<li data-start=\"3555\" data-end=\"3626\" class=\"\">\n<p data-start=\"3557\" data-end=\"3626\">No se puede realizar comunicaci\u00f3n con pa\u00edses prohibidos por la FCC.<\/p>\n<\/li>\n<\/ul>\n<hr data-start=\"3628\" data-end=\"3631\" class=\"\" \/>\n<p data-start=\"3655\" data-end=\"3895\">La <strong data-start=\"3658\" data-end=\"3670\">Parte 97<\/strong> es la base legal del servicio de radioaficionados en EE.UU. y cubre aspectos t\u00e9cnicos, operativos y administrativos. Si necesitas informaci\u00f3n m\u00e1s espec\u00edfica sobre alguna secci\u00f3n en particular de la Parte 97 del reglamento de la FCC se puede encontrar en el <span style=\"text-decoration: underline;\"><span style=\"color: #333399;\"><strong><a href=\"https:\/\/www.ecfr.gov\/current\/title-47\/chapter-I\/subchapter-D\/part-97\" target=\"_blank\" rel=\"noopener\" style=\"color: #333399; text-decoration: underline;\">Electronic Code of Federal Regulations (e-CFR).<span jscontroller=\"JHnpme\" class=\"pjBG2e\" data-cid=\"be11fc70-6b19-4460-973c-c1b5eed95aac\" jsaction=\"rcuQ6b:npT2md\"><span class=\"UV3uM\">\u00a0<\/span><\/span><\/a><\/strong><\/span><\/span><\/p>\n<\/div>\n<p>[\/et_pb_text][et_pb_text _builder_version=&#8221;4.25.2&#8243; _module_preset=&#8221;default&#8221; text_font=&#8221;Mandali||||||||&#8221; custom_margin=&#8221;-12px||35px|||&#8221; custom_padding=&#8221;||0px|||&#8221; animation_style=&#8221;zoom&#8221; animation_intensity_zoom=&#8221;11%&#8221; text_text_shadow_style=&#8221;preset3&#8243; text_text_shadow_color=&#8221;#0C71C3&#8243; global_colors_info=&#8221;{}&#8221;]<\/p>\n<h1 style=\"text-align: center;\"><span style=\"color: #333399;\"><strong>La Parte 97 Servicio de Radioaficionados\u00a0<\/strong><\/span><\/h1>\n<p>[\/et_pb_text][et_pb_image src=&#8221;https:\/\/prvi-vfc.org\/web\/wp-content\/uploads\/2025\/04\/PARTE-97.png&#8221; url=&#8221;https:\/\/prvi-vfc.org\/web\/wp-content\/uploads\/2025\/04\/El-reglamento-de-la-Parte-97-traducido-por-WP4AKF.pdf&#8221; url_new_window=&#8221;on&#8221; align=&#8221;center&#8221; _builder_version=&#8221;4.25.2&#8243; _module_preset=&#8221;default&#8221; width=&#8221;30%&#8221; max_width=&#8221;30%&#8221; min_height=&#8221;372px&#8221; animation_style=&#8221;zoom&#8221; animation_intensity_zoom=&#8221;9%&#8221; box_shadow_style=&#8221;preset1&#8243; box_shadow_blur=&#8221;38px&#8221; box_shadow_color=&#8221;#001d33&#8243; global_colors_info=&#8221;{}&#8221;][\/et_pb_image][\/et_pb_column][\/et_pb_row][\/et_pb_section]<\/p>\n","protected":false},"excerpt":{"rendered":"<p>La Parte 97 Servicio de Radioaficionados\u00a0Nota: El radioaficionado que desee la copia de la Parte 97 dar un clic a la imagen La Parte 97 de las regulaciones de la FCC (Federal Communications Commission) es el conjunto de reglas que rige el Servicio de Radioaficionados en los Estados Unidos. Estas regulaciones establecen las normas y [&hellip;]<\/p>\n","protected":false},"author":2,"featured_media":0,"parent":0,"menu_order":0,"comment_status":"closed","ping_status":"closed","template":"","meta":{"_et_pb_use_builder":"on","_et_pb_old_content":"","_et_gb_content_width":"","footnotes":""},"class_list":["post-230183","page","type-page","status-publish","hentry"],"_links":{"self":[{"href":"https:\/\/prvi-vfc.org\/web\/wp-json\/wp\/v2\/pages\/230183","targetHints":{"allow":["GET"]}}],"collection":[{"href":"https:\/\/prvi-vfc.org\/web\/wp-json\/wp\/v2\/pages"}],"about":[{"href":"https:\/\/prvi-vfc.org\/web\/wp-json\/wp\/v2\/types\/page"}],"author":[{"embeddable":true,"href":"https:\/\/prvi-vfc.org\/web\/wp-json\/wp\/v2\/users\/2"}],"replies":[{"embeddable":true,"href":"https:\/\/prvi-vfc.org\/web\/wp-json\/wp\/v2\/comments?post=230183"}],"version-history":[{"count":22,"href":"https:\/\/prvi-vfc.org\/web\/wp-json\/wp\/v2\/pages\/230183\/revisions"}],"predecessor-version":[{"id":231424,"href":"https:\/\/prvi-vfc.org\/web\/wp-json\/wp\/v2\/pages\/230183\/revisions\/231424"}],"wp:attachment":[{"href":"https:\/\/prvi-vfc.org\/web\/wp-json\/wp\/v2\/media?parent=230183"}],"curies":[{"name":"wp","href":"https:\/\/api.w.org\/{rel}","templated":true}]}}